{"id":998,"date":"2017-06-06T07:37:27","date_gmt":"2017-06-06T07:37:27","guid":{"rendered":"http:\/\/www.adlice.com\/partnership\/"},"modified":"2026-04-10T06:56:57","modified_gmt":"2026-04-10T06:56:57","slug":"partenariat","status":"publish","type":"page","link":"https:\/\/www.adlice.com\/fr\/partenariat\/","title":{"rendered":"Partenariat"},"content":{"rendered":"\n<p><strong>Si vous \u00eates un forum bien connu<\/strong>, un site d&#8217;h\u00e9bergement de logiciels, ou si vous souhaitez simplement distribuer nos produits, nous pouvons travailler ensemble. Rejoignez notre programme de partenariat !<\/p>\n\n\n\n<p><strong>Nous fournissons des identifiants d&#8217;affiliation<\/strong> aux entreprises souhaitant collaborer avec nous, et nous les r\u00e9compensons pour chaque licence vendue avec un cash-back (pourcentage \u00e0 d\u00e9finir, au cas par cas). Tout ce que vous avez \u00e0 faire est de <a href=\"https:\/\/adlice.trackdesk.com\/sign-up\">vous inscrire \u00e0 notre programme d&#8217;affiliation TrackDesk<\/a>.<\/p>\n\n\n\n<div style=\"height:41px\" aria-hidden=\"true\" class=\"wp-block-spacer\"><\/div>\n\n\n\n<p class=\"has-white-color has-accent-background-color has-text-color has-background\">Comment \u00e7a marche ?<\/p>\n\n\n\n<p>Tout d&#8217;abord, vous devez <a href=\"https:\/\/adlice.trackdesk.com\/sign-up\">cliquer ici et suivre les \u00e9tapes pour vous inscrire en tant qu&#8217;affili\u00e9<\/a>.<\/p>\n\n\n\n<p>Une fois cela fait, vous devez <strong>trouver l'(unique) offre que nous proposons<\/strong>, choisir le programme que vous souhaitez promouvoir et <strong>obtenir votre lien d&#8217;affiliation<\/strong>. Ensuite, placez ce lien o\u00f9 vous le souhaitez sur votre site web pour faire de la publicit\u00e9 aupr\u00e8s de vos visiteurs. Chaque fois qu&#8217;une personne <strong>effectue un achat via votre lien d&#8217;affiliation, vous recevrez une r\u00e9compense<\/strong> en argent.<\/p>\n\n\n\n<p>Dans votre espace affili\u00e9, vous trouverez \u00e9galement des cr\u00e9ations que vous pouvez utiliser. Elles sont con\u00e7ues pour \u00eatre plus engageantes que de simples liens. <strong>Lorsque vous atteignez un montant suffisant<\/strong>, l&#8217;argent est envoy\u00e9 sur le compte PayPal que vous avez d\u00e9fini dans votre section de facturation. Si vous avez besoin d&#8217;aide, <a href=\"https:\/\/www.adlice.com\/fr\/contact\/\">n&#8217;h\u00e9sitez pas \u00e0 nous contacter<\/a>.<\/p>\n\n\n\n<div style=\"height:32px\" aria-hidden=\"true\" class=\"wp-block-spacer\"><\/div>\n\n\n\n<figure class=\"wp-block-image size-large is-resized\"><img decoding=\"async\" width=\"1024\" height=\"637\" src=\"https:\/\/www.adlice.com\/wp-content\/uploads\/2025\/05\/2025-05-27-14_40_11-Offers-\u2013-Adlice-Software-1024x637.png\" alt=\"\" class=\"wp-image-151700\" style=\"width:902px;height:auto\" srcset=\"https:\/\/www.adlice.com\/wp-content\/uploads\/2025\/05\/2025-05-27-14_40_11-Offers-\u2013-Adlice-Software-1024x637.png 1024w, https:\/\/www.adlice.com\/wp-content\/uploads\/2025\/05\/2025-05-27-14_40_11-Offers-\u2013-Adlice-Software-300x187.png 300w, https:\/\/www.adlice.com\/wp-content\/uploads\/2025\/05\/2025-05-27-14_40_11-Offers-\u2013-Adlice-Software-320x199.png 320w, https:\/\/www.adlice.com\/wp-content\/uploads\/2025\/05\/2025-05-27-14_40_11-Offers-\u2013-Adlice-Software-480x299.png 480w, https:\/\/www.adlice.com\/wp-content\/uploads\/2025\/05\/2025-05-27-14_40_11-Offers-\u2013-Adlice-Software-800x498.png 800w, https:\/\/www.adlice.com\/wp-content\/uploads\/2025\/05\/2025-05-27-14_40_11-Offers-\u2013-Adlice-Software.png 1154w\" sizes=\"(max-width: 1024px) 100vw, 1024px\" \/><\/figure>\n","protected":false},"excerpt":{"rendered":"<p>Si vous \u00eates un forum bien connu, un site d&#8217;h\u00e9bergement de logiciels, ou si vous souhaitez simplement distribuer nos produits, nous pouvons travailler ensemble. Rejoignez notre programme de partenariat ! Nous fournissons des identifiants d&#8217;affiliation aux entreprises souhaitant collaborer avec nous, et nous les r\u00e9compensons pour chaque licence vendue avec un cash-back (pourcentage \u00e0 d\u00e9finir,&hellip;<\/p>\n","protected":false},"author":1,"featured_media":0,"parent":0,"menu_order":0,"comment_status":"closed","ping_status":"closed","template":"","meta":{"footnotes":""},"class_list":["post-998","page","type-page","status-publish","hentry","description-off"],"views":0,"featured_image_src":null,"yoast_head":"<!-- This site is optimized with the Yoast SEO plugin v27.1.1 - https:\/\/yoast.com\/product\/yoast-seo-wordpress\/ -->\n<title>Partenariat | Devenir un Affili\u00e9 \u2022 Adlice Software<\/title>\n<meta name=\"description\" content=\"Partagez votre int\u00e9r\u00eat pour Adlice Software, et soyez pay\u00e9 pour \u00e7a ! Rejoignez notre programme de partenariat, gagnez des \u20ac\u20ac\u20ac pour chaque commande pass\u00e9e.\" \/>\n<meta name=\"robots\" content=\"index, follow, max-snippet:-1, max-image-preview:large, max-video-preview:-1\" \/>\n<link rel=\"canonical\" href=\"https:\/\/www.adlice.com\/fr\/partenariat\/\" \/>\n<meta property=\"og:locale\" content=\"fr_FR\" \/>\n<meta property=\"og:type\" content=\"article\" \/>\n<meta property=\"og:title\" content=\"Partenariat | Devenir un Affili\u00e9 \u2022 Adlice Software\" \/>\n<meta property=\"og:description\" content=\"Partagez votre int\u00e9r\u00eat pour Adlice Software, et soyez pay\u00e9 pour \u00e7a ! Rejoignez notre programme de partenariat, gagnez des \u20ac\u20ac\u20ac pour chaque commande pass\u00e9e.\" \/>\n<meta property=\"og:url\" content=\"https:\/\/www.adlice.com\/fr\/partenariat\/\" \/>\n<meta property=\"og:site_name\" content=\"Adlice Software\" \/>\n<meta property=\"article:publisher\" content=\"https:\/\/www.facebook.com\/RogueKiller\" \/>\n<meta property=\"article:modified_time\" content=\"2026-04-10T06:56:57+00:00\" \/>\n<meta property=\"og:image\" content=\"https:\/\/www.adlice.com\/wp-content\/uploads\/2020\/05\/B1rTNpTG_400x40_10.png\" \/>\n\t<meta property=\"og:image:width\" content=\"276\" \/>\n\t<meta property=\"og:image:height\" content=\"276\" \/>\n\t<meta property=\"og:image:type\" content=\"image\/png\" \/>\n<meta name=\"twitter:card\" content=\"summary_large_image\" \/>\n<meta name=\"twitter:site\" content=\"@AdliceSoftware\" \/>\n<meta name=\"twitter:label1\" content=\"Dur\u00e9e de lecture estim\u00e9e\" \/>\n\t<meta name=\"twitter:data1\" content=\"2 minutes\" \/>\n<script type=\"application\/ld+json\" class=\"yoast-schema-graph\">{\"@context\":\"https:\/\/schema.org\",\"@graph\":[{\"@type\":\"WebPage\",\"@id\":\"https:\/\/www.adlice.com\/fr\/partenariat\/\",\"url\":\"https:\/\/www.adlice.com\/fr\/partenariat\/\",\"name\":\"Partenariat | Devenir un Affili\u00e9 \u2022 Adlice Software\",\"isPartOf\":{\"@id\":\"https:\/\/www.adlice.com\/fr\/#website\"},\"datePublished\":\"2017-06-06T07:37:27+00:00\",\"dateModified\":\"2026-04-10T06:56:57+00:00\",\"description\":\"Partagez votre int\u00e9r\u00eat pour Adlice Software, et soyez pay\u00e9 pour \u00e7a ! Rejoignez notre programme de partenariat, gagnez des \u20ac\u20ac\u20ac pour chaque commande pass\u00e9e.\",\"breadcrumb\":{\"@id\":\"https:\/\/www.adlice.com\/fr\/partenariat\/#breadcrumb\"},\"inLanguage\":\"fr-FR\",\"potentialAction\":[{\"@type\":\"ReadAction\",\"target\":[\"https:\/\/www.adlice.com\/fr\/partenariat\/\"]}]},{\"@type\":\"BreadcrumbList\",\"@id\":\"https:\/\/www.adlice.com\/fr\/partenariat\/#breadcrumb\",\"itemListElement\":[{\"@type\":\"ListItem\",\"position\":1,\"name\":\"Home\",\"item\":\"https:\/\/www.adlice.com\/fr\/\"},{\"@type\":\"ListItem\",\"position\":2,\"name\":\"Partenariat\"}]},{\"@type\":\"WebSite\",\"@id\":\"https:\/\/www.adlice.com\/fr\/#website\",\"url\":\"https:\/\/www.adlice.com\/fr\/\",\"name\":\"Adlice Software\",\"description\":\"Anti-malware and analysis tools\",\"publisher\":{\"@id\":\"https:\/\/www.adlice.com\/fr\/#organization\"},\"potentialAction\":[{\"@type\":\"SearchAction\",\"target\":{\"@type\":\"EntryPoint\",\"urlTemplate\":\"https:\/\/www.adlice.com\/fr\/?s={search_term_string}\"},\"query-input\":{\"@type\":\"PropertyValueSpecification\",\"valueRequired\":true,\"valueName\":\"search_term_string\"}}],\"inLanguage\":\"fr-FR\"},{\"@type\":\"Organization\",\"@id\":\"https:\/\/www.adlice.com\/fr\/#organization\",\"name\":\"Adlice Software\",\"url\":\"https:\/\/www.adlice.com\/fr\/\",\"logo\":{\"@type\":\"ImageObject\",\"inLanguage\":\"fr-FR\",\"@id\":\"https:\/\/www.adlice.com\/fr\/#\/schema\/logo\/image\/\",\"url\":\"https:\/\/www.adlice.com\/wp-content\/uploads\/2020\/05\/B1rTNpTG_400x40_10.png\",\"contentUrl\":\"https:\/\/www.adlice.com\/wp-content\/uploads\/2020\/05\/B1rTNpTG_400x40_10.png\",\"width\":276,\"height\":276,\"caption\":\"Adlice Software\"},\"image\":{\"@id\":\"https:\/\/www.adlice.com\/fr\/#\/schema\/logo\/image\/\"},\"sameAs\":[\"https:\/\/www.facebook.com\/RogueKiller\",\"https:\/\/x.com\/AdliceSoftware\",\"https:\/\/fr.linkedin.com\/company\/adlice-software\",\"https:\/\/www.youtube.com\/channel\/UC4CQ-gIZMGWxl-auf0QqYhQ\"]}]}<\/script>\n<!-- \/ Yoast SEO plugin. -->","yoast_head_json":{"title":"Partenariat | Devenir un Affili\u00e9 \u2022 Adlice Software","description":"Partagez votre int\u00e9r\u00eat pour Adlice Software, et soyez pay\u00e9 pour \u00e7a ! Rejoignez notre programme de partenariat, gagnez des \u20ac\u20ac\u20ac pour chaque commande pass\u00e9e.","robots":{"index":"index","follow":"follow","max-snippet":"max-snippet:-1","max-image-preview":"max-image-preview:large","max-video-preview":"max-video-preview:-1"},"canonical":"https:\/\/www.adlice.com\/fr\/partenariat\/","og_locale":"fr_FR","og_type":"article","og_title":"Partenariat | Devenir un Affili\u00e9 \u2022 Adlice Software","og_description":"Partagez votre int\u00e9r\u00eat pour Adlice Software, et soyez pay\u00e9 pour \u00e7a ! Rejoignez notre programme de partenariat, gagnez des \u20ac\u20ac\u20ac pour chaque commande pass\u00e9e.","og_url":"https:\/\/www.adlice.com\/fr\/partenariat\/","og_site_name":"Adlice Software","article_publisher":"https:\/\/www.facebook.com\/RogueKiller","article_modified_time":"2026-04-10T06:56:57+00:00","og_image":[{"width":276,"height":276,"url":"https:\/\/www.adlice.com\/wp-content\/uploads\/2020\/05\/B1rTNpTG_400x40_10.png","type":"image\/png"}],"twitter_card":"summary_large_image","twitter_site":"@AdliceSoftware","twitter_misc":{"Dur\u00e9e de lecture estim\u00e9e":"2 minutes"},"schema":{"@context":"https:\/\/schema.org","@graph":[{"@type":"WebPage","@id":"https:\/\/www.adlice.com\/fr\/partenariat\/","url":"https:\/\/www.adlice.com\/fr\/partenariat\/","name":"Partenariat | Devenir un Affili\u00e9 \u2022 Adlice Software","isPartOf":{"@id":"https:\/\/www.adlice.com\/fr\/#website"},"datePublished":"2017-06-06T07:37:27+00:00","dateModified":"2026-04-10T06:56:57+00:00","description":"Partagez votre int\u00e9r\u00eat pour Adlice Software, et soyez pay\u00e9 pour \u00e7a ! Rejoignez notre programme de partenariat, gagnez des \u20ac\u20ac\u20ac pour chaque commande pass\u00e9e.","breadcrumb":{"@id":"https:\/\/www.adlice.com\/fr\/partenariat\/#breadcrumb"},"inLanguage":"fr-FR","potentialAction":[{"@type":"ReadAction","target":["https:\/\/www.adlice.com\/fr\/partenariat\/"]}]},{"@type":"BreadcrumbList","@id":"https:\/\/www.adlice.com\/fr\/partenariat\/#breadcrumb","itemListElement":[{"@type":"ListItem","position":1,"name":"Home","item":"https:\/\/www.adlice.com\/fr\/"},{"@type":"ListItem","position":2,"name":"Partenariat"}]},{"@type":"WebSite","@id":"https:\/\/www.adlice.com\/fr\/#website","url":"https:\/\/www.adlice.com\/fr\/","name":"Adlice Software","description":"Anti-malware and analysis tools","publisher":{"@id":"https:\/\/www.adlice.com\/fr\/#organization"},"potentialAction":[{"@type":"SearchAction","target":{"@type":"EntryPoint","urlTemplate":"https:\/\/www.adlice.com\/fr\/?s={search_term_string}"},"query-input":{"@type":"PropertyValueSpecification","valueRequired":true,"valueName":"search_term_string"}}],"inLanguage":"fr-FR"},{"@type":"Organization","@id":"https:\/\/www.adlice.com\/fr\/#organization","name":"Adlice Software","url":"https:\/\/www.adlice.com\/fr\/","logo":{"@type":"ImageObject","inLanguage":"fr-FR","@id":"https:\/\/www.adlice.com\/fr\/#\/schema\/logo\/image\/","url":"https:\/\/www.adlice.com\/wp-content\/uploads\/2020\/05\/B1rTNpTG_400x40_10.png","contentUrl":"https:\/\/www.adlice.com\/wp-content\/uploads\/2020\/05\/B1rTNpTG_400x40_10.png","width":276,"height":276,"caption":"Adlice Software"},"image":{"@id":"https:\/\/www.adlice.com\/fr\/#\/schema\/logo\/image\/"},"sameAs":["https:\/\/www.facebook.com\/RogueKiller","https:\/\/x.com\/AdliceSoftware","https:\/\/fr.linkedin.com\/company\/adlice-software","https:\/\/www.youtube.com\/channel\/UC4CQ-gIZMGWxl-auf0QqYhQ"]}]}},"_links":{"self":[{"href":"https:\/\/www.adlice.com\/fr\/wp-json\/wp\/v2\/pages\/998","targetHints":{"allow":["GET"]}}],"collection":[{"href":"https:\/\/www.adlice.com\/fr\/wp-json\/wp\/v2\/pages"}],"about":[{"href":"https:\/\/www.adlice.com\/fr\/wp-json\/wp\/v2\/types\/page"}],"author":[{"embeddable":true,"href":"https:\/\/www.adlice.com\/fr\/wp-json\/wp\/v2\/users\/1"}],"replies":[{"embeddable":true,"href":"https:\/\/www.adlice.com\/fr\/wp-json\/wp\/v2\/comments?post=998"}],"version-history":[{"count":9,"href":"https:\/\/www.adlice.com\/fr\/wp-json\/wp\/v2\/pages\/998\/revisions"}],"predecessor-version":[{"id":151719,"href":"https:\/\/www.adlice.com\/fr\/wp-json\/wp\/v2\/pages\/998\/revisions\/151719"}],"wp:attachment":[{"href":"https:\/\/www.adlice.com\/fr\/wp-json\/wp\/v2\/media?parent=998"}],"curies":[{"name":"wp","href":"https:\/\/api.w.org\/{rel}","templated":true}]}}