{"id":4652,"date":"2023-05-26T09:49:13","date_gmt":"2023-05-26T09:49:13","guid":{"rendered":"https:\/\/www.adlice.com\/thanks-contest-registration-discount-20\/"},"modified":"2023-05-30T10:23:09","modified_gmt":"2023-05-30T10:23:09","slug":"merci-concours-enregistrement-reduc-20","status":"publish","type":"page","link":"https:\/\/www.adlice.com\/fr\/merci-concours-enregistrement-reduc-20\/","title":{"rendered":"Merci pour votre participation!"},"content":{"rendered":"\n<p>Merci de <strong>cliquer sur l&#8217;image ci-apr\u00e8s<\/strong> pour r\u00e9clamer votre cadeau, vous pouvez \u00e9galement <a href=\"https:\/\/shop.adlice.com\/fr\/?sc-page=shop&amp;coupon-code=adlice20&amp;utm_source=facebook&amp;utm_medium=publi&amp;utm_campaign=social_contest\">cliquer ici<\/a>.<br>Vous serez redirig\u00e9 sur notre boutique, et <strong>le coupon de r\u00e9duction sera automatiquement appliqu\u00e9<\/strong> au moment du paiement.<\/p>\n\n\n\n<figure class=\"wp-block-image size-large is-resized\"><a href=\"https:\/\/shop.adlice.com\/fr\/?sc-page=shop&amp;coupon-code=adlice20&amp;utm_source=facebook&amp;utm_medium=publi&amp;utm_campaign=social_contest\"><img decoding=\"async\" src=\"https:\/\/www.adlice.com\/wp-content\/uploads\/2023\/05\/presents-g73d86ab39_1280-1024x682.jpg\" alt=\"\" class=\"wp-image-4641\" width=\"714\" height=\"476\" srcset=\"https:\/\/www.adlice.com\/wp-content\/uploads\/2023\/05\/presents-g73d86ab39_1280-1024x682.jpg 1024w, https:\/\/www.adlice.com\/wp-content\/uploads\/2023\/05\/presents-g73d86ab39_1280-300x200.jpg 300w, https:\/\/www.adlice.com\/wp-content\/uploads\/2023\/05\/presents-g73d86ab39_1280-320x213.jpg 320w, https:\/\/www.adlice.com\/wp-content\/uploads\/2023\/05\/presents-g73d86ab39_1280-480x320.jpg 480w, https:\/\/www.adlice.com\/wp-content\/uploads\/2023\/05\/presents-g73d86ab39_1280-800x533.jpg 800w, https:\/\/www.adlice.com\/wp-content\/uploads\/2023\/05\/presents-g73d86ab39_1280.jpg 1280w\" sizes=\"(max-width: 714px) 100vw, 714px\" \/><\/a><\/figure>\n","protected":false},"excerpt":{"rendered":"<p>Merci de cliquer sur l&#8217;image ci-apr\u00e8s pour r\u00e9clamer votre cadeau, vous pouvez \u00e9galement cliquer ici.Vous serez redirig\u00e9 sur notre boutique, et le coupon de r\u00e9duction sera automatiquement appliqu\u00e9 au moment du paiement.<\/p>\n","protected":false},"author":1,"featured_media":0,"parent":0,"menu_order":0,"comment_status":"closed","ping_status":"closed","template":"","meta":{"footnotes":""},"class_list":["post-4652","page","type-page","status-publish","hentry","description-off"],"views":0,"featured_image_src":null,"yoast_head":"<!-- This site is optimized with the Yoast SEO plugin v27.1.1 - https:\/\/yoast.com\/product\/yoast-seo-wordpress\/ -->\n<title>Merci pour votre participation! - Adlice Software<\/title>\n<meta name=\"robots\" content=\"noindex, nofollow\" \/>\n<meta property=\"og:locale\" content=\"fr_FR\" \/>\n<meta property=\"og:type\" content=\"article\" \/>\n<meta property=\"og:title\" content=\"Merci pour votre participation! - Adlice Software\" \/>\n<meta property=\"og:description\" content=\"Merci de cliquer sur l&#8217;image ci-apr\u00e8s pour r\u00e9clamer votre cadeau, vous pouvez \u00e9galement cliquer ici.Vous serez redirig\u00e9 sur notre boutique, et le coupon de r\u00e9duction sera automatiquement appliqu\u00e9 au moment du paiement.\" \/>\n<meta property=\"og:url\" content=\"https:\/\/www.adlice.com\/fr\/merci-concours-enregistrement-reduc-20\/\" \/>\n<meta property=\"og:site_name\" content=\"Adlice Software\" \/>\n<meta property=\"article:publisher\" content=\"https:\/\/www.facebook.com\/RogueKiller\" \/>\n<meta property=\"article:modified_time\" content=\"2023-05-30T10:23:09+00:00\" \/>\n<meta property=\"og:image\" content=\"https:\/\/www.adlice.com\/wp-content\/uploads\/2023\/05\/presents-g73d86ab39_1280-1024x682.jpg\" \/>\n<meta name=\"twitter:card\" content=\"summary_large_image\" \/>\n<meta name=\"twitter:site\" content=\"@AdliceSoftware\" \/>\n<meta name=\"twitter:label1\" content=\"Dur\u00e9e de lecture estim\u00e9e\" \/>\n\t<meta name=\"twitter:data1\" content=\"1 minute\" \/>\n<script type=\"application\/ld+json\" class=\"yoast-schema-graph\">{\"@context\":\"https:\/\/schema.org\",\"@graph\":[{\"@type\":\"WebPage\",\"@id\":\"https:\/\/www.adlice.com\/fr\/merci-concours-enregistrement-reduc-20\/\",\"url\":\"https:\/\/www.adlice.com\/fr\/merci-concours-enregistrement-reduc-20\/\",\"name\":\"Merci pour votre participation! - Adlice Software\",\"isPartOf\":{\"@id\":\"https:\/\/www.adlice.com\/fr\/#website\"},\"primaryImageOfPage\":{\"@id\":\"https:\/\/www.adlice.com\/fr\/merci-concours-enregistrement-reduc-20\/#primaryimage\"},\"image\":{\"@id\":\"https:\/\/www.adlice.com\/fr\/merci-concours-enregistrement-reduc-20\/#primaryimage\"},\"thumbnailUrl\":\"https:\/\/www.adlice.com\/wp-content\/uploads\/2023\/05\/presents-g73d86ab39_1280-1024x682.jpg\",\"datePublished\":\"2023-05-26T09:49:13+00:00\",\"dateModified\":\"2023-05-30T10:23:09+00:00\",\"breadcrumb\":{\"@id\":\"https:\/\/www.adlice.com\/fr\/merci-concours-enregistrement-reduc-20\/#breadcrumb\"},\"inLanguage\":\"fr-FR\",\"potentialAction\":[{\"@type\":\"ReadAction\",\"target\":[\"https:\/\/www.adlice.com\/fr\/merci-concours-enregistrement-reduc-20\/\"]}]},{\"@type\":\"ImageObject\",\"inLanguage\":\"fr-FR\",\"@id\":\"https:\/\/www.adlice.com\/fr\/merci-concours-enregistrement-reduc-20\/#primaryimage\",\"url\":\"https:\/\/www.adlice.com\/wp-content\/uploads\/2023\/05\/presents-g73d86ab39_1280-1024x682.jpg\",\"contentUrl\":\"https:\/\/www.adlice.com\/wp-content\/uploads\/2023\/05\/presents-g73d86ab39_1280-1024x682.jpg\"},{\"@type\":\"BreadcrumbList\",\"@id\":\"https:\/\/www.adlice.com\/fr\/merci-concours-enregistrement-reduc-20\/#breadcrumb\",\"itemListElement\":[{\"@type\":\"ListItem\",\"position\":1,\"name\":\"Home\",\"item\":\"https:\/\/www.adlice.com\/fr\/\"},{\"@type\":\"ListItem\",\"position\":2,\"name\":\"Merci pour votre participation!\"}]},{\"@type\":\"WebSite\",\"@id\":\"https:\/\/www.adlice.com\/fr\/#website\",\"url\":\"https:\/\/www.adlice.com\/fr\/\",\"name\":\"Adlice Software\",\"description\":\"Anti-malware and analysis tools\",\"publisher\":{\"@id\":\"https:\/\/www.adlice.com\/fr\/#organization\"},\"potentialAction\":[{\"@type\":\"SearchAction\",\"target\":{\"@type\":\"EntryPoint\",\"urlTemplate\":\"https:\/\/www.adlice.com\/fr\/?s={search_term_string}\"},\"query-input\":{\"@type\":\"PropertyValueSpecification\",\"valueRequired\":true,\"valueName\":\"search_term_string\"}}],\"inLanguage\":\"fr-FR\"},{\"@type\":\"Organization\",\"@id\":\"https:\/\/www.adlice.com\/fr\/#organization\",\"name\":\"Adlice Software\",\"url\":\"https:\/\/www.adlice.com\/fr\/\",\"logo\":{\"@type\":\"ImageObject\",\"inLanguage\":\"fr-FR\",\"@id\":\"https:\/\/www.adlice.com\/fr\/#\/schema\/logo\/image\/\",\"url\":\"https:\/\/www.adlice.com\/wp-content\/uploads\/2020\/05\/B1rTNpTG_400x40_10.png\",\"contentUrl\":\"https:\/\/www.adlice.com\/wp-content\/uploads\/2020\/05\/B1rTNpTG_400x40_10.png\",\"width\":276,\"height\":276,\"caption\":\"Adlice Software\"},\"image\":{\"@id\":\"https:\/\/www.adlice.com\/fr\/#\/schema\/logo\/image\/\"},\"sameAs\":[\"https:\/\/www.facebook.com\/RogueKiller\",\"https:\/\/x.com\/AdliceSoftware\",\"https:\/\/fr.linkedin.com\/company\/adlice-software\",\"https:\/\/www.youtube.com\/channel\/UC4CQ-gIZMGWxl-auf0QqYhQ\"]}]}<\/script>\n<!-- \/ Yoast SEO plugin. -->","yoast_head_json":{"title":"Merci pour votre participation! - Adlice Software","robots":{"index":"noindex","follow":"nofollow"},"og_locale":"fr_FR","og_type":"article","og_title":"Merci pour votre participation! - Adlice Software","og_description":"Merci de cliquer sur l&#8217;image ci-apr\u00e8s pour r\u00e9clamer votre cadeau, vous pouvez \u00e9galement cliquer ici.Vous serez redirig\u00e9 sur notre boutique, et le coupon de r\u00e9duction sera automatiquement appliqu\u00e9 au moment du paiement.","og_url":"https:\/\/www.adlice.com\/fr\/merci-concours-enregistrement-reduc-20\/","og_site_name":"Adlice Software","article_publisher":"https:\/\/www.facebook.com\/RogueKiller","article_modified_time":"2023-05-30T10:23:09+00:00","og_image":[{"url":"https:\/\/www.adlice.com\/wp-content\/uploads\/2023\/05\/presents-g73d86ab39_1280-1024x682.jpg","type":"","width":"","height":""}],"twitter_card":"summary_large_image","twitter_site":"@AdliceSoftware","twitter_misc":{"Dur\u00e9e de lecture estim\u00e9e":"1 minute"},"schema":{"@context":"https:\/\/schema.org","@graph":[{"@type":"WebPage","@id":"https:\/\/www.adlice.com\/fr\/merci-concours-enregistrement-reduc-20\/","url":"https:\/\/www.adlice.com\/fr\/merci-concours-enregistrement-reduc-20\/","name":"Merci pour votre participation! - Adlice Software","isPartOf":{"@id":"https:\/\/www.adlice.com\/fr\/#website"},"primaryImageOfPage":{"@id":"https:\/\/www.adlice.com\/fr\/merci-concours-enregistrement-reduc-20\/#primaryimage"},"image":{"@id":"https:\/\/www.adlice.com\/fr\/merci-concours-enregistrement-reduc-20\/#primaryimage"},"thumbnailUrl":"https:\/\/www.adlice.com\/wp-content\/uploads\/2023\/05\/presents-g73d86ab39_1280-1024x682.jpg","datePublished":"2023-05-26T09:49:13+00:00","dateModified":"2023-05-30T10:23:09+00:00","breadcrumb":{"@id":"https:\/\/www.adlice.com\/fr\/merci-concours-enregistrement-reduc-20\/#breadcrumb"},"inLanguage":"fr-FR","potentialAction":[{"@type":"ReadAction","target":["https:\/\/www.adlice.com\/fr\/merci-concours-enregistrement-reduc-20\/"]}]},{"@type":"ImageObject","inLanguage":"fr-FR","@id":"https:\/\/www.adlice.com\/fr\/merci-concours-enregistrement-reduc-20\/#primaryimage","url":"https:\/\/www.adlice.com\/wp-content\/uploads\/2023\/05\/presents-g73d86ab39_1280-1024x682.jpg","contentUrl":"https:\/\/www.adlice.com\/wp-content\/uploads\/2023\/05\/presents-g73d86ab39_1280-1024x682.jpg"},{"@type":"BreadcrumbList","@id":"https:\/\/www.adlice.com\/fr\/merci-concours-enregistrement-reduc-20\/#breadcrumb","itemListElement":[{"@type":"ListItem","position":1,"name":"Home","item":"https:\/\/www.adlice.com\/fr\/"},{"@type":"ListItem","position":2,"name":"Merci pour votre participation!"}]},{"@type":"WebSite","@id":"https:\/\/www.adlice.com\/fr\/#website","url":"https:\/\/www.adlice.com\/fr\/","name":"Adlice Software","description":"Anti-malware and analysis tools","publisher":{"@id":"https:\/\/www.adlice.com\/fr\/#organization"},"potentialAction":[{"@type":"SearchAction","target":{"@type":"EntryPoint","urlTemplate":"https:\/\/www.adlice.com\/fr\/?s={search_term_string}"},"query-input":{"@type":"PropertyValueSpecification","valueRequired":true,"valueName":"search_term_string"}}],"inLanguage":"fr-FR"},{"@type":"Organization","@id":"https:\/\/www.adlice.com\/fr\/#organization","name":"Adlice Software","url":"https:\/\/www.adlice.com\/fr\/","logo":{"@type":"ImageObject","inLanguage":"fr-FR","@id":"https:\/\/www.adlice.com\/fr\/#\/schema\/logo\/image\/","url":"https:\/\/www.adlice.com\/wp-content\/uploads\/2020\/05\/B1rTNpTG_400x40_10.png","contentUrl":"https:\/\/www.adlice.com\/wp-content\/uploads\/2020\/05\/B1rTNpTG_400x40_10.png","width":276,"height":276,"caption":"Adlice Software"},"image":{"@id":"https:\/\/www.adlice.com\/fr\/#\/schema\/logo\/image\/"},"sameAs":["https:\/\/www.facebook.com\/RogueKiller","https:\/\/x.com\/AdliceSoftware","https:\/\/fr.linkedin.com\/company\/adlice-software","https:\/\/www.youtube.com\/channel\/UC4CQ-gIZMGWxl-auf0QqYhQ"]}]}},"_links":{"self":[{"href":"https:\/\/www.adlice.com\/fr\/wp-json\/wp\/v2\/pages\/4652","targetHints":{"allow":["GET"]}}],"collection":[{"href":"https:\/\/www.adlice.com\/fr\/wp-json\/wp\/v2\/pages"}],"about":[{"href":"https:\/\/www.adlice.com\/fr\/wp-json\/wp\/v2\/types\/page"}],"author":[{"embeddable":true,"href":"https:\/\/www.adlice.com\/fr\/wp-json\/wp\/v2\/users\/1"}],"replies":[{"embeddable":true,"href":"https:\/\/www.adlice.com\/fr\/wp-json\/wp\/v2\/comments?post=4652"}],"version-history":[{"count":2,"href":"https:\/\/www.adlice.com\/fr\/wp-json\/wp\/v2\/pages\/4652\/revisions"}],"predecessor-version":[{"id":4663,"href":"https:\/\/www.adlice.com\/fr\/wp-json\/wp\/v2\/pages\/4652\/revisions\/4663"}],"wp:attachment":[{"href":"https:\/\/www.adlice.com\/fr\/wp-json\/wp\/v2\/media?parent=4652"}],"curies":[{"name":"wp","href":"https:\/\/api.w.org\/{rel}","templated":true}]}}