{"id":458,"date":"2014-03-20T12:04:00","date_gmt":"2014-03-20T12:04:00","guid":{"rendered":"http:\/\/www.adlice.com\/fr\/?page_id=458"},"modified":"2022-09-13T13:28:58","modified_gmt":"2022-09-13T13:28:58","slug":"merci-telechargement-roguekiller","status":"publish","type":"page","link":"https:\/\/www.adlice.com\/fr\/merci-telechargement-roguekiller\/","title":{"rendered":"Merci d&#8217;avoir t\u00e9l\u00e9charg\u00e9 RogueKiller!"},"content":{"rendered":"\n<figure class=\"wp-block-image\"><a class=\"dt-pswp-item\" href=\"https:\/\/www.adlice.com\/wp-content\/uploads\/2015\/12\/rk-banner2.png\"><img decoding=\"async\" width=\"1024\" height=\"300\" src=\"https:\/\/www.adlice.com\/wp-content\/uploads\/2015\/12\/rk-banner2.png\" alt=\"\" class=\"wp-image-2248\" srcset=\"https:\/\/www.adlice.com\/wp-content\/uploads\/2015\/12\/rk-banner2.png 1024w, https:\/\/www.adlice.com\/wp-content\/uploads\/2015\/12\/rk-banner2-300x88.png 300w\" sizes=\"(max-width: 1024px) 100vw, 1024px\" \/><\/a><\/figure>\n\n\n\n<p class=\"has-white-color has-accent-background-color has-text-color has-background\">QUOI FAIRE ENSUITE?<\/p>\n\n\n\n<p><br><strong>Vous arrivez sur cette page car c&#8217;est probablement la premi\u00e8re fois que vous lancez RogueKiller. Pas de panique!<\/strong><\/p>\n\n\n\n<p>Premi\u00e8re chose, <a href=\"https:\/\/www.adlice.com\/fr\/download\/roguekiller\/\">merci de v\u00e9rifier sur la page officielle<\/a> que vous avez bien <strong>la derni\u00e8re version de RogueKiller<\/strong>.<br><strong>Ensuite, cliquez simplement sur &#8220;Scan&#8221; pour d\u00e9marrer le processus de scan<\/strong>. Il va trouver (ou non, si vous \u00eates chanceux) des \u00e9l\u00e9ments infectieux\/suspicieux, et le dira explicitement dans la plupart des cas.<\/p>\n\n\n\n<p>Dans certains autres cas de figure, vous aurez besoin soit <strong>de connaissances sur votre syst\u00e8me<\/strong> pour d\u00e9cider quoi faire avec les d\u00e9tections (Avez vous install\u00e9 ce logiciel? Avez vous install\u00e9 un proxy? Est-ce que l&#8217;IP de ce DNS appartient \u00e0 votre fournisseur d&#8217;acc\u00e8s? &#8230;) ou vous <a href=\"https:\/\/forum.adlice.com\/\">pouvez demander de l&#8217;aide sur notre forum<\/a>, ou sur notre <a href=\"https:\/\/discord.gg\/Q2VWQYVW\">serveur discord<\/a>.<\/p>\n\n\n\n<p><strong>RogueKiller est un m\u00e9lange entre un scanner classique et avanc\u00e9<\/strong>. Cela veut dire que nous faisons notre possible pour cibler et supprimer les infections sans le besoin pour l&#8217;utilisateur d&#8217;\u00eatre un expert en malware, mais dans certains cas c&#8217;est impossible, et l&#8217;heuristique prend le relais pour pointer ce qui est suspicieux. Dans ce cas vous aurez besoin de conseils d&#8217;un expert pour vous dire s&#8217;il faut supprimer ou non les \u00e9l\u00e9ments. <strong>Encore une fois, si vous ne savez pas ce que vous faites<\/strong>, <a title=\"Forum\" href=\"http:\/\/forum.adlice.com\/\">demandez!<\/a><\/p>\n\n\n\n<p>Vous trouverez <a href=\"https:\/\/www.adlice.com\/fr\/docs\/roguekiller\/\">la documentation ici<\/a>, juste pour vous guider \u00e0 travers les possibilit\u00e9s de ce dernier.<\/p>\n\n\n\n<div style=\"height:40px\" aria-hidden=\"true\" class=\"wp-block-spacer\"><\/div>\n\n\n\n<p class=\"has-white-color has-accent-background-color has-text-color has-background\">MERCI DE LIRE, C&#8217;EST IMPORTANT POUR NOUS!<\/p>\n\n\n\n<p><br><strong>RogueKiller est un logiciel gratuit<\/strong>, mis \u00e0 jour environ une fois par semaine. Il a besoin <strong>d&#8217;une veille perp\u00e9tuelle sur les malware<\/strong>, et <strong>d&#8217;am\u00e9liorations constantes<\/strong> pour \u00e9liminer les bugs, prendre en charge les nouveaux malware, et ajouter des nouvelles fonctionnalit\u00e9s.<\/p>\n\n\n\n<p>Les publicit\u00e9s sur le site web sont avec l&#8217;achat de Licences la seule fa\u00e7on viable de payer nos d\u00e9veloppeurs pour ce dur travail. Si vous aimez le logiciel, merci de nous aider \u00e0 le maintenir <a href=\"https:\/\/shop.adlice.com\/fr\/produit\/roguekiller-premium-particulier\/\">en achetant une Licence Premium<\/a>. C&#8217;est notre meilleure aide pour garder le logiciel efficace contre les nouvelles menaces.<\/p>\n\n\n\n<p>Si vous ne voulez pas acheter une licence, <strong>vous pouvez contribuer de fa\u00e7on utile<\/strong> en faisant un petit (ou g\u00e9n\u00e9reux, cela d\u00e9pend de votre humeur) <strong>don avec Paypal ou <\/strong>. N&#8217;h\u00e9sitez pas \u00e0 laisser un message pour exprimer votre gratitude avec le don, c&#8217;est une chose importante pour l&#8217;\u00e9quipe!<\/p>\n\n\n\n<p><strong>Merci de passer le mot sur les r\u00e9seaux sociaux!<\/strong><\/p>\n\n\n\n<figure class=\"wp-block-image\"><a href=\"https:\/\/www.adlice.com\/fr\/faire-un-don\/\"><img decoding=\"async\" width=\"936\" height=\"215\" src=\"https:\/\/www.adlice.com\/wp-content\/uploads\/2016\/06\/donate_header.png\" alt=\"donate_header\" class=\"wp-image-457\" srcset=\"https:\/\/www.adlice.com\/wp-content\/uploads\/2016\/06\/donate_header.png 936w, https:\/\/www.adlice.com\/wp-content\/uploads\/2016\/06\/donate_header-300x69.png 300w\" sizes=\"(max-width: 936px) 100vw, 936px\" \/><\/a><\/figure>\n\n\n\n<p class=\"has-white-color has-accent-background-color has-text-color has-background\">REMONT\u00c9ES<\/p>\n\n\n\n<p><br><strong>Vous avez trouv\u00e9 un bug?<\/strong> Vous avez une suggestion? Merci de <a title=\"Contact\" href=\"https:\/\/www.adlice.com\/contact\/\">nous contacter par le biais du formulaire de contact<\/a>.<\/p>\n","protected":false},"excerpt":{"rendered":"<p>QUOI FAIRE ENSUITE? Vous arrivez sur cette page car c&#8217;est probablement la premi\u00e8re fois que vous lancez RogueKiller. Pas de panique! Premi\u00e8re chose, merci de v\u00e9rifier sur la page officielle que vous avez bien la derni\u00e8re version de RogueKiller.Ensuite, cliquez simplement sur &#8220;Scan&#8221; pour d\u00e9marrer le processus de scan. Il va trouver (ou non, si&hellip;<\/p>\n","protected":false},"author":1,"featured_media":0,"parent":0,"menu_order":0,"comment_status":"closed","ping_status":"closed","template":"","meta":{"footnotes":""},"class_list":["post-458","page","type-page","status-publish","hentry","description-off"],"views":0,"featured_image_src":null,"yoast_head":"<!-- This site is optimized with the Yoast SEO plugin v27.1.1 - https:\/\/yoast.com\/product\/yoast-seo-wordpress\/ -->\n<title>Merci d&#039;avoir t\u00e9l\u00e9charg\u00e9 RogueKiller \u2022 Adlice Software<\/title>\n<meta name=\"description\" content=\"Vous venez de t\u00e9l\u00e9charger et lancer RogueKiller pour la premi\u00e8re fois, et nous vous remercions de votre consid\u00e9ration. Nous vous aiderons du mieux possible.\" \/>\n<meta name=\"robots\" content=\"index, follow, max-snippet:-1, max-image-preview:large, max-video-preview:-1\" \/>\n<link rel=\"canonical\" href=\"https:\/\/www.adlice.com\/fr\/merci-telechargement-roguekiller\/\" \/>\n<meta property=\"og:locale\" content=\"fr_FR\" \/>\n<meta property=\"og:type\" content=\"article\" \/>\n<meta property=\"og:title\" content=\"Merci d&#039;avoir t\u00e9l\u00e9charg\u00e9 RogueKiller \u2022 Adlice Software\" \/>\n<meta property=\"og:description\" content=\"Vous venez de t\u00e9l\u00e9charger et lancer RogueKiller pour la premi\u00e8re fois, et nous vous remercions de votre consid\u00e9ration. Nous vous aiderons du mieux possible.\" \/>\n<meta property=\"og:url\" content=\"https:\/\/www.adlice.com\/fr\/merci-telechargement-roguekiller\/\" \/>\n<meta property=\"og:site_name\" content=\"Adlice Software\" \/>\n<meta property=\"article:publisher\" content=\"https:\/\/www.facebook.com\/RogueKiller\" \/>\n<meta property=\"article:modified_time\" content=\"2022-09-13T13:28:58+00:00\" \/>\n<meta property=\"og:image\" content=\"https:\/\/www.adlice.com\/wp-content\/uploads\/2015\/12\/rk-banner2.png\" \/>\n<meta name=\"twitter:card\" content=\"summary_large_image\" \/>\n<meta name=\"twitter:site\" content=\"@AdliceSoftware\" \/>\n<meta name=\"twitter:label1\" content=\"Dur\u00e9e de lecture estim\u00e9e\" \/>\n\t<meta name=\"twitter:data1\" content=\"3 minutes\" \/>\n<script type=\"application\/ld+json\" class=\"yoast-schema-graph\">{\"@context\":\"https:\/\/schema.org\",\"@graph\":[{\"@type\":\"WebPage\",\"@id\":\"https:\/\/www.adlice.com\/fr\/merci-telechargement-roguekiller\/\",\"url\":\"https:\/\/www.adlice.com\/fr\/merci-telechargement-roguekiller\/\",\"name\":\"Merci d'avoir t\u00e9l\u00e9charg\u00e9 RogueKiller \u2022 Adlice Software\",\"isPartOf\":{\"@id\":\"https:\/\/www.adlice.com\/#website\"},\"primaryImageOfPage\":{\"@id\":\"https:\/\/www.adlice.com\/fr\/merci-telechargement-roguekiller\/#primaryimage\"},\"image\":{\"@id\":\"https:\/\/www.adlice.com\/fr\/merci-telechargement-roguekiller\/#primaryimage\"},\"thumbnailUrl\":\"https:\/\/www.adlice.com\/wp-content\/uploads\/2015\/12\/rk-banner2.png\",\"datePublished\":\"2014-03-20T12:04:00+00:00\",\"dateModified\":\"2022-09-13T13:28:58+00:00\",\"description\":\"Vous venez de t\u00e9l\u00e9charger et lancer RogueKiller pour la premi\u00e8re fois, et nous vous remercions de votre consid\u00e9ration. Nous vous aiderons du mieux possible.\",\"breadcrumb\":{\"@id\":\"https:\/\/www.adlice.com\/fr\/merci-telechargement-roguekiller\/#breadcrumb\"},\"inLanguage\":\"fr-FR\",\"potentialAction\":[{\"@type\":\"ReadAction\",\"target\":[\"https:\/\/www.adlice.com\/fr\/merci-telechargement-roguekiller\/\"]}]},{\"@type\":\"ImageObject\",\"inLanguage\":\"fr-FR\",\"@id\":\"https:\/\/www.adlice.com\/fr\/merci-telechargement-roguekiller\/#primaryimage\",\"url\":\"https:\/\/www.adlice.com\/wp-content\/uploads\/2015\/12\/rk-banner2.png\",\"contentUrl\":\"https:\/\/www.adlice.com\/wp-content\/uploads\/2015\/12\/rk-banner2.png\"},{\"@type\":\"BreadcrumbList\",\"@id\":\"https:\/\/www.adlice.com\/fr\/merci-telechargement-roguekiller\/#breadcrumb\",\"itemListElement\":[{\"@type\":\"ListItem\",\"position\":1,\"name\":\"Home\",\"item\":\"https:\/\/www.adlice.com\/fr\/\"},{\"@type\":\"ListItem\",\"position\":2,\"name\":\"Merci d&#8217;avoir t\u00e9l\u00e9charg\u00e9 RogueKiller!\"}]},{\"@type\":\"WebSite\",\"@id\":\"https:\/\/www.adlice.com\/#website\",\"url\":\"https:\/\/www.adlice.com\/\",\"name\":\"Adlice Software\",\"description\":\"Anti-malware and analysis tools\",\"publisher\":{\"@id\":\"https:\/\/www.adlice.com\/#organization\"},\"potentialAction\":[{\"@type\":\"SearchAction\",\"target\":{\"@type\":\"EntryPoint\",\"urlTemplate\":\"https:\/\/www.adlice.com\/?s={search_term_string}\"},\"query-input\":{\"@type\":\"PropertyValueSpecification\",\"valueRequired\":true,\"valueName\":\"search_term_string\"}}],\"inLanguage\":\"fr-FR\"},{\"@type\":\"Organization\",\"@id\":\"https:\/\/www.adlice.com\/#organization\",\"name\":\"Adlice Software\",\"url\":\"https:\/\/www.adlice.com\/\",\"logo\":{\"@type\":\"ImageObject\",\"inLanguage\":\"fr-FR\",\"@id\":\"https:\/\/www.adlice.com\/#\/schema\/logo\/image\/\",\"url\":\"https:\/\/www.adlice.com\/wp-content\/uploads\/2020\/05\/B1rTNpTG_400x40_10.png\",\"contentUrl\":\"https:\/\/www.adlice.com\/wp-content\/uploads\/2020\/05\/B1rTNpTG_400x40_10.png\",\"width\":276,\"height\":276,\"caption\":\"Adlice Software\"},\"image\":{\"@id\":\"https:\/\/www.adlice.com\/#\/schema\/logo\/image\/\"},\"sameAs\":[\"https:\/\/www.facebook.com\/RogueKiller\",\"https:\/\/x.com\/AdliceSoftware\",\"https:\/\/fr.linkedin.com\/company\/adlice-software\",\"https:\/\/www.youtube.com\/channel\/UC4CQ-gIZMGWxl-auf0QqYhQ\"]}]}<\/script>\n<!-- \/ Yoast SEO plugin. -->","yoast_head_json":{"title":"Merci d'avoir t\u00e9l\u00e9charg\u00e9 RogueKiller \u2022 Adlice Software","description":"Vous venez de t\u00e9l\u00e9charger et lancer RogueKiller pour la premi\u00e8re fois, et nous vous remercions de votre consid\u00e9ration. Nous vous aiderons du mieux possible.","robots":{"index":"index","follow":"follow","max-snippet":"max-snippet:-1","max-image-preview":"max-image-preview:large","max-video-preview":"max-video-preview:-1"},"canonical":"https:\/\/www.adlice.com\/fr\/merci-telechargement-roguekiller\/","og_locale":"fr_FR","og_type":"article","og_title":"Merci d'avoir t\u00e9l\u00e9charg\u00e9 RogueKiller \u2022 Adlice Software","og_description":"Vous venez de t\u00e9l\u00e9charger et lancer RogueKiller pour la premi\u00e8re fois, et nous vous remercions de votre consid\u00e9ration. Nous vous aiderons du mieux possible.","og_url":"https:\/\/www.adlice.com\/fr\/merci-telechargement-roguekiller\/","og_site_name":"Adlice Software","article_publisher":"https:\/\/www.facebook.com\/RogueKiller","article_modified_time":"2022-09-13T13:28:58+00:00","og_image":[{"url":"https:\/\/www.adlice.com\/wp-content\/uploads\/2015\/12\/rk-banner2.png","type":"","width":"","height":""}],"twitter_card":"summary_large_image","twitter_site":"@AdliceSoftware","twitter_misc":{"Dur\u00e9e de lecture estim\u00e9e":"3 minutes"},"schema":{"@context":"https:\/\/schema.org","@graph":[{"@type":"WebPage","@id":"https:\/\/www.adlice.com\/fr\/merci-telechargement-roguekiller\/","url":"https:\/\/www.adlice.com\/fr\/merci-telechargement-roguekiller\/","name":"Merci d'avoir t\u00e9l\u00e9charg\u00e9 RogueKiller \u2022 Adlice Software","isPartOf":{"@id":"https:\/\/www.adlice.com\/#website"},"primaryImageOfPage":{"@id":"https:\/\/www.adlice.com\/fr\/merci-telechargement-roguekiller\/#primaryimage"},"image":{"@id":"https:\/\/www.adlice.com\/fr\/merci-telechargement-roguekiller\/#primaryimage"},"thumbnailUrl":"https:\/\/www.adlice.com\/wp-content\/uploads\/2015\/12\/rk-banner2.png","datePublished":"2014-03-20T12:04:00+00:00","dateModified":"2022-09-13T13:28:58+00:00","description":"Vous venez de t\u00e9l\u00e9charger et lancer RogueKiller pour la premi\u00e8re fois, et nous vous remercions de votre consid\u00e9ration. Nous vous aiderons du mieux possible.","breadcrumb":{"@id":"https:\/\/www.adlice.com\/fr\/merci-telechargement-roguekiller\/#breadcrumb"},"inLanguage":"fr-FR","potentialAction":[{"@type":"ReadAction","target":["https:\/\/www.adlice.com\/fr\/merci-telechargement-roguekiller\/"]}]},{"@type":"ImageObject","inLanguage":"fr-FR","@id":"https:\/\/www.adlice.com\/fr\/merci-telechargement-roguekiller\/#primaryimage","url":"https:\/\/www.adlice.com\/wp-content\/uploads\/2015\/12\/rk-banner2.png","contentUrl":"https:\/\/www.adlice.com\/wp-content\/uploads\/2015\/12\/rk-banner2.png"},{"@type":"BreadcrumbList","@id":"https:\/\/www.adlice.com\/fr\/merci-telechargement-roguekiller\/#breadcrumb","itemListElement":[{"@type":"ListItem","position":1,"name":"Home","item":"https:\/\/www.adlice.com\/fr\/"},{"@type":"ListItem","position":2,"name":"Merci d&#8217;avoir t\u00e9l\u00e9charg\u00e9 RogueKiller!"}]},{"@type":"WebSite","@id":"https:\/\/www.adlice.com\/#website","url":"https:\/\/www.adlice.com\/","name":"Adlice Software","description":"Anti-malware and analysis tools","publisher":{"@id":"https:\/\/www.adlice.com\/#organization"},"potentialAction":[{"@type":"SearchAction","target":{"@type":"EntryPoint","urlTemplate":"https:\/\/www.adlice.com\/?s={search_term_string}"},"query-input":{"@type":"PropertyValueSpecification","valueRequired":true,"valueName":"search_term_string"}}],"inLanguage":"fr-FR"},{"@type":"Organization","@id":"https:\/\/www.adlice.com\/#organization","name":"Adlice Software","url":"https:\/\/www.adlice.com\/","logo":{"@type":"ImageObject","inLanguage":"fr-FR","@id":"https:\/\/www.adlice.com\/#\/schema\/logo\/image\/","url":"https:\/\/www.adlice.com\/wp-content\/uploads\/2020\/05\/B1rTNpTG_400x40_10.png","contentUrl":"https:\/\/www.adlice.com\/wp-content\/uploads\/2020\/05\/B1rTNpTG_400x40_10.png","width":276,"height":276,"caption":"Adlice Software"},"image":{"@id":"https:\/\/www.adlice.com\/#\/schema\/logo\/image\/"},"sameAs":["https:\/\/www.facebook.com\/RogueKiller","https:\/\/x.com\/AdliceSoftware","https:\/\/fr.linkedin.com\/company\/adlice-software","https:\/\/www.youtube.com\/channel\/UC4CQ-gIZMGWxl-auf0QqYhQ"]}]}},"_links":{"self":[{"href":"https:\/\/www.adlice.com\/fr\/wp-json\/wp\/v2\/pages\/458","targetHints":{"allow":["GET"]}}],"collection":[{"href":"https:\/\/www.adlice.com\/fr\/wp-json\/wp\/v2\/pages"}],"about":[{"href":"https:\/\/www.adlice.com\/fr\/wp-json\/wp\/v2\/types\/page"}],"author":[{"embeddable":true,"href":"https:\/\/www.adlice.com\/fr\/wp-json\/wp\/v2\/users\/1"}],"replies":[{"embeddable":true,"href":"https:\/\/www.adlice.com\/fr\/wp-json\/wp\/v2\/comments?post=458"}],"version-history":[{"count":0,"href":"https:\/\/www.adlice.com\/fr\/wp-json\/wp\/v2\/pages\/458\/revisions"}],"wp:attachment":[{"href":"https:\/\/www.adlice.com\/fr\/wp-json\/wp\/v2\/media?parent=458"}],"curies":[{"name":"wp","href":"https:\/\/api.w.org\/{rel}","templated":true}]}}