{"id":306,"date":"2014-12-02T13:59:02","date_gmt":"2014-12-02T13:59:02","guid":{"rendered":"http:\/\/www.adlice.com\/fr\/?page_id=306"},"modified":"2026-04-10T07:03:28","modified_gmt":"2026-04-10T07:03:28","slug":"faire-un-don","status":"publish","type":"page","link":"https:\/\/www.adlice.com\/fr\/faire-un-don\/","title":{"rendered":"Faire un don"},"content":{"rendered":"\n<p class=\"has-white-color has-text-color has-background\" style=\"background-color:#e67e22\">Merci de lire, c&#8217;est important pour nous<\/p>\n\n\n\n<p><br><strong>Tous nos logiciels sont gratuit<\/strong>, et mis \u00e0 jour tr\u00e8s souvent.<br>Nous faisons <strong>une veille perp\u00e9tuelle sur les malware<\/strong>, et <strong>nous am\u00e9liorations constamment nos logiciels<\/strong> pour \u00e9liminer les bugs et ajouter des nouvelles fonctionnalit\u00e9s.<\/p>\n\n\n\n<p><br>Les publicit\u00e9s sur le site web sont avec l&#8217;achat de Licences la seule fa\u00e7on viable de payer nos d\u00e9veloppeurs pour ce dur travail. Si vous aimez un logiciel, merci de nous aider \u00e0 le maintenir <strong>en achetant une Licence Premium quand elle existe<\/strong>.<\/p>\n\n\n\n<p><br>Si vous ne voulez pas acheter une licence (ou s&#8217;il n&#8217;y a pas de license Premium disponible), <strong>vous pouvez contribuer de fa\u00e7on utile<\/strong> en faisant un petit (ou g\u00e9n\u00e9reux, cela d\u00e9pend de votre humeur) <strong>don<\/strong>. N&#8217;h\u00e9sitez pas \u00e0 laisser un message pour exprimer votre gratitude avec le don, c&#8217;est une chose importante pour l&#8217;\u00e9quipe!<\/p>\n\n\n\n<div style=\"height:48px\" aria-hidden=\"true\" class=\"wp-block-spacer\"><\/div>\n\n\n\n<div class=\"wp-block-buttons is-layout-flex wp-block-buttons-is-layout-flex\">\n<div class=\"wp-block-button\"><a class=\"wp-block-button__link wp-element-button\" href=\"https:\/\/www.paypal.com\/cgi-bin\/webscr?cmd=_donations&amp;lc=US&amp;business=KADNZBNLUFK44&amp;item_name=Adlice Software&amp;currency_code=USD&amp;bn=PP%2dDonationsBF%3abtn_donate_LG%2egif%3aNonHosted\" target=\"_blank\" rel=\"noreferrer noopener\">Faire un don (USD)<\/a><\/div>\n\n\n\n<div class=\"wp-block-button\"><a class=\"wp-block-button__link wp-element-button\" href=\"https:\/\/www.paypal.com\/cgi-bin\/webscr?cmd=_donations&amp;lc=US&amp;business=KADNZBNLUFK44&amp;item_name=Adlice Software&amp;currency_code=EUR&amp;bn=PP%2dDonationsBF%3abtn_donate_LG%2egif%3aNonHosted\" target=\"_blank\" rel=\"noreferrer noopener\">Faire un don (EUR)<\/a><\/div>\n<\/div>\n\n\n\n<div style=\"height:82px\" aria-hidden=\"true\" class=\"wp-block-spacer\"><\/div>\n\n\n\n<p>&nbsp;Nous acceptons \u00e9galement les dons en <strong>Cryptomonnaie<\/strong>:<\/p>\n\n\n\n<figure class=\"wp-block-table\"><table><tbody><tr><td><strong>Bitcoin<\/strong><\/td><td><span class=\"has-inline-color has-accent-color\">bc1q6lvxr7yyxem6xgr036e9m2q4mmc0mfhxzregh5<\/span><\/td><\/tr><tr><td><strong>Ether<\/strong><\/td><td><span class=\"has-inline-color has-accent-color\">0xd6E2883E47E303e92eff17f58B4d99908a95c2Ad<\/span><\/td><\/tr><tr><td><strong>Litecoin<\/strong><\/td><td><span class=\"has-inline-color has-accent-color\">ltc1qeav6zmqxvhnwe3v3g02mp3sznnr7qy4rfuy4vp<\/span><\/td><\/tr><tr><td><strong>Doge<\/strong><\/td><td><span class=\"has-inline-color has-accent-color\">DQEnw49AU6Ne42sqbVtzKNBoVB7sXjFkwb<\/span><\/td><\/tr><\/tbody><\/table><\/figure>\n\n\n\n<p><br>Si vous utilisez <a rel=\"noreferrer noopener\" href=\"https:\/\/brave.com\/adl401\" target=\"_blank\">le navigateur Brave<\/a>, vous pouvez nous <strong>envoyer un pourboire<\/strong> (BAT).<\/p>\n","protected":false},"excerpt":{"rendered":"<p>Merci de lire, c&#8217;est important pour nous Tous nos logiciels sont gratuit, et mis \u00e0 jour tr\u00e8s souvent.Nous faisons une veille perp\u00e9tuelle sur les malware, et nous am\u00e9liorations constamment nos logiciels pour \u00e9liminer les bugs et ajouter des nouvelles fonctionnalit\u00e9s. Les publicit\u00e9s sur le site web sont avec l&#8217;achat de Licences la seule fa\u00e7on viable&hellip;<\/p>\n","protected":false},"author":1,"featured_media":0,"parent":0,"menu_order":0,"comment_status":"closed","ping_status":"closed","template":"","meta":{"footnotes":""},"class_list":["post-306","page","type-page","status-publish","hentry","description-off"],"views":0,"featured_image_src":null,"yoast_head":"<!-- This site is optimized with the Yoast SEO plugin v27.1.1 - https:\/\/yoast.com\/product\/yoast-seo-wordpress\/ -->\n<title>Faire un don | Supporter notre entreprise \u2022 Adlice Software<\/title>\n<meta name=\"description\" content=\"Si vous aimez nos produits et voulez nous envoyer un pourboire, nous acceptons les dons Paypal and la monnaie crypto. Vous choississez ce que vous envoyez.\" \/>\n<meta name=\"robots\" content=\"index, follow, max-snippet:-1, max-image-preview:large, max-video-preview:-1\" \/>\n<link rel=\"canonical\" href=\"https:\/\/www.adlice.com\/fr\/faire-un-don\/\" \/>\n<meta property=\"og:locale\" content=\"fr_FR\" \/>\n<meta property=\"og:type\" content=\"article\" \/>\n<meta property=\"og:title\" content=\"Faire un don | Supporter notre entreprise \u2022 Adlice Software\" \/>\n<meta property=\"og:description\" content=\"Si vous aimez nos produits et voulez nous envoyer un pourboire, nous acceptons les dons Paypal and la monnaie crypto. Vous choississez ce que vous envoyez.\" \/>\n<meta property=\"og:url\" content=\"https:\/\/www.adlice.com\/fr\/faire-un-don\/\" \/>\n<meta property=\"og:site_name\" content=\"Adlice Software\" \/>\n<meta property=\"article:publisher\" content=\"https:\/\/www.facebook.com\/RogueKiller\" \/>\n<meta property=\"article:modified_time\" content=\"2026-04-10T07:03:28+00:00\" \/>\n<meta property=\"og:image\" content=\"https:\/\/www.adlice.com\/wp-content\/uploads\/2020\/05\/B1rTNpTG_400x40_10.png\" \/>\n\t<meta property=\"og:image:width\" content=\"276\" \/>\n\t<meta property=\"og:image:height\" content=\"276\" \/>\n\t<meta property=\"og:image:type\" content=\"image\/png\" \/>\n<meta name=\"twitter:card\" content=\"summary_large_image\" \/>\n<meta name=\"twitter:site\" content=\"@AdliceSoftware\" \/>\n<meta name=\"twitter:label1\" content=\"Dur\u00e9e de lecture estim\u00e9e\" \/>\n\t<meta name=\"twitter:data1\" content=\"1 minute\" \/>\n<script type=\"application\/ld+json\" class=\"yoast-schema-graph\">{\"@context\":\"https:\/\/schema.org\",\"@graph\":[{\"@type\":\"WebPage\",\"@id\":\"https:\/\/www.adlice.com\/fr\/faire-un-don\/\",\"url\":\"https:\/\/www.adlice.com\/fr\/faire-un-don\/\",\"name\":\"Faire un don | Supporter notre entreprise \u2022 Adlice Software\",\"isPartOf\":{\"@id\":\"https:\/\/www.adlice.com\/fr\/#website\"},\"datePublished\":\"2014-12-02T13:59:02+00:00\",\"dateModified\":\"2026-04-10T07:03:28+00:00\",\"description\":\"Si vous aimez nos produits et voulez nous envoyer un pourboire, nous acceptons les dons Paypal and la monnaie crypto. Vous choississez ce que vous envoyez.\",\"breadcrumb\":{\"@id\":\"https:\/\/www.adlice.com\/fr\/faire-un-don\/#breadcrumb\"},\"inLanguage\":\"fr-FR\",\"potentialAction\":[{\"@type\":\"ReadAction\",\"target\":[\"https:\/\/www.adlice.com\/fr\/faire-un-don\/\"]}]},{\"@type\":\"BreadcrumbList\",\"@id\":\"https:\/\/www.adlice.com\/fr\/faire-un-don\/#breadcrumb\",\"itemListElement\":[{\"@type\":\"ListItem\",\"position\":1,\"name\":\"Home\",\"item\":\"https:\/\/www.adlice.com\/fr\/\"},{\"@type\":\"ListItem\",\"position\":2,\"name\":\"Faire un don\"}]},{\"@type\":\"WebSite\",\"@id\":\"https:\/\/www.adlice.com\/fr\/#website\",\"url\":\"https:\/\/www.adlice.com\/fr\/\",\"name\":\"Adlice Software\",\"description\":\"Anti-malware and analysis tools\",\"publisher\":{\"@id\":\"https:\/\/www.adlice.com\/fr\/#organization\"},\"potentialAction\":[{\"@type\":\"SearchAction\",\"target\":{\"@type\":\"EntryPoint\",\"urlTemplate\":\"https:\/\/www.adlice.com\/fr\/?s={search_term_string}\"},\"query-input\":{\"@type\":\"PropertyValueSpecification\",\"valueRequired\":true,\"valueName\":\"search_term_string\"}}],\"inLanguage\":\"fr-FR\"},{\"@type\":\"Organization\",\"@id\":\"https:\/\/www.adlice.com\/fr\/#organization\",\"name\":\"Adlice Software\",\"url\":\"https:\/\/www.adlice.com\/fr\/\",\"logo\":{\"@type\":\"ImageObject\",\"inLanguage\":\"fr-FR\",\"@id\":\"https:\/\/www.adlice.com\/fr\/#\/schema\/logo\/image\/\",\"url\":\"https:\/\/www.adlice.com\/wp-content\/uploads\/2020\/05\/B1rTNpTG_400x40_10.png\",\"contentUrl\":\"https:\/\/www.adlice.com\/wp-content\/uploads\/2020\/05\/B1rTNpTG_400x40_10.png\",\"width\":276,\"height\":276,\"caption\":\"Adlice Software\"},\"image\":{\"@id\":\"https:\/\/www.adlice.com\/fr\/#\/schema\/logo\/image\/\"},\"sameAs\":[\"https:\/\/www.facebook.com\/RogueKiller\",\"https:\/\/x.com\/AdliceSoftware\",\"https:\/\/fr.linkedin.com\/company\/adlice-software\",\"https:\/\/www.youtube.com\/channel\/UC4CQ-gIZMGWxl-auf0QqYhQ\"]}]}<\/script>\n<!-- \/ Yoast SEO plugin. -->","yoast_head_json":{"title":"Faire un don | Supporter notre entreprise \u2022 Adlice Software","description":"Si vous aimez nos produits et voulez nous envoyer un pourboire, nous acceptons les dons Paypal and la monnaie crypto. Vous choississez ce que vous envoyez.","robots":{"index":"index","follow":"follow","max-snippet":"max-snippet:-1","max-image-preview":"max-image-preview:large","max-video-preview":"max-video-preview:-1"},"canonical":"https:\/\/www.adlice.com\/fr\/faire-un-don\/","og_locale":"fr_FR","og_type":"article","og_title":"Faire un don | Supporter notre entreprise \u2022 Adlice Software","og_description":"Si vous aimez nos produits et voulez nous envoyer un pourboire, nous acceptons les dons Paypal and la monnaie crypto. Vous choississez ce que vous envoyez.","og_url":"https:\/\/www.adlice.com\/fr\/faire-un-don\/","og_site_name":"Adlice Software","article_publisher":"https:\/\/www.facebook.com\/RogueKiller","article_modified_time":"2026-04-10T07:03:28+00:00","og_image":[{"width":276,"height":276,"url":"https:\/\/www.adlice.com\/wp-content\/uploads\/2020\/05\/B1rTNpTG_400x40_10.png","type":"image\/png"}],"twitter_card":"summary_large_image","twitter_site":"@AdliceSoftware","twitter_misc":{"Dur\u00e9e de lecture estim\u00e9e":"1 minute"},"schema":{"@context":"https:\/\/schema.org","@graph":[{"@type":"WebPage","@id":"https:\/\/www.adlice.com\/fr\/faire-un-don\/","url":"https:\/\/www.adlice.com\/fr\/faire-un-don\/","name":"Faire un don | Supporter notre entreprise \u2022 Adlice Software","isPartOf":{"@id":"https:\/\/www.adlice.com\/fr\/#website"},"datePublished":"2014-12-02T13:59:02+00:00","dateModified":"2026-04-10T07:03:28+00:00","description":"Si vous aimez nos produits et voulez nous envoyer un pourboire, nous acceptons les dons Paypal and la monnaie crypto. Vous choississez ce que vous envoyez.","breadcrumb":{"@id":"https:\/\/www.adlice.com\/fr\/faire-un-don\/#breadcrumb"},"inLanguage":"fr-FR","potentialAction":[{"@type":"ReadAction","target":["https:\/\/www.adlice.com\/fr\/faire-un-don\/"]}]},{"@type":"BreadcrumbList","@id":"https:\/\/www.adlice.com\/fr\/faire-un-don\/#breadcrumb","itemListElement":[{"@type":"ListItem","position":1,"name":"Home","item":"https:\/\/www.adlice.com\/fr\/"},{"@type":"ListItem","position":2,"name":"Faire un don"}]},{"@type":"WebSite","@id":"https:\/\/www.adlice.com\/fr\/#website","url":"https:\/\/www.adlice.com\/fr\/","name":"Adlice Software","description":"Anti-malware and analysis tools","publisher":{"@id":"https:\/\/www.adlice.com\/fr\/#organization"},"potentialAction":[{"@type":"SearchAction","target":{"@type":"EntryPoint","urlTemplate":"https:\/\/www.adlice.com\/fr\/?s={search_term_string}"},"query-input":{"@type":"PropertyValueSpecification","valueRequired":true,"valueName":"search_term_string"}}],"inLanguage":"fr-FR"},{"@type":"Organization","@id":"https:\/\/www.adlice.com\/fr\/#organization","name":"Adlice Software","url":"https:\/\/www.adlice.com\/fr\/","logo":{"@type":"ImageObject","inLanguage":"fr-FR","@id":"https:\/\/www.adlice.com\/fr\/#\/schema\/logo\/image\/","url":"https:\/\/www.adlice.com\/wp-content\/uploads\/2020\/05\/B1rTNpTG_400x40_10.png","contentUrl":"https:\/\/www.adlice.com\/wp-content\/uploads\/2020\/05\/B1rTNpTG_400x40_10.png","width":276,"height":276,"caption":"Adlice Software"},"image":{"@id":"https:\/\/www.adlice.com\/fr\/#\/schema\/logo\/image\/"},"sameAs":["https:\/\/www.facebook.com\/RogueKiller","https:\/\/x.com\/AdliceSoftware","https:\/\/fr.linkedin.com\/company\/adlice-software","https:\/\/www.youtube.com\/channel\/UC4CQ-gIZMGWxl-auf0QqYhQ"]}]}},"_links":{"self":[{"href":"https:\/\/www.adlice.com\/fr\/wp-json\/wp\/v2\/pages\/306","targetHints":{"allow":["GET"]}}],"collection":[{"href":"https:\/\/www.adlice.com\/fr\/wp-json\/wp\/v2\/pages"}],"about":[{"href":"https:\/\/www.adlice.com\/fr\/wp-json\/wp\/v2\/types\/page"}],"author":[{"embeddable":true,"href":"https:\/\/www.adlice.com\/fr\/wp-json\/wp\/v2\/users\/1"}],"replies":[{"embeddable":true,"href":"https:\/\/www.adlice.com\/fr\/wp-json\/wp\/v2\/comments?post=306"}],"version-history":[{"count":2,"href":"https:\/\/www.adlice.com\/fr\/wp-json\/wp\/v2\/pages\/306\/revisions"}],"predecessor-version":[{"id":100197,"href":"https:\/\/www.adlice.com\/fr\/wp-json\/wp\/v2\/pages\/306\/revisions\/100197"}],"wp:attachment":[{"href":"https:\/\/www.adlice.com\/fr\/wp-json\/wp\/v2\/media?parent=306"}],"curies":[{"name":"wp","href":"https:\/\/api.w.org\/{rel}","templated":true}]}}