{"id":301,"date":"2014-02-08T13:09:58","date_gmt":"2014-02-08T13:09:58","guid":{"rendered":"http:\/\/www.adlice.com\/fr\/?page_id=301"},"modified":"2026-02-10T08:58:37","modified_gmt":"2026-02-10T08:58:37","slug":"contact","status":"publish","type":"page","link":"https:\/\/www.adlice.com\/fr\/contact\/","title":{"rendered":"Contact"},"content":{"rendered":"\n<p class=\"has-white-color has-text-color has-background\" style=\"background-color:#e67e22\"><strong>Avant de prendre contact, Important:<\/strong> Merci de lire ce qui suit<\/p>\n\n\n\n<p class=\"has-white-color has-accent-background-color has-text-color has-background\"><strong>Probl\u00e8mes courants<\/strong><\/p>\n\n\n\n<ul class=\"wp-block-list\">\n<li><strong>Cl\u00e9 de licence non re\u00e7ue ?<\/strong> Essayez notre <a href=\"https:\/\/shop.adlice.com\/fr\/licence-perdue\/\">formulaire de r\u00e9cup\u00e9ration<\/a> (merci de v\u00e9rifier votre dossier SPAM \u00e9galement).<\/li>\n\n\n\n<li><strong>Cl\u00e9 de licence toujours non re\u00e7ue ?<\/strong> N&#8217;h\u00e9sitez pas \u00e0 envoyer un message.<\/li>\n\n\n\n<li><strong>Un probl\u00e8me ?<\/strong> Merci de regarder en priorit\u00e9 <a href=\"https:\/\/www.adlice.com\/fr\/docs\/roguekiller\/faq\/\">la FAQ<\/a>.<\/li>\n\n\n\n<li><strong>Toujours besoin d&#8217;aide ?<\/strong> N&#8217;h\u00e9sitez pas \u00e0 nous envoyer un message.<\/li>\n\n\n\n<li><strong>D\u00e9sinfection de malware ?<\/strong> N&#8217;h\u00e9sitez pas \u00e0 nous envoyer un message (Premium seulement).<\/li>\n<\/ul>\n\n\n\n<p class=\"has-white-color has-text-color has-background\" style=\"background-color:#16a085\"><strong><strong>Nous Contacter<\/strong><\/strong><\/p>\n\n\n\n<div class=\"wpforms-container wpforms-container-full\" id=\"wpforms-3934\"><form id=\"wpforms-form-3934\" class=\"wpforms-validate wpforms-form wpforms-ajax-form\" data-formid=\"3934\" method=\"post\" enctype=\"multipart\/form-data\" action=\"\/fr\/wp-json\/wp\/v2\/pages\/301?wpforms_form_id=3934\" data-token=\"d89665a3baa5ff04c6e058bab723653c\" data-token-time=\"1777609739\"><noscript class=\"wpforms-error-noscript\">Veuillez activer JavaScript dans votre navigateur pour remplir ce formulaire.<\/noscript><div class=\"wpforms-field-container\"><div id=\"wpforms-3934-field_0-container\" class=\"wpforms-field wpforms-field-name\" data-field-id=\"0\"><label class=\"wpforms-field-label\" for=\"wpforms-3934-field_0\">Nom <span class=\"wpforms-required-label\">*<\/span><\/label><input type=\"text\" id=\"wpforms-3934-field_0\" class=\"wpforms-field-medium wpforms-field-required\" name=\"wpforms[fields][0]\" required><\/div><div id=\"wpforms-3934-field_1-container\" class=\"wpforms-field wpforms-field-email\" data-field-id=\"1\"><label class=\"wpforms-field-label\" for=\"wpforms-3934-field_1\">Email <span class=\"wpforms-required-label\">*<\/span><\/label><input type=\"email\" id=\"wpforms-3934-field_1\" class=\"wpforms-field-medium wpforms-field-required\" name=\"wpforms[fields][1]\" spellcheck=\"false\" required><\/div><div id=\"wpforms-3934-field_3-container\" class=\"wpforms-field wpforms-field-select wpforms-field-select-style-classic\" data-field-id=\"3\"><label class=\"wpforms-field-label\" for=\"wpforms-3934-field_3\">Produit <span class=\"wpforms-required-label\">*<\/span><\/label><select id=\"wpforms-3934-field_3\" class=\"wpforms-field-medium wpforms-field-required\" name=\"wpforms[fields][3]\" required=\"required\"><option value=\"Adlice Protect\"  class=\"choice-1 depth-1\"  >Adlice Protect<\/option><option value=\"UCheck\"  class=\"choice-2 depth-1\"  >UCheck<\/option><option value=\"Adlice Diag\"  class=\"choice-7 depth-1\"  >Adlice Diag<\/option><option value=\"Website\"  class=\"choice-8 depth-1\"  >Website<\/option><option value=\"Adlice PEViewer\"  class=\"choice-3 depth-1\"  >Adlice PEViewer<\/option><option value=\"YaraEditor\"  class=\"choice-4 depth-1\"  >YaraEditor<\/option><option value=\"MRF\"  class=\"choice-5 depth-1\"  >MRF<\/option><option value=\"CrashDumpExtractor (CDE)\"  class=\"choice-6 depth-1\"  >CrashDumpExtractor (CDE)<\/option><option value=\"Autre\"  class=\"choice-9 depth-1\"  >Autre<\/option><\/select><div class=\"wpforms-field-description\">Merci de nous renseigner le nom du produit pour lequel vous nous contactez.<\/div><\/div><div id=\"wpforms-3934-field_4-container\" class=\"wpforms-field wpforms-field-radio\" data-field-id=\"4\"><label class=\"wpforms-field-label\">Raison <span class=\"wpforms-required-label\">*<\/span><\/label><ul id=\"wpforms-3934-field_4\" class=\"wpforms-field-required\"><li class=\"choice-1 depth-1 wpforms-selected\"><input type=\"radio\" id=\"wpforms-3934-field_4_1\" name=\"wpforms[fields][4]\" value=\"Question g\u00e9n\u00e9rale\" required  checked='checked'><label class=\"wpforms-field-label-inline\" for=\"wpforms-3934-field_4_1\">Question g\u00e9n\u00e9rale<\/label><\/li><li class=\"choice-2 depth-1\"><input type=\"radio\" id=\"wpforms-3934-field_4_2\" name=\"wpforms[fields][4]\" value=\"Probl\u00e8me de licence\" required ><label class=\"wpforms-field-label-inline\" for=\"wpforms-3934-field_4_2\">Probl\u00e8me de licence<\/label><\/li><li class=\"choice-3 depth-1\"><input type=\"radio\" id=\"wpforms-3934-field_4_3\" name=\"wpforms[fields][4]\" value=\"Partenariat\" required ><label class=\"wpforms-field-label-inline\" for=\"wpforms-3934-field_4_3\">Partenariat<\/label><\/li><li class=\"choice-4 depth-1\"><input type=\"radio\" id=\"wpforms-3934-field_4_4\" name=\"wpforms[fields][4]\" value=\"Rapport de crash ou de bug\" required ><label class=\"wpforms-field-label-inline\" for=\"wpforms-3934-field_4_4\">Rapport de crash ou de bug<\/label><\/li><li class=\"choice-5 depth-1\"><input type=\"radio\" id=\"wpforms-3934-field_4_5\" name=\"wpforms[fields][4]\" value=\"Fausse d\u00e9tection\" required ><label class=\"wpforms-field-label-inline\" for=\"wpforms-3934-field_4_5\">Fausse d\u00e9tection<\/label><\/li><li class=\"choice-6 depth-1\"><input type=\"radio\" id=\"wpforms-3934-field_4_6\" name=\"wpforms[fields][4]\" value=\"Ajouter une nouvelle d\u00e9tection\" required ><label class=\"wpforms-field-label-inline\" for=\"wpforms-3934-field_4_6\">Ajouter une nouvelle d\u00e9tection<\/label><\/li><li class=\"choice-7 depth-1\"><input type=\"radio\" id=\"wpforms-3934-field_4_7\" name=\"wpforms[fields][4]\" value=\"Devenir un helper Diag\" required ><label class=\"wpforms-field-label-inline\" for=\"wpforms-3934-field_4_7\">Devenir un helper Diag<\/label><\/li><li class=\"choice-8 depth-1\"><input type=\"radio\" id=\"wpforms-3934-field_4_8\" name=\"wpforms[fields][4]\" value=\"Autre\" required ><label class=\"wpforms-field-label-inline\" for=\"wpforms-3934-field_4_8\">Autre<\/label><\/li><\/ul><\/div><div id=\"wpforms-3934-field_2-container\" class=\"wpforms-field wpforms-field-textarea\" data-field-id=\"2\"><label class=\"wpforms-field-label\" for=\"wpforms-3934-field_2\">Commentaire ou Message <span class=\"wpforms-required-label\">*<\/span><\/label><textarea id=\"wpforms-3934-field_2\" class=\"wpforms-field-medium wpforms-field-required\" name=\"wpforms[fields][2]\" required><\/textarea><\/div><div id=\"wpforms-3934-field_6-container\" class=\"wpforms-field wpforms-field-file-upload\" data-field-id=\"6\"><label class=\"wpforms-field-label\" for=\"wpforms-3934-field_6\">Pi\u00e8ce jointe<\/label><div\n\t\tclass=\"wpforms-uploader \"\n\t\tdata-field-id=\"6\"\n\t\tdata-form-id=\"3934\"\n\t\tdata-input-name=\"wpforms_3934_6\"\n\t\tdata-extensions=\"jpg,jpeg,jpe,gif,png,bmp,tiff,tif,webp,avif,ico,heic,heif,heics,heifs,asf,asx,wmv,wmx,wm,avi,divx,mov,qt,mpeg,mpg,mpe,mp4,m4v,ogv,webm,mkv,3gp,3gpp,3g2,3gp2,txt,asc,c,cc,h,srt,csv,tsv,ics,rtx,css,vtt,mp3,m4a,m4b,aac,ra,ram,wav,x-wav,ogg,oga,flac,mid,midi,wma,wax,mka,rtf,pdf,class,tar,zip,gz,gzip,rar,7z,psd,xcf,doc,pot,pps,ppt,wri,xla,xls,xlt,xlw,mpp,docx,docm,dotx,dotm,xlsx,xlsm,xlsb,xltx,xltm,xlam,pptx,pptm,ppsx,ppsm,potx,potm,ppam,sldx,sldm,onetoc,onetoc2,onepkg,oxps,xps,odt,odp,ods,odg,odc,odb,odf,wp,wpd,key,numbers,pages\"\n\t\tdata-max-size=\"52428800\"\n\t\tdata-max-file-number=\"5\"\n\t\tdata-post-max-size=\"268435456\"\n\t\tdata-max-parallel-uploads=\"4\"\n\t\tdata-parallel-uploads=\"true\"\n\t\tdata-file-chunk-size=\"2097152\">\n\t<div class=\"dz-message\">\n\t\t<svg  viewBox=\"0 0 640 640\" focusable=\"false\" data-icon=\"inbox\" width=\"50px\" height=\"50px\" fill=\"currentColor\" aria-hidden=\"true\">\n\t\t\t<path d=\"M352 173.3L352 384C352 401.7 337.7 416 320 416C302.3 416 288 401.7 288 384L288 173.3L246.6 214.7C234.1 227.2 213.8 227.2 201.3 214.7C188.8 202.2 188.8 181.9 201.3 169.4L297.3 73.4C309.8 60.9 330.1 60.9 342.6 73.4L438.6 169.4C451.1 181.9 451.1 202.2 438.6 214.7C426.1 227.2 405.8 227.2 393.3 214.7L352 173.3zM320 464C364.2 464 400 428.2 400 384L480 384C515.3 384 544 412.7 544 448L544 480C544 515.3 515.3 544 480 544L160 544C124.7 544 96 515.3 96 480L96 448C96 412.7 124.7 384 160 384L240 384C240 428.2 275.8 464 320 464zM464 488C477.3 488 488 477.3 488 464C488 450.7 477.3 440 464 440C450.7 440 440 450.7 440 464C440 477.3 450.7 488 464 488z\"\/>\n\t\t<\/svg>\n\n\t\t<span class=\"modern-title\">\n\t\t\t\t\t\t\tDrag &amp; Drop Files, \t\t\t\t<span>Choose Files to Upload<\/span>\n\t\t\t\t\t<\/span>\n\n\t\t\t\t\t<span class=\"modern-hint\">Vous pouvez t\u00e9l\u00e9verser jusqu\u2019\u00e0 5 fichiers.<\/span>\n\t\t\t<\/div>\n<\/div>\n\n<input\n\t\ttype=\"text\"\n\t\tautocomplete=\"off\"\n\t\treadonly\n\t\tclass=\"dropzone-input\"\n\t\tstyle=\"position:absolute!important;clip:rect(0,0,0,0)!important;height:1px!important;width:1px!important;border:0!important;overflow:hidden!important;padding:0!important;margin:0!important;\"\n\t\tid=\"wpforms-3934-field_6\"\n\t\tname=\"wpforms_3934_6\" \t\tvalue=\"\">\n<\/div><div id=\"wpforms-3934-field_5-container\" class=\"wpforms-field wpforms-field-gdpr-checkbox\" data-field-id=\"5\"><label class=\"wpforms-field-label\">Consentement RGPD <span class=\"wpforms-required-label\">*<\/span><\/label><ul id=\"wpforms-3934-field_5\" class=\"wpforms-field-required\"><li class=\"choice-1\"><input type=\"checkbox\" id=\"wpforms-3934-field_5_1\" name=\"wpforms[fields][5][]\" value=\"Je suis d&#039;accord avec le fait que ce site web puisse stocker l&#039;information soumise afin de r\u00e9pondre \u00e0 ma demande..\" required ><label class=\"wpforms-field-label-inline\" for=\"wpforms-3934-field_5_1\">Je suis d'accord avec le fait que ce site web puisse stocker l'information soumise afin de r\u00e9pondre \u00e0 ma demande..<\/label><\/li><\/ul><\/div><\/div><!-- .wpforms-field-container --><div class=\"wpforms-field wpforms-field-hp\"><label for=\"wpforms-3934-field-hp\" class=\"wpforms-field-label\">Comment<\/label><input type=\"text\" name=\"wpforms[hp]\" id=\"wpforms-3934-field-hp\" class=\"wpforms-field-medium\"><\/div><div class=\"wpforms-recaptcha-container wpforms-is-recaptcha wpforms-is-recaptcha-type-v2\" ><div class=\"g-recaptcha\" data-sitekey=\"6LcMrcYZAAAAAOkV3_yc-8mA517GMpGVGyb4U82b\"><\/div><input type=\"text\" name=\"g-recaptcha-hidden\" class=\"wpforms-recaptcha-hidden\" style=\"position:absolute!important;clip:rect(0,0,0,0)!important;height:1px!important;width:1px!important;border:0!important;overflow:hidden!important;padding:0!important;margin:0!important;\" data-rule-recaptcha=\"1\"><\/div><div class=\"wpforms-submit-container\" ><input type=\"hidden\" name=\"wpforms[id]\" value=\"3934\"><input type=\"hidden\" name=\"page_title\" value=\"\"><input type=\"hidden\" name=\"page_url\" value=\"https:\/\/www.adlice.com\/fr\/wp-json\/wp\/v2\/pages\/301\"><input type=\"hidden\" name=\"url_referer\" value=\"\"><button type=\"submit\" name=\"wpforms[submit]\" id=\"wpforms-submit-3934\" class=\"wpforms-submit\" data-alt-text=\"Envoi...\" data-submit-text=\"Soumettre\" aria-live=\"assertive\" value=\"wpforms-submit\">Soumettre<\/button><img decoding=\"async\" src=\"https:\/\/www.adlice.com\/wp-content\/plugins\/wpforms\/assets\/images\/submit-spin.svg\" class=\"wpforms-submit-spinner\" style=\"display: none;\" width=\"26\" height=\"26\" alt=\"Chargement en cours\"><\/div><\/form><\/div>  <!-- .wpforms-container -->\n","protected":false},"excerpt":{"rendered":"<p>Avant de prendre contact, Important: Merci de lire ce qui suit Probl\u00e8mes courants Nous Contacter<\/p>\n","protected":false},"author":1,"featured_media":0,"parent":0,"menu_order":0,"comment_status":"closed","ping_status":"closed","template":"","meta":{"footnotes":""},"class_list":["post-301","page","type-page","status-publish","hentry","description-off"],"views":0,"featured_image_src":null,"yoast_head":"<!-- This site is optimized with the Yoast SEO plugin v27.1.1 - https:\/\/yoast.com\/product\/yoast-seo-wordpress\/ -->\n<title>Formulaire de Support | Contact \u2022 Adlice Software<\/title>\n<meta name=\"description\" content=\"Besoin d&#039;aide? Un bug \u00e0 signaler? Une demande \u00e0 envoyer ? N&#039;h\u00e9sitez pas \u00e0 nous poser une question en remplissant le formulaire de contact.\" \/>\n<meta name=\"robots\" content=\"index, follow, max-snippet:-1, max-image-preview:large, max-video-preview:-1\" \/>\n<link rel=\"canonical\" href=\"https:\/\/www.adlice.com\/fr\/contact\/\" \/>\n<meta property=\"og:locale\" content=\"fr_FR\" \/>\n<meta property=\"og:type\" content=\"article\" \/>\n<meta property=\"og:title\" content=\"Formulaire de Support | Contact \u2022 Adlice Software\" \/>\n<meta property=\"og:description\" content=\"Besoin d&#039;aide? Un bug \u00e0 signaler? Une demande \u00e0 envoyer ? N&#039;h\u00e9sitez pas \u00e0 nous poser une question en remplissant le formulaire de contact.\" \/>\n<meta property=\"og:url\" content=\"https:\/\/www.adlice.com\/fr\/contact\/\" \/>\n<meta property=\"og:site_name\" content=\"Adlice Software\" \/>\n<meta property=\"article:publisher\" content=\"https:\/\/www.facebook.com\/RogueKiller\" \/>\n<meta property=\"article:modified_time\" content=\"2026-02-10T08:58:37+00:00\" \/>\n<meta property=\"og:image\" content=\"https:\/\/www.adlice.com\/wp-content\/uploads\/2020\/05\/B1rTNpTG_400x40_10.png\" \/>\n\t<meta property=\"og:image:width\" content=\"276\" \/>\n\t<meta property=\"og:image:height\" content=\"276\" \/>\n\t<meta property=\"og:image:type\" content=\"image\/png\" \/>\n<meta name=\"twitter:card\" content=\"summary_large_image\" \/>\n<meta name=\"twitter:site\" content=\"@AdliceSoftware\" \/>\n<meta name=\"twitter:label1\" content=\"Dur\u00e9e de lecture estim\u00e9e\" \/>\n\t<meta name=\"twitter:data1\" content=\"1 minute\" \/>\n<script type=\"application\/ld+json\" class=\"yoast-schema-graph\">{\"@context\":\"https:\/\/schema.org\",\"@graph\":[{\"@type\":\"WebPage\",\"@id\":\"https:\/\/www.adlice.com\/fr\/contact\/\",\"url\":\"https:\/\/www.adlice.com\/fr\/contact\/\",\"name\":\"Formulaire de Support | Contact \u2022 Adlice Software\",\"isPartOf\":{\"@id\":\"https:\/\/www.adlice.com\/fr\/#website\"},\"datePublished\":\"2014-02-08T13:09:58+00:00\",\"dateModified\":\"2026-02-10T08:58:37+00:00\",\"description\":\"Besoin d'aide? Un bug \u00e0 signaler? Une demande \u00e0 envoyer ? N'h\u00e9sitez pas \u00e0 nous poser une question en remplissant le formulaire de contact.\",\"breadcrumb\":{\"@id\":\"https:\/\/www.adlice.com\/fr\/contact\/#breadcrumb\"},\"inLanguage\":\"fr-FR\",\"potentialAction\":[{\"@type\":\"ReadAction\",\"target\":[\"https:\/\/www.adlice.com\/fr\/contact\/\"]}]},{\"@type\":\"BreadcrumbList\",\"@id\":\"https:\/\/www.adlice.com\/fr\/contact\/#breadcrumb\",\"itemListElement\":[{\"@type\":\"ListItem\",\"position\":1,\"name\":\"Home\",\"item\":\"https:\/\/www.adlice.com\/fr\/\"},{\"@type\":\"ListItem\",\"position\":2,\"name\":\"Contact\"}]},{\"@type\":\"WebSite\",\"@id\":\"https:\/\/www.adlice.com\/fr\/#website\",\"url\":\"https:\/\/www.adlice.com\/fr\/\",\"name\":\"Adlice Software\",\"description\":\"Anti-malware and analysis tools\",\"publisher\":{\"@id\":\"https:\/\/www.adlice.com\/fr\/#organization\"},\"potentialAction\":[{\"@type\":\"SearchAction\",\"target\":{\"@type\":\"EntryPoint\",\"urlTemplate\":\"https:\/\/www.adlice.com\/fr\/?s={search_term_string}\"},\"query-input\":{\"@type\":\"PropertyValueSpecification\",\"valueRequired\":true,\"valueName\":\"search_term_string\"}}],\"inLanguage\":\"fr-FR\"},{\"@type\":\"Organization\",\"@id\":\"https:\/\/www.adlice.com\/fr\/#organization\",\"name\":\"Adlice Software\",\"url\":\"https:\/\/www.adlice.com\/fr\/\",\"logo\":{\"@type\":\"ImageObject\",\"inLanguage\":\"fr-FR\",\"@id\":\"https:\/\/www.adlice.com\/fr\/#\/schema\/logo\/image\/\",\"url\":\"https:\/\/www.adlice.com\/wp-content\/uploads\/2020\/05\/B1rTNpTG_400x40_10.png\",\"contentUrl\":\"https:\/\/www.adlice.com\/wp-content\/uploads\/2020\/05\/B1rTNpTG_400x40_10.png\",\"width\":276,\"height\":276,\"caption\":\"Adlice Software\"},\"image\":{\"@id\":\"https:\/\/www.adlice.com\/fr\/#\/schema\/logo\/image\/\"},\"sameAs\":[\"https:\/\/www.facebook.com\/RogueKiller\",\"https:\/\/x.com\/AdliceSoftware\",\"https:\/\/fr.linkedin.com\/company\/adlice-software\",\"https:\/\/www.youtube.com\/channel\/UC4CQ-gIZMGWxl-auf0QqYhQ\"]}]}<\/script>\n<!-- \/ Yoast SEO plugin. -->","yoast_head_json":{"title":"Formulaire de Support | Contact \u2022 Adlice Software","description":"Besoin d'aide? Un bug \u00e0 signaler? Une demande \u00e0 envoyer ? N'h\u00e9sitez pas \u00e0 nous poser une question en remplissant le formulaire de contact.","robots":{"index":"index","follow":"follow","max-snippet":"max-snippet:-1","max-image-preview":"max-image-preview:large","max-video-preview":"max-video-preview:-1"},"canonical":"https:\/\/www.adlice.com\/fr\/contact\/","og_locale":"fr_FR","og_type":"article","og_title":"Formulaire de Support | Contact \u2022 Adlice Software","og_description":"Besoin d'aide? Un bug \u00e0 signaler? Une demande \u00e0 envoyer ? N'h\u00e9sitez pas \u00e0 nous poser une question en remplissant le formulaire de contact.","og_url":"https:\/\/www.adlice.com\/fr\/contact\/","og_site_name":"Adlice Software","article_publisher":"https:\/\/www.facebook.com\/RogueKiller","article_modified_time":"2026-02-10T08:58:37+00:00","og_image":[{"width":276,"height":276,"url":"https:\/\/www.adlice.com\/wp-content\/uploads\/2020\/05\/B1rTNpTG_400x40_10.png","type":"image\/png"}],"twitter_card":"summary_large_image","twitter_site":"@AdliceSoftware","twitter_misc":{"Dur\u00e9e de lecture estim\u00e9e":"1 minute"},"schema":{"@context":"https:\/\/schema.org","@graph":[{"@type":"WebPage","@id":"https:\/\/www.adlice.com\/fr\/contact\/","url":"https:\/\/www.adlice.com\/fr\/contact\/","name":"Formulaire de Support | Contact \u2022 Adlice Software","isPartOf":{"@id":"https:\/\/www.adlice.com\/fr\/#website"},"datePublished":"2014-02-08T13:09:58+00:00","dateModified":"2026-02-10T08:58:37+00:00","description":"Besoin d'aide? Un bug \u00e0 signaler? Une demande \u00e0 envoyer ? N'h\u00e9sitez pas \u00e0 nous poser une question en remplissant le formulaire de contact.","breadcrumb":{"@id":"https:\/\/www.adlice.com\/fr\/contact\/#breadcrumb"},"inLanguage":"fr-FR","potentialAction":[{"@type":"ReadAction","target":["https:\/\/www.adlice.com\/fr\/contact\/"]}]},{"@type":"BreadcrumbList","@id":"https:\/\/www.adlice.com\/fr\/contact\/#breadcrumb","itemListElement":[{"@type":"ListItem","position":1,"name":"Home","item":"https:\/\/www.adlice.com\/fr\/"},{"@type":"ListItem","position":2,"name":"Contact"}]},{"@type":"WebSite","@id":"https:\/\/www.adlice.com\/fr\/#website","url":"https:\/\/www.adlice.com\/fr\/","name":"Adlice Software","description":"Anti-malware and analysis tools","publisher":{"@id":"https:\/\/www.adlice.com\/fr\/#organization"},"potentialAction":[{"@type":"SearchAction","target":{"@type":"EntryPoint","urlTemplate":"https:\/\/www.adlice.com\/fr\/?s={search_term_string}"},"query-input":{"@type":"PropertyValueSpecification","valueRequired":true,"valueName":"search_term_string"}}],"inLanguage":"fr-FR"},{"@type":"Organization","@id":"https:\/\/www.adlice.com\/fr\/#organization","name":"Adlice Software","url":"https:\/\/www.adlice.com\/fr\/","logo":{"@type":"ImageObject","inLanguage":"fr-FR","@id":"https:\/\/www.adlice.com\/fr\/#\/schema\/logo\/image\/","url":"https:\/\/www.adlice.com\/wp-content\/uploads\/2020\/05\/B1rTNpTG_400x40_10.png","contentUrl":"https:\/\/www.adlice.com\/wp-content\/uploads\/2020\/05\/B1rTNpTG_400x40_10.png","width":276,"height":276,"caption":"Adlice Software"},"image":{"@id":"https:\/\/www.adlice.com\/fr\/#\/schema\/logo\/image\/"},"sameAs":["https:\/\/www.facebook.com\/RogueKiller","https:\/\/x.com\/AdliceSoftware","https:\/\/fr.linkedin.com\/company\/adlice-software","https:\/\/www.youtube.com\/channel\/UC4CQ-gIZMGWxl-auf0QqYhQ"]}]}},"_links":{"self":[{"href":"https:\/\/www.adlice.com\/fr\/wp-json\/wp\/v2\/pages\/301","targetHints":{"allow":["GET"]}}],"collection":[{"href":"https:\/\/www.adlice.com\/fr\/wp-json\/wp\/v2\/pages"}],"about":[{"href":"https:\/\/www.adlice.com\/fr\/wp-json\/wp\/v2\/types\/page"}],"author":[{"embeddable":true,"href":"https:\/\/www.adlice.com\/fr\/wp-json\/wp\/v2\/users\/1"}],"replies":[{"embeddable":true,"href":"https:\/\/www.adlice.com\/fr\/wp-json\/wp\/v2\/comments?post=301"}],"version-history":[{"count":7,"href":"https:\/\/www.adlice.com\/fr\/wp-json\/wp\/v2\/pages\/301\/revisions"}],"predecessor-version":[{"id":277466,"href":"https:\/\/www.adlice.com\/fr\/wp-json\/wp\/v2\/pages\/301\/revisions\/277466"}],"wp:attachment":[{"href":"https:\/\/www.adlice.com\/fr\/wp-json\/wp\/v2\/media?parent=301"}],"curies":[{"name":"wp","href":"https:\/\/api.w.org\/{rel}","templated":true}]}}