{"id":311508,"date":"2015-09-01T09:13:15","date_gmt":"2015-09-01T09:13:15","guid":{"rendered":"https:\/\/www.adlice.com\/blog\/"},"modified":"2026-04-21T15:15:37","modified_gmt":"2026-04-21T15:15:37","slug":"blog","status":"publish","type":"page","link":"https:\/\/www.adlice.com\/es\/blog\/","title":{"rendered":"Blog"},"content":{"rendered":"","protected":false},"excerpt":{"rendered":"","protected":false},"author":1,"featured_media":0,"parent":0,"menu_order":0,"comment_status":"closed","ping_status":"closed","template":"template-blog-masonry.php","meta":{"footnotes":""},"class_list":["post-311508","page","type-page","status-publish","hentry","description-off"],"views":0,"featured_image_src":null,"yoast_head":"<!-- This site is optimized with the Yoast SEO plugin v27.1.1 - https:\/\/yoast.com\/product\/yoast-seo-wordpress\/ -->\n<title>Blog de seguridad | Art\u00edculos de noticias \u2022 Adlice Software<\/title>\n<meta name=\"description\" content=\"Art\u00edculos del blog sobre an\u00e1lisis de malware, consejos anti-malware y programaci\u00f3n. Noticias sobre virus, malware y hacking en la industria anti-malware.\" \/>\n<meta name=\"robots\" content=\"index, follow, max-snippet:-1, max-image-preview:large, max-video-preview:-1\" \/>\n<link rel=\"canonical\" href=\"https:\/\/www.adlice.com\/es\/blog\/\" \/>\n<meta property=\"og:locale\" content=\"es_ES\" \/>\n<meta property=\"og:type\" content=\"article\" \/>\n<meta property=\"og:title\" content=\"Blog de seguridad | Art\u00edculos de noticias \u2022 Adlice Software\" \/>\n<meta property=\"og:description\" content=\"Art\u00edculos del blog sobre an\u00e1lisis de malware, consejos anti-malware y programaci\u00f3n. Noticias sobre virus, malware y hacking en la industria anti-malware.\" \/>\n<meta property=\"og:url\" content=\"https:\/\/www.adlice.com\/es\/blog\/\" \/>\n<meta property=\"og:site_name\" content=\"Adlice Software\" \/>\n<meta property=\"article:publisher\" content=\"https:\/\/www.facebook.com\/RogueKiller\" \/>\n<meta property=\"article:modified_time\" content=\"2026-04-21T15:15:37+00:00\" \/>\n<meta property=\"og:image\" content=\"https:\/\/www.adlice.com\/wp-content\/uploads\/2020\/05\/B1rTNpTG_400x40_10.png\" \/>\n\t<meta property=\"og:image:width\" content=\"276\" \/>\n\t<meta property=\"og:image:height\" content=\"276\" \/>\n\t<meta property=\"og:image:type\" content=\"image\/png\" \/>\n<meta name=\"twitter:card\" content=\"summary_large_image\" \/>\n<meta name=\"twitter:site\" content=\"@AdliceSoftware\" \/>\n<script type=\"application\/ld+json\" class=\"yoast-schema-graph\">{\"@context\":\"https:\/\/schema.org\",\"@graph\":[{\"@type\":\"WebPage\",\"@id\":\"https:\/\/www.adlice.com\/es\/blog\/\",\"url\":\"https:\/\/www.adlice.com\/es\/blog\/\",\"name\":\"Blog de seguridad | Art\u00edculos de noticias \u2022 Adlice Software\",\"isPartOf\":{\"@id\":\"https:\/\/www.adlice.com\/es\/#website\"},\"datePublished\":\"2015-09-01T09:13:15+00:00\",\"dateModified\":\"2026-04-21T15:15:37+00:00\",\"description\":\"Art\u00edculos del blog sobre an\u00e1lisis de malware, consejos anti-malware y programaci\u00f3n. Noticias sobre virus, malware y hacking en la industria anti-malware.\",\"breadcrumb\":{\"@id\":\"https:\/\/www.adlice.com\/es\/blog\/#breadcrumb\"},\"inLanguage\":\"es\",\"potentialAction\":[{\"@type\":\"ReadAction\",\"target\":[\"https:\/\/www.adlice.com\/es\/blog\/\"]}]},{\"@type\":\"BreadcrumbList\",\"@id\":\"https:\/\/www.adlice.com\/es\/blog\/#breadcrumb\",\"itemListElement\":[{\"@type\":\"ListItem\",\"position\":1,\"name\":\"Home\",\"item\":\"https:\/\/www.adlice.com\/es\/\"},{\"@type\":\"ListItem\",\"position\":2,\"name\":\"Blog\"}]},{\"@type\":\"WebSite\",\"@id\":\"https:\/\/www.adlice.com\/es\/#website\",\"url\":\"https:\/\/www.adlice.com\/es\/\",\"name\":\"Adlice Software\",\"description\":\"Anti-malware and analysis tools\",\"publisher\":{\"@id\":\"https:\/\/www.adlice.com\/es\/#organization\"},\"potentialAction\":[{\"@type\":\"SearchAction\",\"target\":{\"@type\":\"EntryPoint\",\"urlTemplate\":\"https:\/\/www.adlice.com\/es\/?s={search_term_string}\"},\"query-input\":{\"@type\":\"PropertyValueSpecification\",\"valueRequired\":true,\"valueName\":\"search_term_string\"}}],\"inLanguage\":\"es\"},{\"@type\":\"Organization\",\"@id\":\"https:\/\/www.adlice.com\/es\/#organization\",\"name\":\"Adlice Software\",\"url\":\"https:\/\/www.adlice.com\/es\/\",\"logo\":{\"@type\":\"ImageObject\",\"inLanguage\":\"es\",\"@id\":\"https:\/\/www.adlice.com\/es\/#\/schema\/logo\/image\/\",\"url\":\"https:\/\/www.adlice.com\/wp-content\/uploads\/2020\/05\/B1rTNpTG_400x40_10.png\",\"contentUrl\":\"https:\/\/www.adlice.com\/wp-content\/uploads\/2020\/05\/B1rTNpTG_400x40_10.png\",\"width\":276,\"height\":276,\"caption\":\"Adlice Software\"},\"image\":{\"@id\":\"https:\/\/www.adlice.com\/es\/#\/schema\/logo\/image\/\"},\"sameAs\":[\"https:\/\/www.facebook.com\/RogueKiller\",\"https:\/\/x.com\/AdliceSoftware\",\"https:\/\/fr.linkedin.com\/company\/adlice-software\",\"https:\/\/www.youtube.com\/channel\/UC4CQ-gIZMGWxl-auf0QqYhQ\"]}]}<\/script>\n<!-- \/ Yoast SEO plugin. -->","yoast_head_json":{"title":"Blog de seguridad | Art\u00edculos de noticias \u2022 Adlice Software","description":"Art\u00edculos del blog sobre an\u00e1lisis de malware, consejos anti-malware y programaci\u00f3n. Noticias sobre virus, malware y hacking en la industria anti-malware.","robots":{"index":"index","follow":"follow","max-snippet":"max-snippet:-1","max-image-preview":"max-image-preview:large","max-video-preview":"max-video-preview:-1"},"canonical":"https:\/\/www.adlice.com\/es\/blog\/","og_locale":"es_ES","og_type":"article","og_title":"Blog de seguridad | Art\u00edculos de noticias \u2022 Adlice Software","og_description":"Art\u00edculos del blog sobre an\u00e1lisis de malware, consejos anti-malware y programaci\u00f3n. Noticias sobre virus, malware y hacking en la industria anti-malware.","og_url":"https:\/\/www.adlice.com\/es\/blog\/","og_site_name":"Adlice Software","article_publisher":"https:\/\/www.facebook.com\/RogueKiller","article_modified_time":"2026-04-21T15:15:37+00:00","og_image":[{"width":276,"height":276,"url":"https:\/\/www.adlice.com\/wp-content\/uploads\/2020\/05\/B1rTNpTG_400x40_10.png","type":"image\/png"}],"twitter_card":"summary_large_image","twitter_site":"@AdliceSoftware","schema":{"@context":"https:\/\/schema.org","@graph":[{"@type":"WebPage","@id":"https:\/\/www.adlice.com\/es\/blog\/","url":"https:\/\/www.adlice.com\/es\/blog\/","name":"Blog de seguridad | Art\u00edculos de noticias \u2022 Adlice Software","isPartOf":{"@id":"https:\/\/www.adlice.com\/es\/#website"},"datePublished":"2015-09-01T09:13:15+00:00","dateModified":"2026-04-21T15:15:37+00:00","description":"Art\u00edculos del blog sobre an\u00e1lisis de malware, consejos anti-malware y programaci\u00f3n. Noticias sobre virus, malware y hacking en la industria anti-malware.","breadcrumb":{"@id":"https:\/\/www.adlice.com\/es\/blog\/#breadcrumb"},"inLanguage":"es","potentialAction":[{"@type":"ReadAction","target":["https:\/\/www.adlice.com\/es\/blog\/"]}]},{"@type":"BreadcrumbList","@id":"https:\/\/www.adlice.com\/es\/blog\/#breadcrumb","itemListElement":[{"@type":"ListItem","position":1,"name":"Home","item":"https:\/\/www.adlice.com\/es\/"},{"@type":"ListItem","position":2,"name":"Blog"}]},{"@type":"WebSite","@id":"https:\/\/www.adlice.com\/es\/#website","url":"https:\/\/www.adlice.com\/es\/","name":"Adlice Software","description":"Anti-malware and analysis tools","publisher":{"@id":"https:\/\/www.adlice.com\/es\/#organization"},"potentialAction":[{"@type":"SearchAction","target":{"@type":"EntryPoint","urlTemplate":"https:\/\/www.adlice.com\/es\/?s={search_term_string}"},"query-input":{"@type":"PropertyValueSpecification","valueRequired":true,"valueName":"search_term_string"}}],"inLanguage":"es"},{"@type":"Organization","@id":"https:\/\/www.adlice.com\/es\/#organization","name":"Adlice Software","url":"https:\/\/www.adlice.com\/es\/","logo":{"@type":"ImageObject","inLanguage":"es","@id":"https:\/\/www.adlice.com\/es\/#\/schema\/logo\/image\/","url":"https:\/\/www.adlice.com\/wp-content\/uploads\/2020\/05\/B1rTNpTG_400x40_10.png","contentUrl":"https:\/\/www.adlice.com\/wp-content\/uploads\/2020\/05\/B1rTNpTG_400x40_10.png","width":276,"height":276,"caption":"Adlice Software"},"image":{"@id":"https:\/\/www.adlice.com\/es\/#\/schema\/logo\/image\/"},"sameAs":["https:\/\/www.facebook.com\/RogueKiller","https:\/\/x.com\/AdliceSoftware","https:\/\/fr.linkedin.com\/company\/adlice-software","https:\/\/www.youtube.com\/channel\/UC4CQ-gIZMGWxl-auf0QqYhQ"]}]}},"_links":{"self":[{"href":"https:\/\/www.adlice.com\/es\/wp-json\/wp\/v2\/pages\/311508","targetHints":{"allow":["GET"]}}],"collection":[{"href":"https:\/\/www.adlice.com\/es\/wp-json\/wp\/v2\/pages"}],"about":[{"href":"https:\/\/www.adlice.com\/es\/wp-json\/wp\/v2\/types\/page"}],"author":[{"embeddable":true,"href":"https:\/\/www.adlice.com\/es\/wp-json\/wp\/v2\/users\/1"}],"replies":[{"embeddable":true,"href":"https:\/\/www.adlice.com\/es\/wp-json\/wp\/v2\/comments?post=311508"}],"version-history":[{"count":1,"href":"https:\/\/www.adlice.com\/es\/wp-json\/wp\/v2\/pages\/311508\/revisions"}],"predecessor-version":[{"id":311509,"href":"https:\/\/www.adlice.com\/es\/wp-json\/wp\/v2\/pages\/311508\/revisions\/311509"}],"wp:attachment":[{"href":"https:\/\/www.adlice.com\/es\/wp-json\/wp\/v2\/media?parent=311508"}],"curies":[{"name":"wp","href":"https:\/\/api.w.org\/{rel}","templated":true}]}}