{"id":305890,"date":"2021-01-29T09:11:28","date_gmt":"2021-01-29T09:11:28","guid":{"rendered":"https:\/\/www.adlice.com\/detections\/"},"modified":"2026-04-10T07:26:10","modified_gmt":"2026-04-10T07:26:10","slug":"detecciones","status":"publish","type":"page","link":"https:\/\/www.adlice.com\/es\/detecciones\/","title":{"rendered":"Detecciones"},"content":{"rendered":"\n<p>Las siguientes secciones aplican solo a algunos de nuestros software (<a href=\"https:\/\/www.adlice.com\/roguekiller\/\">Adlice Protect<\/a> y <a href=\"https:\/\/www.adlice.com\/diag\/\">Diag<\/a>).<\/p>\n\n\n\n<div style=\"height:41px\" aria-hidden=\"true\" class=\"wp-block-spacer\"><\/div>\n\n\n\n<p class=\"has-white-color has-accent-background-color has-text-color has-background\">\u00bfC\u00f3mo detectamos malware?<\/p>\n\n\n\n<p>Nuestros mecanismos de detecci\u00f3n de malware se basan en una diversa gama de tecnolog\u00edas y metodolog\u00edas, adaptadas a si el elemento se analiza en memoria o en disco. Nuestro enfoque incorpora:<\/p>\n\n\n\n<ul class=\"wp-block-list\">\n<li><strong>Tecnolog\u00edas Basadas en Reglas<\/strong>: Nuestro laboratorio de investigaci\u00f3n desarrolla reglas precisas para identificar y clasificar malware.<\/li>\n\n\n\n<li><strong>Motores Heur\u00edsticos<\/strong>: Estos motores analizan artefactos de archivos y metadatos para determinar si un archivo es malicioso.<\/li>\n\n\n\n<li><strong>Firmas en la Nube<\/strong>: Utilizamos firmas basadas en la nube para reconocer amenazas de malware conocidas.<\/li>\n\n\n\n<li><strong>MalPE-AI<\/strong>: Nuestro motor de detecci\u00f3n m\u00e1s reciente y avanzado, MalPE-AI, aprovecha la inteligencia artificial para mejorar significativamente la precisi\u00f3n de detecci\u00f3n mientras se minimizan los falsos positivos.<\/li>\n<\/ul>\n\n\n\n<p>Aunque nos esforzamos por una detecci\u00f3n integral, es importante tener en cuenta que ning\u00fan sistema puede garantizar una detecci\u00f3n del 100% de malware. Sin embargo, nuestra implementaci\u00f3n de MalPE-AI ha mejorado marcadamente nuestras capacidades en esta \u00e1rea.<\/p>\n\n\n\n<div style=\"height:32px\" aria-hidden=\"true\" class=\"wp-block-spacer\"><\/div>\n\n\n\n<p class=\"has-white-color has-accent-background-color has-text-color has-background\">Identificaci\u00f3n de Programas Potencialmente No Deseados (PUPs)<\/p>\n\n\n\n<p>Los Programas Potencialmente No Deseados (PUPs) se consideran generalmente seguros, ya que no ejecutan acciones maliciosas ni tienen la intenci\u00f3n de da\u00f1ar al usuario o sus datos. En nuestro software, las detecciones etiquetadas como &#8220;PUP.SomeProgramName&#8221; indican que un programa ha sido identificado como un PUP.<\/p>\n\n\n\n<h4 class=\"wp-block-heading\">Por qu\u00e9 detectamos PUPs<\/h4>\n\n\n\n<p>Los PUPs se detectan porque pueden ser intrusivos y pueden impactar negativamente en el rendimiento del sistema. A menudo, estos programas se instalan <a href=\"https:\/\/www.adlice.com\/es\/remove-pup\/\">a trav\u00e9s de afiliaciones o asociaciones<\/a> con otro software.<\/p>\n\n\n\n<h4 class=\"wp-block-heading\">Criterios para la Detecci\u00f3n de PUPs<\/h4>\n\n\n\n<p>Nuestros criterios para identificar PUPs incluyen, entre otros:<\/p>\n\n\n\n<ul class=\"wp-block-list\">\n<li>T\u00e1cticas agresivas de marketing con descripciones enga\u00f1osas (p. ej., limpiadores de registro).<\/li>\n\n\n\n<li>Agrupaci\u00f3n con otras instalaciones de software (ofrecidas como componente &#8220;opcional&#8221;).<\/li>\n\n\n\n<li>Modificaciones significativas del sistema que impacten el rendimiento (p. ej., barras de herramientas del navegador).<\/li>\n\n\n\n<li>Dificultad en la desinstalaci\u00f3n o eliminaci\u00f3n por parte del usuario.<\/li>\n\n\n\n<li>Comportamientos que degradan la experiencia del usuario (p. ej., mostrar anuncios, miner\u00eda de criptomonedas).<\/li>\n<\/ul>\n\n\n\n<p>Si cree que un programa ha sido identificado incorrectamente como un PUP, <a href=\"https:\/\/www.adlice.com\/es\/contacto\/\">por favor cont\u00e1ctese con nuestro equipo de soporte<\/a> para obtener m\u00e1s ayuda.<\/p>\n","protected":false},"excerpt":{"rendered":"<p>Las siguientes secciones aplican solo a algunos de nuestros software (Adlice Protect y Diag). \u00bfC\u00f3mo detectamos malware? Nuestros mecanismos de detecci\u00f3n de malware se basan en una diversa gama de tecnolog\u00edas y metodolog\u00edas, adaptadas a si el elemento se analiza en memoria o en disco. Nuestro enfoque incorpora: Aunque nos esforzamos por una detecci\u00f3n integral,&hellip;<\/p>\n","protected":false},"author":1,"featured_media":0,"parent":0,"menu_order":0,"comment_status":"closed","ping_status":"closed","template":"","meta":{"footnotes":""},"class_list":["post-305890","page","type-page","status-publish","hentry","description-off"],"views":0,"featured_image_src":null,"yoast_head":"<!-- This site is optimized with the Yoast SEO plugin v27.1.1 - https:\/\/yoast.com\/product\/yoast-seo-wordpress\/ -->\n<title>Detecciones | C\u00f3mo Detectamos Malware y PUPs \u2022 Adlice Software<\/title>\n<meta name=\"description\" content=\"Descubre c\u00f3mo Adlice Software detecta malware y programas no deseados (PUPs). Tecnolog\u00eda de reglas, heur\u00edstica, firmas en la nube e IA con MalPE-AI.\" \/>\n<meta name=\"robots\" content=\"index, follow, max-snippet:-1, max-image-preview:large, max-video-preview:-1\" \/>\n<link rel=\"canonical\" href=\"https:\/\/www.adlice.com\/es\/detecciones\/\" \/>\n<meta property=\"og:locale\" content=\"es_ES\" \/>\n<meta property=\"og:type\" content=\"article\" \/>\n<meta property=\"og:title\" content=\"Detecciones | C\u00f3mo Detectamos Malware y PUPs \u2022 Adlice Software\" \/>\n<meta property=\"og:description\" content=\"Descubre c\u00f3mo Adlice Software detecta malware y programas no deseados (PUPs). Tecnolog\u00eda de reglas, heur\u00edstica, firmas en la nube e IA con MalPE-AI.\" \/>\n<meta property=\"og:url\" content=\"https:\/\/www.adlice.com\/es\/detecciones\/\" \/>\n<meta property=\"og:site_name\" content=\"Adlice Software\" \/>\n<meta property=\"article:publisher\" content=\"https:\/\/www.facebook.com\/RogueKiller\" \/>\n<meta property=\"article:modified_time\" content=\"2026-04-10T07:26:10+00:00\" \/>\n<meta property=\"og:image\" content=\"https:\/\/www.adlice.com\/wp-content\/uploads\/2020\/05\/B1rTNpTG_400x40_10.png\" \/>\n\t<meta property=\"og:image:width\" content=\"276\" \/>\n\t<meta property=\"og:image:height\" content=\"276\" \/>\n\t<meta property=\"og:image:type\" content=\"image\/png\" \/>\n<meta name=\"twitter:card\" content=\"summary_large_image\" \/>\n<meta name=\"twitter:site\" content=\"@AdliceSoftware\" \/>\n<meta name=\"twitter:label1\" content=\"Tiempo de lectura\" \/>\n\t<meta name=\"twitter:data1\" content=\"2 minutos\" \/>\n<script type=\"application\/ld+json\" class=\"yoast-schema-graph\">{\"@context\":\"https:\/\/schema.org\",\"@graph\":[{\"@type\":\"WebPage\",\"@id\":\"https:\/\/www.adlice.com\/es\/detecciones\/\",\"url\":\"https:\/\/www.adlice.com\/es\/detecciones\/\",\"name\":\"Detecciones | C\u00f3mo Detectamos Malware y PUPs \u2022 Adlice Software\",\"isPartOf\":{\"@id\":\"https:\/\/www.adlice.com\/#website\"},\"datePublished\":\"2021-01-29T09:11:28+00:00\",\"dateModified\":\"2026-04-10T07:26:10+00:00\",\"description\":\"Descubre c\u00f3mo Adlice Software detecta malware y programas no deseados (PUPs). Tecnolog\u00eda de reglas, heur\u00edstica, firmas en la nube e IA con MalPE-AI.\",\"breadcrumb\":{\"@id\":\"https:\/\/www.adlice.com\/es\/detecciones\/#breadcrumb\"},\"inLanguage\":\"es\",\"potentialAction\":[{\"@type\":\"ReadAction\",\"target\":[\"https:\/\/www.adlice.com\/es\/detecciones\/\"]}]},{\"@type\":\"BreadcrumbList\",\"@id\":\"https:\/\/www.adlice.com\/es\/detecciones\/#breadcrumb\",\"itemListElement\":[{\"@type\":\"ListItem\",\"position\":1,\"name\":\"Home\",\"item\":\"https:\/\/www.adlice.com\/es\/\"},{\"@type\":\"ListItem\",\"position\":2,\"name\":\"Detecciones\"}]},{\"@type\":\"WebSite\",\"@id\":\"https:\/\/www.adlice.com\/#website\",\"url\":\"https:\/\/www.adlice.com\/\",\"name\":\"Adlice Software\",\"description\":\"Anti-malware and analysis tools\",\"publisher\":{\"@id\":\"https:\/\/www.adlice.com\/#organization\"},\"potentialAction\":[{\"@type\":\"SearchAction\",\"target\":{\"@type\":\"EntryPoint\",\"urlTemplate\":\"https:\/\/www.adlice.com\/?s={search_term_string}\"},\"query-input\":{\"@type\":\"PropertyValueSpecification\",\"valueRequired\":true,\"valueName\":\"search_term_string\"}}],\"inLanguage\":\"es\"},{\"@type\":\"Organization\",\"@id\":\"https:\/\/www.adlice.com\/#organization\",\"name\":\"Adlice Software\",\"url\":\"https:\/\/www.adlice.com\/\",\"logo\":{\"@type\":\"ImageObject\",\"inLanguage\":\"es\",\"@id\":\"https:\/\/www.adlice.com\/#\/schema\/logo\/image\/\",\"url\":\"https:\/\/www.adlice.com\/wp-content\/uploads\/2020\/05\/B1rTNpTG_400x40_10.png\",\"contentUrl\":\"https:\/\/www.adlice.com\/wp-content\/uploads\/2020\/05\/B1rTNpTG_400x40_10.png\",\"width\":276,\"height\":276,\"caption\":\"Adlice Software\"},\"image\":{\"@id\":\"https:\/\/www.adlice.com\/#\/schema\/logo\/image\/\"},\"sameAs\":[\"https:\/\/www.facebook.com\/RogueKiller\",\"https:\/\/x.com\/AdliceSoftware\",\"https:\/\/fr.linkedin.com\/company\/adlice-software\",\"https:\/\/www.youtube.com\/channel\/UC4CQ-gIZMGWxl-auf0QqYhQ\"]}]}<\/script>\n<!-- \/ Yoast SEO plugin. -->","yoast_head_json":{"title":"Detecciones | C\u00f3mo Detectamos Malware y PUPs \u2022 Adlice Software","description":"Descubre c\u00f3mo Adlice Software detecta malware y programas no deseados (PUPs). Tecnolog\u00eda de reglas, heur\u00edstica, firmas en la nube e IA con MalPE-AI.","robots":{"index":"index","follow":"follow","max-snippet":"max-snippet:-1","max-image-preview":"max-image-preview:large","max-video-preview":"max-video-preview:-1"},"canonical":"https:\/\/www.adlice.com\/es\/detecciones\/","og_locale":"es_ES","og_type":"article","og_title":"Detecciones | C\u00f3mo Detectamos Malware y PUPs \u2022 Adlice Software","og_description":"Descubre c\u00f3mo Adlice Software detecta malware y programas no deseados (PUPs). Tecnolog\u00eda de reglas, heur\u00edstica, firmas en la nube e IA con MalPE-AI.","og_url":"https:\/\/www.adlice.com\/es\/detecciones\/","og_site_name":"Adlice Software","article_publisher":"https:\/\/www.facebook.com\/RogueKiller","article_modified_time":"2026-04-10T07:26:10+00:00","og_image":[{"width":276,"height":276,"url":"https:\/\/www.adlice.com\/wp-content\/uploads\/2020\/05\/B1rTNpTG_400x40_10.png","type":"image\/png"}],"twitter_card":"summary_large_image","twitter_site":"@AdliceSoftware","twitter_misc":{"Tiempo de lectura":"2 minutos"},"schema":{"@context":"https:\/\/schema.org","@graph":[{"@type":"WebPage","@id":"https:\/\/www.adlice.com\/es\/detecciones\/","url":"https:\/\/www.adlice.com\/es\/detecciones\/","name":"Detecciones | C\u00f3mo Detectamos Malware y PUPs \u2022 Adlice Software","isPartOf":{"@id":"https:\/\/www.adlice.com\/#website"},"datePublished":"2021-01-29T09:11:28+00:00","dateModified":"2026-04-10T07:26:10+00:00","description":"Descubre c\u00f3mo Adlice Software detecta malware y programas no deseados (PUPs). Tecnolog\u00eda de reglas, heur\u00edstica, firmas en la nube e IA con MalPE-AI.","breadcrumb":{"@id":"https:\/\/www.adlice.com\/es\/detecciones\/#breadcrumb"},"inLanguage":"es","potentialAction":[{"@type":"ReadAction","target":["https:\/\/www.adlice.com\/es\/detecciones\/"]}]},{"@type":"BreadcrumbList","@id":"https:\/\/www.adlice.com\/es\/detecciones\/#breadcrumb","itemListElement":[{"@type":"ListItem","position":1,"name":"Home","item":"https:\/\/www.adlice.com\/es\/"},{"@type":"ListItem","position":2,"name":"Detecciones"}]},{"@type":"WebSite","@id":"https:\/\/www.adlice.com\/#website","url":"https:\/\/www.adlice.com\/","name":"Adlice Software","description":"Anti-malware and analysis tools","publisher":{"@id":"https:\/\/www.adlice.com\/#organization"},"potentialAction":[{"@type":"SearchAction","target":{"@type":"EntryPoint","urlTemplate":"https:\/\/www.adlice.com\/?s={search_term_string}"},"query-input":{"@type":"PropertyValueSpecification","valueRequired":true,"valueName":"search_term_string"}}],"inLanguage":"es"},{"@type":"Organization","@id":"https:\/\/www.adlice.com\/#organization","name":"Adlice Software","url":"https:\/\/www.adlice.com\/","logo":{"@type":"ImageObject","inLanguage":"es","@id":"https:\/\/www.adlice.com\/#\/schema\/logo\/image\/","url":"https:\/\/www.adlice.com\/wp-content\/uploads\/2020\/05\/B1rTNpTG_400x40_10.png","contentUrl":"https:\/\/www.adlice.com\/wp-content\/uploads\/2020\/05\/B1rTNpTG_400x40_10.png","width":276,"height":276,"caption":"Adlice Software"},"image":{"@id":"https:\/\/www.adlice.com\/#\/schema\/logo\/image\/"},"sameAs":["https:\/\/www.facebook.com\/RogueKiller","https:\/\/x.com\/AdliceSoftware","https:\/\/fr.linkedin.com\/company\/adlice-software","https:\/\/www.youtube.com\/channel\/UC4CQ-gIZMGWxl-auf0QqYhQ"]}]}},"_links":{"self":[{"href":"https:\/\/www.adlice.com\/es\/wp-json\/wp\/v2\/pages\/305890","targetHints":{"allow":["GET"]}}],"collection":[{"href":"https:\/\/www.adlice.com\/es\/wp-json\/wp\/v2\/pages"}],"about":[{"href":"https:\/\/www.adlice.com\/es\/wp-json\/wp\/v2\/types\/page"}],"author":[{"embeddable":true,"href":"https:\/\/www.adlice.com\/es\/wp-json\/wp\/v2\/users\/1"}],"replies":[{"embeddable":true,"href":"https:\/\/www.adlice.com\/es\/wp-json\/wp\/v2\/comments?post=305890"}],"version-history":[{"count":2,"href":"https:\/\/www.adlice.com\/es\/wp-json\/wp\/v2\/pages\/305890\/revisions"}],"predecessor-version":[{"id":305893,"href":"https:\/\/www.adlice.com\/es\/wp-json\/wp\/v2\/pages\/305890\/revisions\/305893"}],"wp:attachment":[{"href":"https:\/\/www.adlice.com\/es\/wp-json\/wp\/v2\/media?parent=305890"}],"curies":[{"name":"wp","href":"https:\/\/api.w.org\/{rel}","templated":true}]}}