{"id":305875,"date":"2016-06-20T13:58:46","date_gmt":"2016-06-20T13:58:46","guid":{"rendered":"https:\/\/www.adlice.com\/donate\/"},"modified":"2026-04-10T07:14:05","modified_gmt":"2026-04-10T07:14:05","slug":"donar","status":"publish","type":"page","link":"https:\/\/www.adlice.com\/es\/donar\/","title":{"rendered":"Donar"},"content":{"rendered":"\n<p class=\"has-white-color has-text-color has-background\" style=\"background-color:#e67e22\">Donar, Por favor lee: es importante para nosotros<\/p>\n\n\n\n<p><br><strong>La mayor\u00eda de nuestro software es gratuito (o tiene una versi\u00f3n gratuita)<\/strong>, y se actualiza muy frecuentemente.<br>Estamos <strong>observando constantemente malware en vivo<\/strong>, y <strong>realizando mejoras continuas<\/strong> para eliminar errores y agregar nuevas caracter\u00edsticas interesantes.<\/p>\n\n\n\n<p><br><strong>Los anuncios en el sitio web junto con las compras de licencias son la \u00fanica forma confiable de pagar a nuestros desarrolladores por todo este trabajo arduo<\/strong>. Si te gusta un software, ay\u00fadanos a mantenerlo <strong>comprando una Licencia Premium cuando exista<\/strong>.<\/p>\n\n\n\n<p><br>Si no deseas comprar una licencia (o si no hay licencia Premium disponible), <strong>puedes contribuir de manera valiosa<\/strong> haciendo una peque\u00f1a (o generosa, seg\u00fan tu estado de \u00e1nimo) <strong>donaci\u00f3n<\/strong>. \u00a1No dudes en dejar un mensaje explicando tu agradecimiento con tu donaci\u00f3n, es algo importante para el equipo! \ud83d\ude42<\/p>\n\n\n\n<div style=\"height:41px\" aria-hidden=\"true\" class=\"wp-block-spacer\"><\/div>\n\n\n\n<div class=\"wp-block-buttons is-layout-flex wp-block-buttons-is-layout-flex\">\n<div class=\"wp-block-button\"><a class=\"wp-block-button__link wp-element-button\" href=\"https:\/\/www.paypal.com\/cgi-bin\/webscr?cmd=_donations&amp;lc=US&amp;business=KADNZBNLUFK44&amp;item_name=Adlice Software&amp;currency_code=USD&amp;bn=PP%2dDonationsBF%3abtn_donate_LG%2egif%3aNonHosted\" target=\"_blank\" rel=\"noreferrer noopener\">Donar (USD)<\/a><\/div>\n\n\n<div class=\"wp-block-button\"><a class=\"wp-block-button__link wp-element-button\" href=\"https:\/\/www.paypal.com\/cgi-bin\/webscr?cmd=_donations&amp;lc=US&amp;business=KADNZBNLUFK44&amp;item_name=Adlice Software&amp;currency_code=EUR&amp;bn=PP%2dDonationsBF%3abtn_donate_LG%2egif%3aNonHosted\" target=\"_blank\" rel=\"noreferrer noopener\">Donar (EUR)<\/a><\/div>\n<\/div>\n\n\n\n<div style=\"height:70px\" aria-hidden=\"true\" class=\"wp-block-spacer\"><\/div>\n\n\n\n<p>Tambi\u00e9n aceptamos <strong>donaciones en criptomonedas<\/strong>.<\/p>\n\n\n\n<figure class=\"wp-block-table\"><table><tbody><tr><td><strong>Bitcoin<\/strong><\/td><td><span class=\"has-inline-color has-accent-color\">bc1q6lvxr7yyxem6xgr036e9m2q4mmc0mfhxzregh5<\/span><\/td><\/tr><tr><td><strong>Ether<\/strong><\/td><td><span class=\"has-inline-color has-accent-color\">0xd6E2883E47E303e92eff17f58B4d99908a95c2Ad<\/span><\/td><\/tr><tr><td><strong>Litecoin<\/strong><\/td><td><span class=\"has-inline-color has-accent-color\">ltc1qeav6zmqxvhnwe3v3g02mp3sznnr7qy4rfuy4vp<\/span><\/td><\/tr><tr><td><strong>Doge<\/strong><\/td><td><span class=\"has-inline-color has-accent-color\">DQEnw49AU6Ne42sqbVtzKNBoVB7sXjFkwb<\/span><\/td><\/tr><\/tbody><\/table><\/figure>\n\n\n\n<p><br>Si utilizas el <a href=\"https:\/\/brave.com\/adl401\" target=\"_blank\" rel=\"noreferrer noopener\">navegador Brave<\/a>, puedes <strong>enviarnos una propina<\/strong> (BAT).<\/p>\n","protected":false},"excerpt":{"rendered":"<p>Donar, Por favor lee: es importante para nosotros La mayor\u00eda de nuestro software es gratuito (o tiene una versi\u00f3n gratuita), y se actualiza muy frecuentemente.Estamos observando constantemente malware en vivo, y realizando mejoras continuas para eliminar errores y agregar nuevas caracter\u00edsticas interesantes. Los anuncios en el sitio web junto con las compras de licencias son&hellip;<\/p>\n","protected":false},"author":1,"featured_media":0,"parent":0,"menu_order":0,"comment_status":"closed","ping_status":"closed","template":"","meta":{"footnotes":""},"class_list":["post-305875","page","type-page","status-publish","hentry","description-off"],"views":0,"featured_image_src":null,"yoast_head":"<!-- This site is optimized with the Yoast SEO plugin v27.1.1 - https:\/\/yoast.com\/product\/yoast-seo-wordpress\/ -->\n<title>Donar | Apoya a Adlice Software \u2022 Adlice Software<\/title>\n<meta name=\"description\" content=\"Apoya el desarrollo de Adlice Software con una donaci\u00f3n. Aceptamos PayPal, criptomonedas y donaciones en Brave Browser (BAT).\" \/>\n<meta name=\"robots\" content=\"index, follow, max-snippet:-1, max-image-preview:large, max-video-preview:-1\" \/>\n<link rel=\"canonical\" href=\"https:\/\/www.adlice.com\/es\/donar\/\" \/>\n<meta property=\"og:locale\" content=\"es_ES\" \/>\n<meta property=\"og:type\" content=\"article\" \/>\n<meta property=\"og:title\" content=\"Donar | Apoya a Adlice Software \u2022 Adlice Software\" \/>\n<meta property=\"og:description\" content=\"Apoya el desarrollo de Adlice Software con una donaci\u00f3n. Aceptamos PayPal, criptomonedas y donaciones en Brave Browser (BAT).\" \/>\n<meta property=\"og:url\" content=\"https:\/\/www.adlice.com\/es\/donar\/\" \/>\n<meta property=\"og:site_name\" content=\"Adlice Software\" \/>\n<meta property=\"article:publisher\" content=\"https:\/\/www.facebook.com\/RogueKiller\" \/>\n<meta property=\"article:modified_time\" content=\"2026-04-10T07:14:05+00:00\" \/>\n<meta property=\"og:image\" content=\"https:\/\/www.adlice.com\/wp-content\/uploads\/2020\/05\/B1rTNpTG_400x40_10.png\" \/>\n\t<meta property=\"og:image:width\" content=\"276\" \/>\n\t<meta property=\"og:image:height\" content=\"276\" \/>\n\t<meta property=\"og:image:type\" content=\"image\/png\" \/>\n<meta name=\"twitter:card\" content=\"summary_large_image\" \/>\n<meta name=\"twitter:site\" content=\"@AdliceSoftware\" \/>\n<meta name=\"twitter:label1\" content=\"Tiempo de lectura\" \/>\n\t<meta name=\"twitter:data1\" content=\"1 minuto\" \/>\n<script type=\"application\/ld+json\" class=\"yoast-schema-graph\">{\"@context\":\"https:\/\/schema.org\",\"@graph\":[{\"@type\":\"WebPage\",\"@id\":\"https:\/\/www.adlice.com\/es\/donar\/\",\"url\":\"https:\/\/www.adlice.com\/es\/donar\/\",\"name\":\"Donar | Apoya a Adlice Software \u2022 Adlice Software\",\"isPartOf\":{\"@id\":\"https:\/\/www.adlice.com\/#website\"},\"datePublished\":\"2016-06-20T13:58:46+00:00\",\"dateModified\":\"2026-04-10T07:14:05+00:00\",\"description\":\"Apoya el desarrollo de Adlice Software con una donaci\u00f3n. Aceptamos PayPal, criptomonedas y donaciones en Brave Browser (BAT).\",\"breadcrumb\":{\"@id\":\"https:\/\/www.adlice.com\/es\/donar\/#breadcrumb\"},\"inLanguage\":\"es\",\"potentialAction\":[{\"@type\":\"ReadAction\",\"target\":[\"https:\/\/www.adlice.com\/es\/donar\/\"]}]},{\"@type\":\"BreadcrumbList\",\"@id\":\"https:\/\/www.adlice.com\/es\/donar\/#breadcrumb\",\"itemListElement\":[{\"@type\":\"ListItem\",\"position\":1,\"name\":\"Home\",\"item\":\"https:\/\/www.adlice.com\/es\/\"},{\"@type\":\"ListItem\",\"position\":2,\"name\":\"Donar\"}]},{\"@type\":\"WebSite\",\"@id\":\"https:\/\/www.adlice.com\/#website\",\"url\":\"https:\/\/www.adlice.com\/\",\"name\":\"Adlice Software\",\"description\":\"Anti-malware and analysis tools\",\"publisher\":{\"@id\":\"https:\/\/www.adlice.com\/#organization\"},\"potentialAction\":[{\"@type\":\"SearchAction\",\"target\":{\"@type\":\"EntryPoint\",\"urlTemplate\":\"https:\/\/www.adlice.com\/?s={search_term_string}\"},\"query-input\":{\"@type\":\"PropertyValueSpecification\",\"valueRequired\":true,\"valueName\":\"search_term_string\"}}],\"inLanguage\":\"es\"},{\"@type\":\"Organization\",\"@id\":\"https:\/\/www.adlice.com\/#organization\",\"name\":\"Adlice Software\",\"url\":\"https:\/\/www.adlice.com\/\",\"logo\":{\"@type\":\"ImageObject\",\"inLanguage\":\"es\",\"@id\":\"https:\/\/www.adlice.com\/#\/schema\/logo\/image\/\",\"url\":\"https:\/\/www.adlice.com\/wp-content\/uploads\/2020\/05\/B1rTNpTG_400x40_10.png\",\"contentUrl\":\"https:\/\/www.adlice.com\/wp-content\/uploads\/2020\/05\/B1rTNpTG_400x40_10.png\",\"width\":276,\"height\":276,\"caption\":\"Adlice Software\"},\"image\":{\"@id\":\"https:\/\/www.adlice.com\/#\/schema\/logo\/image\/\"},\"sameAs\":[\"https:\/\/www.facebook.com\/RogueKiller\",\"https:\/\/x.com\/AdliceSoftware\",\"https:\/\/fr.linkedin.com\/company\/adlice-software\",\"https:\/\/www.youtube.com\/channel\/UC4CQ-gIZMGWxl-auf0QqYhQ\"]}]}<\/script>\n<!-- \/ Yoast SEO plugin. -->","yoast_head_json":{"title":"Donar | Apoya a Adlice Software \u2022 Adlice Software","description":"Apoya el desarrollo de Adlice Software con una donaci\u00f3n. Aceptamos PayPal, criptomonedas y donaciones en Brave Browser (BAT).","robots":{"index":"index","follow":"follow","max-snippet":"max-snippet:-1","max-image-preview":"max-image-preview:large","max-video-preview":"max-video-preview:-1"},"canonical":"https:\/\/www.adlice.com\/es\/donar\/","og_locale":"es_ES","og_type":"article","og_title":"Donar | Apoya a Adlice Software \u2022 Adlice Software","og_description":"Apoya el desarrollo de Adlice Software con una donaci\u00f3n. Aceptamos PayPal, criptomonedas y donaciones en Brave Browser (BAT).","og_url":"https:\/\/www.adlice.com\/es\/donar\/","og_site_name":"Adlice Software","article_publisher":"https:\/\/www.facebook.com\/RogueKiller","article_modified_time":"2026-04-10T07:14:05+00:00","og_image":[{"width":276,"height":276,"url":"https:\/\/www.adlice.com\/wp-content\/uploads\/2020\/05\/B1rTNpTG_400x40_10.png","type":"image\/png"}],"twitter_card":"summary_large_image","twitter_site":"@AdliceSoftware","twitter_misc":{"Tiempo de lectura":"1 minuto"},"schema":{"@context":"https:\/\/schema.org","@graph":[{"@type":"WebPage","@id":"https:\/\/www.adlice.com\/es\/donar\/","url":"https:\/\/www.adlice.com\/es\/donar\/","name":"Donar | Apoya a Adlice Software \u2022 Adlice Software","isPartOf":{"@id":"https:\/\/www.adlice.com\/#website"},"datePublished":"2016-06-20T13:58:46+00:00","dateModified":"2026-04-10T07:14:05+00:00","description":"Apoya el desarrollo de Adlice Software con una donaci\u00f3n. Aceptamos PayPal, criptomonedas y donaciones en Brave Browser (BAT).","breadcrumb":{"@id":"https:\/\/www.adlice.com\/es\/donar\/#breadcrumb"},"inLanguage":"es","potentialAction":[{"@type":"ReadAction","target":["https:\/\/www.adlice.com\/es\/donar\/"]}]},{"@type":"BreadcrumbList","@id":"https:\/\/www.adlice.com\/es\/donar\/#breadcrumb","itemListElement":[{"@type":"ListItem","position":1,"name":"Home","item":"https:\/\/www.adlice.com\/es\/"},{"@type":"ListItem","position":2,"name":"Donar"}]},{"@type":"WebSite","@id":"https:\/\/www.adlice.com\/#website","url":"https:\/\/www.adlice.com\/","name":"Adlice Software","description":"Anti-malware and analysis tools","publisher":{"@id":"https:\/\/www.adlice.com\/#organization"},"potentialAction":[{"@type":"SearchAction","target":{"@type":"EntryPoint","urlTemplate":"https:\/\/www.adlice.com\/?s={search_term_string}"},"query-input":{"@type":"PropertyValueSpecification","valueRequired":true,"valueName":"search_term_string"}}],"inLanguage":"es"},{"@type":"Organization","@id":"https:\/\/www.adlice.com\/#organization","name":"Adlice Software","url":"https:\/\/www.adlice.com\/","logo":{"@type":"ImageObject","inLanguage":"es","@id":"https:\/\/www.adlice.com\/#\/schema\/logo\/image\/","url":"https:\/\/www.adlice.com\/wp-content\/uploads\/2020\/05\/B1rTNpTG_400x40_10.png","contentUrl":"https:\/\/www.adlice.com\/wp-content\/uploads\/2020\/05\/B1rTNpTG_400x40_10.png","width":276,"height":276,"caption":"Adlice Software"},"image":{"@id":"https:\/\/www.adlice.com\/#\/schema\/logo\/image\/"},"sameAs":["https:\/\/www.facebook.com\/RogueKiller","https:\/\/x.com\/AdliceSoftware","https:\/\/fr.linkedin.com\/company\/adlice-software","https:\/\/www.youtube.com\/channel\/UC4CQ-gIZMGWxl-auf0QqYhQ"]}]}},"_links":{"self":[{"href":"https:\/\/www.adlice.com\/es\/wp-json\/wp\/v2\/pages\/305875","targetHints":{"allow":["GET"]}}],"collection":[{"href":"https:\/\/www.adlice.com\/es\/wp-json\/wp\/v2\/pages"}],"about":[{"href":"https:\/\/www.adlice.com\/es\/wp-json\/wp\/v2\/types\/page"}],"author":[{"embeddable":true,"href":"https:\/\/www.adlice.com\/es\/wp-json\/wp\/v2\/users\/1"}],"replies":[{"embeddable":true,"href":"https:\/\/www.adlice.com\/es\/wp-json\/wp\/v2\/comments?post=305875"}],"version-history":[{"count":1,"href":"https:\/\/www.adlice.com\/es\/wp-json\/wp\/v2\/pages\/305875\/revisions"}],"predecessor-version":[{"id":305880,"href":"https:\/\/www.adlice.com\/es\/wp-json\/wp\/v2\/pages\/305875\/revisions\/305880"}],"wp:attachment":[{"href":"https:\/\/www.adlice.com\/es\/wp-json\/wp\/v2\/media?parent=305875"}],"curies":[{"name":"wp","href":"https:\/\/api.w.org\/{rel}","templated":true}]}}