{"id":305865,"date":"2017-06-06T07:37:27","date_gmt":"2017-06-06T07:37:27","guid":{"rendered":"https:\/\/www.adlice.com\/partnership\/"},"modified":"2026-04-10T07:01:34","modified_gmt":"2026-04-10T07:01:34","slug":"programa-de-asociacion","status":"publish","type":"page","link":"https:\/\/www.adlice.com\/es\/programa-de-asociacion\/","title":{"rendered":"Programa de Asociaci\u00f3n"},"content":{"rendered":"\n<p><strong>Si eres un foro conocido<\/strong>, un sitio web de alojamiento de software, o simplemente deseas distribuir nuestros productos, podemos trabajar juntos. \u00a1\u00danete a nuestro programa de asociaci\u00f3n!<\/p>\n\n\n\n<p><strong>Proporcionamos ID de afiliaci\u00f3n a empresas dispuestas a trabajar con nosotros<\/strong>, y las recompensamos por cada licencia vendida con una devoluci\u00f3n de efectivo (porcentaje a definir, caso por caso). Todo lo que tienes que hacer <a href=\"https:\/\/adlice.trackdesk.com\/sign-up\">es registrarte en nuestro programa de afiliaci\u00f3n Trackdesk<\/a>.<\/p>\n\n\n\n<div style=\"height:41px\" aria-hidden=\"true\" class=\"wp-block-spacer\"><\/div>\n\n\n\n<p class=\"has-white-color has-accent-background-color has-text-color has-background\">\u00bfC\u00f3mo funciona?<\/p>\n\n\n\n<p>Primero, debes <a href=\"https:\/\/adlice.trackdesk.com\/sign-up\">hacer clic aqu\u00ed y completar los pasos para registrarte como afiliado<\/a>.<\/p>\n\n\n\n<p>Una vez que est\u00e9 hecho, necesitas <strong>encontrar la (\u00fanica) oferta que proporcionamos<\/strong>, elegir el programa que te gustar\u00eda promover y <strong>obtener tu enlace de afiliaci\u00f3n<\/strong>. Luego, coloca este enlace donde desees en tu sitio web para publicitar a tus visitantes. Cada vez que alguien <strong>realiza una compra a trav\u00e9s de tu enlace de afiliaci\u00f3n, recibir\u00e1s una recompensa en efectivo<\/strong>.<\/p>\n\n\n\n<p>En tu \u00e1rea de afiliado, tambi\u00e9n encontrar\u00e1s algunos materiales creativos que puedes usar. Est\u00e1n dise\u00f1ados para ser m\u00e1s atractivos que simples enlaces. <strong>Cuando alcances una cantidad suficiente<\/strong>, el dinero se env\u00eda a la cuenta de PayPal que has definido en tu secci\u00f3n de facturaci\u00f3n. Si necesitas ayuda, <a href=\"https:\/\/www.adlice.com\/es\/contacto\/\">cont\u00e1ctanos<\/a>.<\/p>\n\n\n\n<div style=\"height:32px\" aria-hidden=\"true\" class=\"wp-block-spacer\"><\/div>\n\n\n\n<figure class=\"wp-block-image size-large is-resized\"><img decoding=\"async\" width=\"1024\" height=\"637\" src=\"https:\/\/www.adlice.com\/wp-content\/uploads\/2025\/05\/2025-05-27-14_40_11-Offers-\u2013-Adlice-Software-1024x637.png\" alt=\"\" class=\"wp-image-151700\" style=\"width:902px;height:auto\" srcset=\"https:\/\/www.adlice.com\/wp-content\/uploads\/2025\/05\/2025-05-27-14_40_11-Offers-\u2013-Adlice-Software-1024x637.png 1024w, https:\/\/www.adlice.com\/wp-content\/uploads\/2025\/05\/2025-05-27-14_40_11-Offers-\u2013-Adlice-Software-300x187.png 300w, https:\/\/www.adlice.com\/wp-content\/uploads\/2025\/05\/2025-05-27-14_40_11-Offers-\u2013-Adlice-Software-320x199.png 320w, https:\/\/www.adlice.com\/wp-content\/uploads\/2025\/05\/2025-05-27-14_40_11-Offers-\u2013-Adlice-Software-480x299.png 480w, https:\/\/www.adlice.com\/wp-content\/uploads\/2025\/05\/2025-05-27-14_40_11-Offers-\u2013-Adlice-Software-800x498.png 800w, https:\/\/www.adlice.com\/wp-content\/uploads\/2025\/05\/2025-05-27-14_40_11-Offers-\u2013-Adlice-Software.png 1154w\" sizes=\"(max-width: 1024px) 100vw, 1024px\" \/><\/figure>\n","protected":false},"excerpt":{"rendered":"<p>Si eres un foro conocido, un sitio web de alojamiento de software, o simplemente deseas distribuir nuestros productos, podemos trabajar juntos. \u00a1\u00danete a nuestro programa de asociaci\u00f3n! Proporcionamos ID de afiliaci\u00f3n a empresas dispuestas a trabajar con nosotros, y las recompensamos por cada licencia vendida con una devoluci\u00f3n de efectivo (porcentaje a definir, caso por&hellip;<\/p>\n","protected":false},"author":1,"featured_media":0,"parent":0,"menu_order":0,"comment_status":"closed","ping_status":"closed","template":"","meta":{"footnotes":""},"class_list":["post-305865","page","type-page","status-publish","hentry","description-off"],"views":0,"featured_image_src":null,"yoast_head":"<!-- This site is optimized with the Yoast SEO plugin v27.1.1 - https:\/\/yoast.com\/product\/yoast-seo-wordpress\/ -->\n<title>Programa de Asociaci\u00f3n | Afiliados \u2022 Adlice Software<\/title>\n<meta name=\"description\" content=\"Convi\u00e9rtete en socio de Adlice Software. Gana comisiones a trav\u00e9s de nuestro programa de afiliaci\u00f3n. Reg\u00edstrate gratis y promociona nuestras soluciones de seguridad.\" \/>\n<meta name=\"robots\" content=\"index, follow, max-snippet:-1, max-image-preview:large, max-video-preview:-1\" \/>\n<link rel=\"canonical\" href=\"https:\/\/www.adlice.com\/es\/programa-de-asociacion\/\" \/>\n<meta property=\"og:locale\" content=\"es_ES\" \/>\n<meta property=\"og:type\" content=\"article\" \/>\n<meta property=\"og:title\" content=\"Programa de Asociaci\u00f3n | Afiliados \u2022 Adlice Software\" \/>\n<meta property=\"og:description\" content=\"Convi\u00e9rtete en socio de Adlice Software. Gana comisiones a trav\u00e9s de nuestro programa de afiliaci\u00f3n. Reg\u00edstrate gratis y promociona nuestras soluciones de seguridad.\" \/>\n<meta property=\"og:url\" content=\"https:\/\/www.adlice.com\/es\/programa-de-asociacion\/\" \/>\n<meta property=\"og:site_name\" content=\"Adlice Software\" \/>\n<meta property=\"article:publisher\" content=\"https:\/\/www.facebook.com\/RogueKiller\" \/>\n<meta property=\"article:modified_time\" content=\"2026-04-10T07:01:34+00:00\" \/>\n<meta property=\"og:image\" content=\"https:\/\/www.adlice.com\/wp-content\/uploads\/2020\/05\/B1rTNpTG_400x40_10.png\" \/>\n\t<meta property=\"og:image:width\" content=\"276\" \/>\n\t<meta property=\"og:image:height\" content=\"276\" \/>\n\t<meta property=\"og:image:type\" content=\"image\/png\" \/>\n<meta name=\"twitter:card\" content=\"summary_large_image\" \/>\n<meta name=\"twitter:site\" content=\"@AdliceSoftware\" \/>\n<meta name=\"twitter:label1\" content=\"Tiempo de lectura\" \/>\n\t<meta name=\"twitter:data1\" content=\"2 minutos\" \/>\n<script type=\"application\/ld+json\" class=\"yoast-schema-graph\">{\"@context\":\"https:\/\/schema.org\",\"@graph\":[{\"@type\":\"WebPage\",\"@id\":\"https:\/\/www.adlice.com\/es\/programa-de-asociacion\/\",\"url\":\"https:\/\/www.adlice.com\/es\/programa-de-asociacion\/\",\"name\":\"Programa de Asociaci\u00f3n | Afiliados \u2022 Adlice Software\",\"isPartOf\":{\"@id\":\"https:\/\/www.adlice.com\/#website\"},\"datePublished\":\"2017-06-06T07:37:27+00:00\",\"dateModified\":\"2026-04-10T07:01:34+00:00\",\"description\":\"Convi\u00e9rtete en socio de Adlice Software. Gana comisiones a trav\u00e9s de nuestro programa de afiliaci\u00f3n. Reg\u00edstrate gratis y promociona nuestras soluciones de seguridad.\",\"breadcrumb\":{\"@id\":\"https:\/\/www.adlice.com\/es\/programa-de-asociacion\/#breadcrumb\"},\"inLanguage\":\"es\",\"potentialAction\":[{\"@type\":\"ReadAction\",\"target\":[\"https:\/\/www.adlice.com\/es\/programa-de-asociacion\/\"]}]},{\"@type\":\"BreadcrumbList\",\"@id\":\"https:\/\/www.adlice.com\/es\/programa-de-asociacion\/#breadcrumb\",\"itemListElement\":[{\"@type\":\"ListItem\",\"position\":1,\"name\":\"Home\",\"item\":\"https:\/\/www.adlice.com\/es\/\"},{\"@type\":\"ListItem\",\"position\":2,\"name\":\"Programa de Asociaci\u00f3n\"}]},{\"@type\":\"WebSite\",\"@id\":\"https:\/\/www.adlice.com\/#website\",\"url\":\"https:\/\/www.adlice.com\/\",\"name\":\"Adlice Software\",\"description\":\"Anti-malware and analysis tools\",\"publisher\":{\"@id\":\"https:\/\/www.adlice.com\/#organization\"},\"potentialAction\":[{\"@type\":\"SearchAction\",\"target\":{\"@type\":\"EntryPoint\",\"urlTemplate\":\"https:\/\/www.adlice.com\/?s={search_term_string}\"},\"query-input\":{\"@type\":\"PropertyValueSpecification\",\"valueRequired\":true,\"valueName\":\"search_term_string\"}}],\"inLanguage\":\"es\"},{\"@type\":\"Organization\",\"@id\":\"https:\/\/www.adlice.com\/#organization\",\"name\":\"Adlice Software\",\"url\":\"https:\/\/www.adlice.com\/\",\"logo\":{\"@type\":\"ImageObject\",\"inLanguage\":\"es\",\"@id\":\"https:\/\/www.adlice.com\/#\/schema\/logo\/image\/\",\"url\":\"https:\/\/www.adlice.com\/wp-content\/uploads\/2020\/05\/B1rTNpTG_400x40_10.png\",\"contentUrl\":\"https:\/\/www.adlice.com\/wp-content\/uploads\/2020\/05\/B1rTNpTG_400x40_10.png\",\"width\":276,\"height\":276,\"caption\":\"Adlice Software\"},\"image\":{\"@id\":\"https:\/\/www.adlice.com\/#\/schema\/logo\/image\/\"},\"sameAs\":[\"https:\/\/www.facebook.com\/RogueKiller\",\"https:\/\/x.com\/AdliceSoftware\",\"https:\/\/fr.linkedin.com\/company\/adlice-software\",\"https:\/\/www.youtube.com\/channel\/UC4CQ-gIZMGWxl-auf0QqYhQ\"]}]}<\/script>\n<!-- \/ Yoast SEO plugin. -->","yoast_head_json":{"title":"Programa de Asociaci\u00f3n | Afiliados \u2022 Adlice Software","description":"Convi\u00e9rtete en socio de Adlice Software. Gana comisiones a trav\u00e9s de nuestro programa de afiliaci\u00f3n. Reg\u00edstrate gratis y promociona nuestras soluciones de seguridad.","robots":{"index":"index","follow":"follow","max-snippet":"max-snippet:-1","max-image-preview":"max-image-preview:large","max-video-preview":"max-video-preview:-1"},"canonical":"https:\/\/www.adlice.com\/es\/programa-de-asociacion\/","og_locale":"es_ES","og_type":"article","og_title":"Programa de Asociaci\u00f3n | Afiliados \u2022 Adlice Software","og_description":"Convi\u00e9rtete en socio de Adlice Software. Gana comisiones a trav\u00e9s de nuestro programa de afiliaci\u00f3n. Reg\u00edstrate gratis y promociona nuestras soluciones de seguridad.","og_url":"https:\/\/www.adlice.com\/es\/programa-de-asociacion\/","og_site_name":"Adlice Software","article_publisher":"https:\/\/www.facebook.com\/RogueKiller","article_modified_time":"2026-04-10T07:01:34+00:00","og_image":[{"width":276,"height":276,"url":"https:\/\/www.adlice.com\/wp-content\/uploads\/2020\/05\/B1rTNpTG_400x40_10.png","type":"image\/png"}],"twitter_card":"summary_large_image","twitter_site":"@AdliceSoftware","twitter_misc":{"Tiempo de lectura":"2 minutos"},"schema":{"@context":"https:\/\/schema.org","@graph":[{"@type":"WebPage","@id":"https:\/\/www.adlice.com\/es\/programa-de-asociacion\/","url":"https:\/\/www.adlice.com\/es\/programa-de-asociacion\/","name":"Programa de Asociaci\u00f3n | Afiliados \u2022 Adlice Software","isPartOf":{"@id":"https:\/\/www.adlice.com\/#website"},"datePublished":"2017-06-06T07:37:27+00:00","dateModified":"2026-04-10T07:01:34+00:00","description":"Convi\u00e9rtete en socio de Adlice Software. Gana comisiones a trav\u00e9s de nuestro programa de afiliaci\u00f3n. Reg\u00edstrate gratis y promociona nuestras soluciones de seguridad.","breadcrumb":{"@id":"https:\/\/www.adlice.com\/es\/programa-de-asociacion\/#breadcrumb"},"inLanguage":"es","potentialAction":[{"@type":"ReadAction","target":["https:\/\/www.adlice.com\/es\/programa-de-asociacion\/"]}]},{"@type":"BreadcrumbList","@id":"https:\/\/www.adlice.com\/es\/programa-de-asociacion\/#breadcrumb","itemListElement":[{"@type":"ListItem","position":1,"name":"Home","item":"https:\/\/www.adlice.com\/es\/"},{"@type":"ListItem","position":2,"name":"Programa de Asociaci\u00f3n"}]},{"@type":"WebSite","@id":"https:\/\/www.adlice.com\/#website","url":"https:\/\/www.adlice.com\/","name":"Adlice Software","description":"Anti-malware and analysis tools","publisher":{"@id":"https:\/\/www.adlice.com\/#organization"},"potentialAction":[{"@type":"SearchAction","target":{"@type":"EntryPoint","urlTemplate":"https:\/\/www.adlice.com\/?s={search_term_string}"},"query-input":{"@type":"PropertyValueSpecification","valueRequired":true,"valueName":"search_term_string"}}],"inLanguage":"es"},{"@type":"Organization","@id":"https:\/\/www.adlice.com\/#organization","name":"Adlice Software","url":"https:\/\/www.adlice.com\/","logo":{"@type":"ImageObject","inLanguage":"es","@id":"https:\/\/www.adlice.com\/#\/schema\/logo\/image\/","url":"https:\/\/www.adlice.com\/wp-content\/uploads\/2020\/05\/B1rTNpTG_400x40_10.png","contentUrl":"https:\/\/www.adlice.com\/wp-content\/uploads\/2020\/05\/B1rTNpTG_400x40_10.png","width":276,"height":276,"caption":"Adlice Software"},"image":{"@id":"https:\/\/www.adlice.com\/#\/schema\/logo\/image\/"},"sameAs":["https:\/\/www.facebook.com\/RogueKiller","https:\/\/x.com\/AdliceSoftware","https:\/\/fr.linkedin.com\/company\/adlice-software","https:\/\/www.youtube.com\/channel\/UC4CQ-gIZMGWxl-auf0QqYhQ"]}]}},"_links":{"self":[{"href":"https:\/\/www.adlice.com\/es\/wp-json\/wp\/v2\/pages\/305865","targetHints":{"allow":["GET"]}}],"collection":[{"href":"https:\/\/www.adlice.com\/es\/wp-json\/wp\/v2\/pages"}],"about":[{"href":"https:\/\/www.adlice.com\/es\/wp-json\/wp\/v2\/types\/page"}],"author":[{"embeddable":true,"href":"https:\/\/www.adlice.com\/es\/wp-json\/wp\/v2\/users\/1"}],"replies":[{"embeddable":true,"href":"https:\/\/www.adlice.com\/es\/wp-json\/wp\/v2\/comments?post=305865"}],"version-history":[{"count":1,"href":"https:\/\/www.adlice.com\/es\/wp-json\/wp\/v2\/pages\/305865\/revisions"}],"predecessor-version":[{"id":305867,"href":"https:\/\/www.adlice.com\/es\/wp-json\/wp\/v2\/pages\/305865\/revisions\/305867"}],"wp:attachment":[{"href":"https:\/\/www.adlice.com\/es\/wp-json\/wp\/v2\/media?parent=305865"}],"curies":[{"name":"wp","href":"https:\/\/api.w.org\/{rel}","templated":true}]}}