{"id":305870,"date":"2016-06-20T13:58:46","date_gmt":"2016-06-20T13:58:46","guid":{"rendered":"https:\/\/www.adlice.com\/donate\/"},"modified":"2026-04-10T07:06:02","modified_gmt":"2026-04-10T07:06:02","slug":"spenden","status":"publish","type":"page","link":"https:\/\/www.adlice.com\/de\/spenden\/","title":{"rendered":"Spenden"},"content":{"rendered":"\n<p class=\"has-white-color has-text-color has-background\" style=\"background-color:#e67e22\">Spenden, bitte lesen Sie: Es ist wichtig f\u00fcr uns<\/p>\n\n\n\n<p><br><strong>Die meisten unserer Softwareprodukte sind kostenlos (oder haben eine kostenlose Version)<\/strong>, und werden sehr h\u00e4ufig aktualisiert.<br>Wir <strong>beobachten st\u00e4ndig Live-Malware<\/strong> und <strong>nehmen st\u00e4ndige Verbesserungen vor<\/strong>, um Fehler zu beheben und neue coole Funktionen hinzuzuf\u00fcgen.<\/p>\n\n\n\n<p><br><strong>Werbung auf der Website zusammen mit Lizenzverk\u00e4ufen ist die einzige zuverl\u00e4ssige M\u00f6glichkeit, unsere Entwickler f\u00fcr all diese harte Arbeit zu bezahlen<\/strong>. Wenn Ihnen eine Software gef\u00e4llt, helfen Sie uns, sie zu pflegen, indem Sie <strong>eine Premium-Lizenz kaufen, wenn es sie gibt<\/strong>.<\/p>\n\n\n\n<p><br>Wenn Sie keine Lizenz kaufen m\u00f6chten (oder wenn keine Premium-Lizenz verf\u00fcgbar ist), <strong>k\u00f6nnen Sie auf wertvolle Weise beitragen<\/strong>, indem Sie eine kleine (oder gro\u00dfz\u00fcgige, je nach Stimmung) <strong>Spende<\/strong> machen. Z\u00f6gern Sie nicht, eine Nachricht zu hinterlassen, in der Sie Ihre Dankbarkeit mit Ihrer Spende erkl\u00e4ren. Das ist wichtig f\u00fcr das Team! \ud83d\ude42<\/p>\n\n\n\n<div style=\"height:41px\" aria-hidden=\"true\" class=\"wp-block-spacer\"><\/div>\n\n\n\n<div class=\"wp-block-buttons is-layout-flex wp-block-buttons-is-layout-flex\">\n<div class=\"wp-block-button\"><a class=\"wp-block-button__link wp-element-button\" href=\"https:\/\/www.paypal.com\/cgi-bin\/webscr?cmd=_donations&amp;lc=US&amp;business=KADNZBNLUFK44&amp;item_name=Adlice Software&amp;currency_code=USD&amp;bn=PP%2dDonationsBF%3abtn_donate_LG%2egif%3aNonHosted\" target=\"_blank\" rel=\"noreferrer noopener\">Spenden (USD)<\/a><\/div>\n\n\n<div class=\"wp-block-button\"><a class=\"wp-block-button__link wp-element-button\" href=\"https:\/\/www.paypal.com\/cgi-bin\/webscr?cmd=_donations&amp;lc=US&amp;business=KADNZBNLUFK44&amp;item_name=Adlice Software&amp;currency_code=EUR&amp;bn=PP%2dDonationsBF%3abtn_donate_LG%2egif%3aNonHosted\" target=\"_blank\" rel=\"noreferrer noopener\">Spenden (EUR)<\/a><\/div>\n<\/div>\n\n\n\n<div style=\"height:70px\" aria-hidden=\"true\" class=\"wp-block-spacer\"><\/div>\n\n\n\n<p>Wir akzeptieren auch <strong>Kryptow\u00e4hrungsspenden<\/strong>.<\/p>\n\n\n\n<figure class=\"wp-block-table\"><table><tbody><tr><td><strong>Bitcoin<\/strong><\/td><td><span class=\"has-inline-color has-accent-color\">bc1q6lvxr7yyxem6xgr036e9m2q4mmc0mfhxzregh5<\/span><\/td><\/tr><tr><td><strong>Ether<\/strong><\/td><td><span class=\"has-inline-color has-accent-color\">0xd6E2883E47E303e92eff17f58B4d99908a95c2Ad<\/span><\/td><\/tr><tr><td><strong>Litecoin<\/strong><\/td><td><span class=\"has-inline-color has-accent-color\">ltc1qeav6zmqxvhnwe3v3g02mp3sznnr7qy4rfuy4vp<\/span><\/td><\/tr><tr><td><strong>Doge<\/strong><\/td><td><span class=\"has-inline-color has-accent-color\">DQEnw49AU6Ne42sqbVtzKNBoVB7sXjFkwb<\/span><\/td><\/tr><\/tbody><\/table><\/figure>\n\n\n\n<p><br>Wenn Sie den <a href=\"https:\/\/brave.com\/adl401\" target=\"_blank\" rel=\"noreferrer noopener\">Brave-Webbrowser<\/a> verwenden, k\u00f6nnen Sie uns <strong>ein Trinkgeld geben<\/strong> (BAT).<\/p>\n","protected":false},"excerpt":{"rendered":"<p>Spenden, bitte lesen Sie: Es ist wichtig f\u00fcr uns Die meisten unserer Softwareprodukte sind kostenlos (oder haben eine kostenlose Version), und werden sehr h\u00e4ufig aktualisiert.Wir beobachten st\u00e4ndig Live-Malware und nehmen st\u00e4ndige Verbesserungen vor, um Fehler zu beheben und neue coole Funktionen hinzuzuf\u00fcgen. Werbung auf der Website zusammen mit Lizenzverk\u00e4ufen ist die einzige zuverl\u00e4ssige M\u00f6glichkeit, unsere&hellip;<\/p>\n","protected":false},"author":1,"featured_media":0,"parent":0,"menu_order":0,"comment_status":"closed","ping_status":"closed","template":"","meta":{"footnotes":""},"class_list":["post-305870","page","type-page","status-publish","hentry","description-off"],"views":0,"featured_image_src":null,"yoast_head":"<!-- This site is optimized with the Yoast SEO plugin v27.1.1 - https:\/\/yoast.com\/product\/yoast-seo-wordpress\/ -->\n<title>Spenden | Unterst\u00fctzen Sie Adlice Software \u2022 Adlice Software<\/title>\n<meta name=\"description\" content=\"Unterst\u00fctzen Sie die Entwicklung von Adlice Software durch eine Spende. PayPal, Kryptow\u00e4hrungen und Brave Browser (BAT) Spenden akzeptiert.\" \/>\n<meta name=\"robots\" content=\"index, follow, max-snippet:-1, max-image-preview:large, max-video-preview:-1\" \/>\n<link rel=\"canonical\" href=\"https:\/\/www.adlice.com\/de\/spenden\/\" \/>\n<meta property=\"og:locale\" content=\"de_DE\" \/>\n<meta property=\"og:type\" content=\"article\" \/>\n<meta property=\"og:title\" content=\"Spenden | Unterst\u00fctzen Sie Adlice Software \u2022 Adlice Software\" \/>\n<meta property=\"og:description\" content=\"Unterst\u00fctzen Sie die Entwicklung von Adlice Software durch eine Spende. PayPal, Kryptow\u00e4hrungen und Brave Browser (BAT) Spenden akzeptiert.\" \/>\n<meta property=\"og:url\" content=\"https:\/\/www.adlice.com\/de\/spenden\/\" \/>\n<meta property=\"og:site_name\" content=\"Adlice Software\" \/>\n<meta property=\"article:publisher\" content=\"https:\/\/www.facebook.com\/RogueKiller\" \/>\n<meta property=\"article:modified_time\" content=\"2026-04-10T07:06:02+00:00\" \/>\n<meta property=\"og:image\" content=\"https:\/\/www.adlice.com\/wp-content\/uploads\/2020\/05\/B1rTNpTG_400x40_10.png\" \/>\n\t<meta property=\"og:image:width\" content=\"276\" \/>\n\t<meta property=\"og:image:height\" content=\"276\" \/>\n\t<meta property=\"og:image:type\" content=\"image\/png\" \/>\n<meta name=\"twitter:card\" content=\"summary_large_image\" \/>\n<meta name=\"twitter:site\" content=\"@AdliceSoftware\" \/>\n<meta name=\"twitter:label1\" content=\"Gesch\u00e4tzte Lesezeit\" \/>\n\t<meta name=\"twitter:data1\" content=\"1\u00a0Minute\" \/>\n<script type=\"application\/ld+json\" class=\"yoast-schema-graph\">{\"@context\":\"https:\/\/schema.org\",\"@graph\":[{\"@type\":\"WebPage\",\"@id\":\"https:\/\/www.adlice.com\/de\/spenden\/\",\"url\":\"https:\/\/www.adlice.com\/de\/spenden\/\",\"name\":\"Spenden | Unterst\u00fctzen Sie Adlice Software \u2022 Adlice Software\",\"isPartOf\":{\"@id\":\"https:\/\/www.adlice.com\/#website\"},\"datePublished\":\"2016-06-20T13:58:46+00:00\",\"dateModified\":\"2026-04-10T07:06:02+00:00\",\"description\":\"Unterst\u00fctzen Sie die Entwicklung von Adlice Software durch eine Spende. PayPal, Kryptow\u00e4hrungen und Brave Browser (BAT) Spenden akzeptiert.\",\"breadcrumb\":{\"@id\":\"https:\/\/www.adlice.com\/de\/spenden\/#breadcrumb\"},\"inLanguage\":\"de\",\"potentialAction\":[{\"@type\":\"ReadAction\",\"target\":[\"https:\/\/www.adlice.com\/de\/spenden\/\"]}]},{\"@type\":\"BreadcrumbList\",\"@id\":\"https:\/\/www.adlice.com\/de\/spenden\/#breadcrumb\",\"itemListElement\":[{\"@type\":\"ListItem\",\"position\":1,\"name\":\"Home\",\"item\":\"https:\/\/www.adlice.com\/de\/\"},{\"@type\":\"ListItem\",\"position\":2,\"name\":\"Spenden\"}]},{\"@type\":\"WebSite\",\"@id\":\"https:\/\/www.adlice.com\/#website\",\"url\":\"https:\/\/www.adlice.com\/\",\"name\":\"Adlice Software\",\"description\":\"Anti-malware and analysis tools\",\"publisher\":{\"@id\":\"https:\/\/www.adlice.com\/#organization\"},\"potentialAction\":[{\"@type\":\"SearchAction\",\"target\":{\"@type\":\"EntryPoint\",\"urlTemplate\":\"https:\/\/www.adlice.com\/?s={search_term_string}\"},\"query-input\":{\"@type\":\"PropertyValueSpecification\",\"valueRequired\":true,\"valueName\":\"search_term_string\"}}],\"inLanguage\":\"de\"},{\"@type\":\"Organization\",\"@id\":\"https:\/\/www.adlice.com\/#organization\",\"name\":\"Adlice Software\",\"url\":\"https:\/\/www.adlice.com\/\",\"logo\":{\"@type\":\"ImageObject\",\"inLanguage\":\"de\",\"@id\":\"https:\/\/www.adlice.com\/#\/schema\/logo\/image\/\",\"url\":\"https:\/\/www.adlice.com\/wp-content\/uploads\/2020\/05\/B1rTNpTG_400x40_10.png\",\"contentUrl\":\"https:\/\/www.adlice.com\/wp-content\/uploads\/2020\/05\/B1rTNpTG_400x40_10.png\",\"width\":276,\"height\":276,\"caption\":\"Adlice Software\"},\"image\":{\"@id\":\"https:\/\/www.adlice.com\/#\/schema\/logo\/image\/\"},\"sameAs\":[\"https:\/\/www.facebook.com\/RogueKiller\",\"https:\/\/x.com\/AdliceSoftware\",\"https:\/\/fr.linkedin.com\/company\/adlice-software\",\"https:\/\/www.youtube.com\/channel\/UC4CQ-gIZMGWxl-auf0QqYhQ\"]}]}<\/script>\n<!-- \/ Yoast SEO plugin. -->","yoast_head_json":{"title":"Spenden | Unterst\u00fctzen Sie Adlice Software \u2022 Adlice Software","description":"Unterst\u00fctzen Sie die Entwicklung von Adlice Software durch eine Spende. PayPal, Kryptow\u00e4hrungen und Brave Browser (BAT) Spenden akzeptiert.","robots":{"index":"index","follow":"follow","max-snippet":"max-snippet:-1","max-image-preview":"max-image-preview:large","max-video-preview":"max-video-preview:-1"},"canonical":"https:\/\/www.adlice.com\/de\/spenden\/","og_locale":"de_DE","og_type":"article","og_title":"Spenden | Unterst\u00fctzen Sie Adlice Software \u2022 Adlice Software","og_description":"Unterst\u00fctzen Sie die Entwicklung von Adlice Software durch eine Spende. PayPal, Kryptow\u00e4hrungen und Brave Browser (BAT) Spenden akzeptiert.","og_url":"https:\/\/www.adlice.com\/de\/spenden\/","og_site_name":"Adlice Software","article_publisher":"https:\/\/www.facebook.com\/RogueKiller","article_modified_time":"2026-04-10T07:06:02+00:00","og_image":[{"width":276,"height":276,"url":"https:\/\/www.adlice.com\/wp-content\/uploads\/2020\/05\/B1rTNpTG_400x40_10.png","type":"image\/png"}],"twitter_card":"summary_large_image","twitter_site":"@AdliceSoftware","twitter_misc":{"Gesch\u00e4tzte Lesezeit":"1\u00a0Minute"},"schema":{"@context":"https:\/\/schema.org","@graph":[{"@type":"WebPage","@id":"https:\/\/www.adlice.com\/de\/spenden\/","url":"https:\/\/www.adlice.com\/de\/spenden\/","name":"Spenden | Unterst\u00fctzen Sie Adlice Software \u2022 Adlice Software","isPartOf":{"@id":"https:\/\/www.adlice.com\/#website"},"datePublished":"2016-06-20T13:58:46+00:00","dateModified":"2026-04-10T07:06:02+00:00","description":"Unterst\u00fctzen Sie die Entwicklung von Adlice Software durch eine Spende. PayPal, Kryptow\u00e4hrungen und Brave Browser (BAT) Spenden akzeptiert.","breadcrumb":{"@id":"https:\/\/www.adlice.com\/de\/spenden\/#breadcrumb"},"inLanguage":"de","potentialAction":[{"@type":"ReadAction","target":["https:\/\/www.adlice.com\/de\/spenden\/"]}]},{"@type":"BreadcrumbList","@id":"https:\/\/www.adlice.com\/de\/spenden\/#breadcrumb","itemListElement":[{"@type":"ListItem","position":1,"name":"Home","item":"https:\/\/www.adlice.com\/de\/"},{"@type":"ListItem","position":2,"name":"Spenden"}]},{"@type":"WebSite","@id":"https:\/\/www.adlice.com\/#website","url":"https:\/\/www.adlice.com\/","name":"Adlice Software","description":"Anti-malware and analysis tools","publisher":{"@id":"https:\/\/www.adlice.com\/#organization"},"potentialAction":[{"@type":"SearchAction","target":{"@type":"EntryPoint","urlTemplate":"https:\/\/www.adlice.com\/?s={search_term_string}"},"query-input":{"@type":"PropertyValueSpecification","valueRequired":true,"valueName":"search_term_string"}}],"inLanguage":"de"},{"@type":"Organization","@id":"https:\/\/www.adlice.com\/#organization","name":"Adlice Software","url":"https:\/\/www.adlice.com\/","logo":{"@type":"ImageObject","inLanguage":"de","@id":"https:\/\/www.adlice.com\/#\/schema\/logo\/image\/","url":"https:\/\/www.adlice.com\/wp-content\/uploads\/2020\/05\/B1rTNpTG_400x40_10.png","contentUrl":"https:\/\/www.adlice.com\/wp-content\/uploads\/2020\/05\/B1rTNpTG_400x40_10.png","width":276,"height":276,"caption":"Adlice Software"},"image":{"@id":"https:\/\/www.adlice.com\/#\/schema\/logo\/image\/"},"sameAs":["https:\/\/www.facebook.com\/RogueKiller","https:\/\/x.com\/AdliceSoftware","https:\/\/fr.linkedin.com\/company\/adlice-software","https:\/\/www.youtube.com\/channel\/UC4CQ-gIZMGWxl-auf0QqYhQ"]}]}},"_links":{"self":[{"href":"https:\/\/www.adlice.com\/de\/wp-json\/wp\/v2\/pages\/305870","targetHints":{"allow":["GET"]}}],"collection":[{"href":"https:\/\/www.adlice.com\/de\/wp-json\/wp\/v2\/pages"}],"about":[{"href":"https:\/\/www.adlice.com\/de\/wp-json\/wp\/v2\/types\/page"}],"author":[{"embeddable":true,"href":"https:\/\/www.adlice.com\/de\/wp-json\/wp\/v2\/users\/1"}],"replies":[{"embeddable":true,"href":"https:\/\/www.adlice.com\/de\/wp-json\/wp\/v2\/comments?post=305870"}],"version-history":[{"count":1,"href":"https:\/\/www.adlice.com\/de\/wp-json\/wp\/v2\/pages\/305870\/revisions"}],"predecessor-version":[{"id":305873,"href":"https:\/\/www.adlice.com\/de\/wp-json\/wp\/v2\/pages\/305870\/revisions\/305873"}],"wp:attachment":[{"href":"https:\/\/www.adlice.com\/de\/wp-json\/wp\/v2\/media?parent=305870"}],"curies":[{"name":"wp","href":"https:\/\/api.w.org\/{rel}","templated":true}]}}