{"id":305859,"date":"2017-06-06T07:37:27","date_gmt":"2017-06-06T07:37:27","guid":{"rendered":"https:\/\/www.adlice.com\/partnership\/"},"modified":"2026-04-10T07:01:56","modified_gmt":"2026-04-10T07:01:56","slug":"partnerprogramm","status":"publish","type":"page","link":"https:\/\/www.adlice.com\/de\/partnerprogramm\/","title":{"rendered":"Partnerprogramm"},"content":{"rendered":"\n<p><strong>Wenn Sie ein bekanntes Forum<\/strong>, eine Software-Hosting-Website sind oder unsere Produkte einfach verteilen m\u00f6chten, k\u00f6nnen wir zusammenarbeiten. Treten Sie unserem Partnerprogramm bei!<\/p>\n\n\n\n<p><strong>Wir stellen Zugeh\u00f6rigkeits-IDs f\u00fcr Unternehmen bereit, die mit uns zusammenarbeiten m\u00f6chten<\/strong>, und belohnen sie f\u00fcr jede verkaufte Lizenz mit einer R\u00fcckerstattung (Prozentsatz wird im Einzelfall festgelegt). Alles, was Sie tun m\u00fcssen, <a href=\"https:\/\/adlice.trackdesk.com\/sign-up\">ist, sich in unserem Trackdesk-Partnerprogramm anzumelden<\/a>.<\/p>\n\n\n\n<div style=\"height:41px\" aria-hidden=\"true\" class=\"wp-block-spacer\"><\/div>\n\n\n\n<p class=\"has-white-color has-accent-background-color has-text-color has-background\">Wie funktioniert das?<\/p>\n\n\n\n<p>Zun\u00e4chst m\u00fcssen Sie <a href=\"https:\/\/adlice.trackdesk.com\/sign-up\">hier klicken und die Schritte zum Anmelden als Partner abschlie\u00dfen<\/a>.<\/p>\n\n\n\n<p>Sobald dies erledigt ist, m\u00fcssen Sie <strong>das (einzige) Angebot finden, das wir bereitstellen<\/strong>, das Programm ausw\u00e4hlen, das Sie bewerben m\u00f6chten, und <strong>Ihren Zugeh\u00f6rigkeits-Link erhalten<\/strong>. Platzieren Sie diesen Link dann \u00fcberall auf Ihrer Website, um Ihre Besucher zu werben. Jedes Mal, wenn jemand <strong>einen Kauf \u00fcber Ihren Zugeh\u00f6rigkeits-Link t\u00e4tigt, erhalten Sie eine Belohnung in bar<\/strong>.<\/p>\n\n\n\n<p>In Ihrem Partnerbereich finden Sie auch Materialien, die Sie verwenden k\u00f6nnen. Sie sind so gestaltet, dass sie ansprechender sind als einfache Links. <strong>Wenn Sie einen ausreichenden Betrag erreichen<\/strong>, wird das Geld auf das PayPal-Konto \u00fcberwiesen, das Sie in Ihrem Abrechnungsbereich definiert haben. Sollten Sie Hilfe ben\u00f6tigen, <a href=\"https:\/\/www.adlice.com\/de\/kontakt\/\">kontaktieren Sie uns bitte<\/a>.<\/p>\n\n\n\n<div style=\"height:32px\" aria-hidden=\"true\" class=\"wp-block-spacer\"><\/div>\n\n\n\n<figure class=\"wp-block-image size-large is-resized\"><img decoding=\"async\" width=\"1024\" height=\"637\" src=\"https:\/\/www.adlice.com\/wp-content\/uploads\/2025\/05\/2025-05-27-14_40_11-Offers-\u2013-Adlice-Software-1024x637.png\" alt=\"\" class=\"wp-image-151700\" style=\"width:902px;height:auto\" srcset=\"https:\/\/www.adlice.com\/wp-content\/uploads\/2025\/05\/2025-05-27-14_40_11-Offers-\u2013-Adlice-Software-1024x637.png 1024w, https:\/\/www.adlice.com\/wp-content\/uploads\/2025\/05\/2025-05-27-14_40_11-Offers-\u2013-Adlice-Software-300x187.png 300w, https:\/\/www.adlice.com\/wp-content\/uploads\/2025\/05\/2025-05-27-14_40_11-Offers-\u2013-Adlice-Software-320x199.png 320w, https:\/\/www.adlice.com\/wp-content\/uploads\/2025\/05\/2025-05-27-14_40_11-Offers-\u2013-Adlice-Software-480x299.png 480w, https:\/\/www.adlice.com\/wp-content\/uploads\/2025\/05\/2025-05-27-14_40_11-Offers-\u2013-Adlice-Software-800x498.png 800w, https:\/\/www.adlice.com\/wp-content\/uploads\/2025\/05\/2025-05-27-14_40_11-Offers-\u2013-Adlice-Software.png 1154w\" sizes=\"(max-width: 1024px) 100vw, 1024px\" \/><\/figure>\n","protected":false},"excerpt":{"rendered":"<p>Wenn Sie ein bekanntes Forum, eine Software-Hosting-Website sind oder unsere Produkte einfach verteilen m\u00f6chten, k\u00f6nnen wir zusammenarbeiten. Treten Sie unserem Partnerprogramm bei! Wir stellen Zugeh\u00f6rigkeits-IDs f\u00fcr Unternehmen bereit, die mit uns zusammenarbeiten m\u00f6chten, und belohnen sie f\u00fcr jede verkaufte Lizenz mit einer R\u00fcckerstattung (Prozentsatz wird im Einzelfall festgelegt). Alles, was Sie tun m\u00fcssen, ist, sich&hellip;<\/p>\n","protected":false},"author":1,"featured_media":0,"parent":0,"menu_order":0,"comment_status":"closed","ping_status":"closed","template":"","meta":{"footnotes":""},"class_list":["post-305859","page","type-page","status-publish","hentry","description-off"],"views":0,"featured_image_src":null,"yoast_head":"<!-- This site is optimized with the Yoast SEO plugin v27.1.1 - https:\/\/yoast.com\/product\/yoast-seo-wordpress\/ -->\n<title>Partnerprogramm | Adlice Software Affiliate \u2022 Adlice Software<\/title>\n<meta name=\"description\" content=\"Werden Sie Partner von Adlice Software. Verdienen Sie Provisionen durch unser Affiliates-Programm. Registrieren Sie sich kostenlos und f\u00f6rdern Sie unsere Sicherheitsl\u00f6sungen.\" \/>\n<meta name=\"robots\" content=\"index, follow, max-snippet:-1, max-image-preview:large, max-video-preview:-1\" \/>\n<link rel=\"canonical\" href=\"https:\/\/www.adlice.com\/de\/partnerprogramm\/\" \/>\n<meta property=\"og:locale\" content=\"de_DE\" \/>\n<meta property=\"og:type\" content=\"article\" \/>\n<meta property=\"og:title\" content=\"Partnerprogramm | Adlice Software Affiliate \u2022 Adlice Software\" \/>\n<meta property=\"og:description\" content=\"Werden Sie Partner von Adlice Software. Verdienen Sie Provisionen durch unser Affiliates-Programm. Registrieren Sie sich kostenlos und f\u00f6rdern Sie unsere Sicherheitsl\u00f6sungen.\" \/>\n<meta property=\"og:url\" content=\"https:\/\/www.adlice.com\/de\/partnerprogramm\/\" \/>\n<meta property=\"og:site_name\" content=\"Adlice Software\" \/>\n<meta property=\"article:publisher\" content=\"https:\/\/www.facebook.com\/RogueKiller\" \/>\n<meta property=\"article:modified_time\" content=\"2026-04-10T07:01:56+00:00\" \/>\n<meta property=\"og:image\" content=\"https:\/\/www.adlice.com\/wp-content\/uploads\/2020\/05\/B1rTNpTG_400x40_10.png\" \/>\n\t<meta property=\"og:image:width\" content=\"276\" \/>\n\t<meta property=\"og:image:height\" content=\"276\" \/>\n\t<meta property=\"og:image:type\" content=\"image\/png\" \/>\n<meta name=\"twitter:card\" content=\"summary_large_image\" \/>\n<meta name=\"twitter:site\" content=\"@AdliceSoftware\" \/>\n<meta name=\"twitter:label1\" content=\"Gesch\u00e4tzte Lesezeit\" \/>\n\t<meta name=\"twitter:data1\" content=\"1\u00a0Minute\" \/>\n<script type=\"application\/ld+json\" class=\"yoast-schema-graph\">{\"@context\":\"https:\/\/schema.org\",\"@graph\":[{\"@type\":\"WebPage\",\"@id\":\"https:\/\/www.adlice.com\/de\/partnerprogramm\/\",\"url\":\"https:\/\/www.adlice.com\/de\/partnerprogramm\/\",\"name\":\"Partnerprogramm | Adlice Software Affiliate \u2022 Adlice Software\",\"isPartOf\":{\"@id\":\"https:\/\/www.adlice.com\/#website\"},\"datePublished\":\"2017-06-06T07:37:27+00:00\",\"dateModified\":\"2026-04-10T07:01:56+00:00\",\"description\":\"Werden Sie Partner von Adlice Software. Verdienen Sie Provisionen durch unser Affiliates-Programm. Registrieren Sie sich kostenlos und f\u00f6rdern Sie unsere Sicherheitsl\u00f6sungen.\",\"breadcrumb\":{\"@id\":\"https:\/\/www.adlice.com\/de\/partnerprogramm\/#breadcrumb\"},\"inLanguage\":\"de\",\"potentialAction\":[{\"@type\":\"ReadAction\",\"target\":[\"https:\/\/www.adlice.com\/de\/partnerprogramm\/\"]}]},{\"@type\":\"BreadcrumbList\",\"@id\":\"https:\/\/www.adlice.com\/de\/partnerprogramm\/#breadcrumb\",\"itemListElement\":[{\"@type\":\"ListItem\",\"position\":1,\"name\":\"Home\",\"item\":\"https:\/\/www.adlice.com\/de\/\"},{\"@type\":\"ListItem\",\"position\":2,\"name\":\"Partnerprogramm\"}]},{\"@type\":\"WebSite\",\"@id\":\"https:\/\/www.adlice.com\/#website\",\"url\":\"https:\/\/www.adlice.com\/\",\"name\":\"Adlice Software\",\"description\":\"Anti-malware and analysis tools\",\"publisher\":{\"@id\":\"https:\/\/www.adlice.com\/#organization\"},\"potentialAction\":[{\"@type\":\"SearchAction\",\"target\":{\"@type\":\"EntryPoint\",\"urlTemplate\":\"https:\/\/www.adlice.com\/?s={search_term_string}\"},\"query-input\":{\"@type\":\"PropertyValueSpecification\",\"valueRequired\":true,\"valueName\":\"search_term_string\"}}],\"inLanguage\":\"de\"},{\"@type\":\"Organization\",\"@id\":\"https:\/\/www.adlice.com\/#organization\",\"name\":\"Adlice Software\",\"url\":\"https:\/\/www.adlice.com\/\",\"logo\":{\"@type\":\"ImageObject\",\"inLanguage\":\"de\",\"@id\":\"https:\/\/www.adlice.com\/#\/schema\/logo\/image\/\",\"url\":\"https:\/\/www.adlice.com\/wp-content\/uploads\/2020\/05\/B1rTNpTG_400x40_10.png\",\"contentUrl\":\"https:\/\/www.adlice.com\/wp-content\/uploads\/2020\/05\/B1rTNpTG_400x40_10.png\",\"width\":276,\"height\":276,\"caption\":\"Adlice Software\"},\"image\":{\"@id\":\"https:\/\/www.adlice.com\/#\/schema\/logo\/image\/\"},\"sameAs\":[\"https:\/\/www.facebook.com\/RogueKiller\",\"https:\/\/x.com\/AdliceSoftware\",\"https:\/\/fr.linkedin.com\/company\/adlice-software\",\"https:\/\/www.youtube.com\/channel\/UC4CQ-gIZMGWxl-auf0QqYhQ\"]}]}<\/script>\n<!-- \/ Yoast SEO plugin. -->","yoast_head_json":{"title":"Partnerprogramm | Adlice Software Affiliate \u2022 Adlice Software","description":"Werden Sie Partner von Adlice Software. Verdienen Sie Provisionen durch unser Affiliates-Programm. Registrieren Sie sich kostenlos und f\u00f6rdern Sie unsere Sicherheitsl\u00f6sungen.","robots":{"index":"index","follow":"follow","max-snippet":"max-snippet:-1","max-image-preview":"max-image-preview:large","max-video-preview":"max-video-preview:-1"},"canonical":"https:\/\/www.adlice.com\/de\/partnerprogramm\/","og_locale":"de_DE","og_type":"article","og_title":"Partnerprogramm | Adlice Software Affiliate \u2022 Adlice Software","og_description":"Werden Sie Partner von Adlice Software. Verdienen Sie Provisionen durch unser Affiliates-Programm. Registrieren Sie sich kostenlos und f\u00f6rdern Sie unsere Sicherheitsl\u00f6sungen.","og_url":"https:\/\/www.adlice.com\/de\/partnerprogramm\/","og_site_name":"Adlice Software","article_publisher":"https:\/\/www.facebook.com\/RogueKiller","article_modified_time":"2026-04-10T07:01:56+00:00","og_image":[{"width":276,"height":276,"url":"https:\/\/www.adlice.com\/wp-content\/uploads\/2020\/05\/B1rTNpTG_400x40_10.png","type":"image\/png"}],"twitter_card":"summary_large_image","twitter_site":"@AdliceSoftware","twitter_misc":{"Gesch\u00e4tzte Lesezeit":"1\u00a0Minute"},"schema":{"@context":"https:\/\/schema.org","@graph":[{"@type":"WebPage","@id":"https:\/\/www.adlice.com\/de\/partnerprogramm\/","url":"https:\/\/www.adlice.com\/de\/partnerprogramm\/","name":"Partnerprogramm | Adlice Software Affiliate \u2022 Adlice Software","isPartOf":{"@id":"https:\/\/www.adlice.com\/#website"},"datePublished":"2017-06-06T07:37:27+00:00","dateModified":"2026-04-10T07:01:56+00:00","description":"Werden Sie Partner von Adlice Software. Verdienen Sie Provisionen durch unser Affiliates-Programm. Registrieren Sie sich kostenlos und f\u00f6rdern Sie unsere Sicherheitsl\u00f6sungen.","breadcrumb":{"@id":"https:\/\/www.adlice.com\/de\/partnerprogramm\/#breadcrumb"},"inLanguage":"de","potentialAction":[{"@type":"ReadAction","target":["https:\/\/www.adlice.com\/de\/partnerprogramm\/"]}]},{"@type":"BreadcrumbList","@id":"https:\/\/www.adlice.com\/de\/partnerprogramm\/#breadcrumb","itemListElement":[{"@type":"ListItem","position":1,"name":"Home","item":"https:\/\/www.adlice.com\/de\/"},{"@type":"ListItem","position":2,"name":"Partnerprogramm"}]},{"@type":"WebSite","@id":"https:\/\/www.adlice.com\/#website","url":"https:\/\/www.adlice.com\/","name":"Adlice Software","description":"Anti-malware and analysis tools","publisher":{"@id":"https:\/\/www.adlice.com\/#organization"},"potentialAction":[{"@type":"SearchAction","target":{"@type":"EntryPoint","urlTemplate":"https:\/\/www.adlice.com\/?s={search_term_string}"},"query-input":{"@type":"PropertyValueSpecification","valueRequired":true,"valueName":"search_term_string"}}],"inLanguage":"de"},{"@type":"Organization","@id":"https:\/\/www.adlice.com\/#organization","name":"Adlice Software","url":"https:\/\/www.adlice.com\/","logo":{"@type":"ImageObject","inLanguage":"de","@id":"https:\/\/www.adlice.com\/#\/schema\/logo\/image\/","url":"https:\/\/www.adlice.com\/wp-content\/uploads\/2020\/05\/B1rTNpTG_400x40_10.png","contentUrl":"https:\/\/www.adlice.com\/wp-content\/uploads\/2020\/05\/B1rTNpTG_400x40_10.png","width":276,"height":276,"caption":"Adlice Software"},"image":{"@id":"https:\/\/www.adlice.com\/#\/schema\/logo\/image\/"},"sameAs":["https:\/\/www.facebook.com\/RogueKiller","https:\/\/x.com\/AdliceSoftware","https:\/\/fr.linkedin.com\/company\/adlice-software","https:\/\/www.youtube.com\/channel\/UC4CQ-gIZMGWxl-auf0QqYhQ"]}]}},"_links":{"self":[{"href":"https:\/\/www.adlice.com\/de\/wp-json\/wp\/v2\/pages\/305859","targetHints":{"allow":["GET"]}}],"collection":[{"href":"https:\/\/www.adlice.com\/de\/wp-json\/wp\/v2\/pages"}],"about":[{"href":"https:\/\/www.adlice.com\/de\/wp-json\/wp\/v2\/types\/page"}],"author":[{"embeddable":true,"href":"https:\/\/www.adlice.com\/de\/wp-json\/wp\/v2\/users\/1"}],"replies":[{"embeddable":true,"href":"https:\/\/www.adlice.com\/de\/wp-json\/wp\/v2\/comments?post=305859"}],"version-history":[{"count":1,"href":"https:\/\/www.adlice.com\/de\/wp-json\/wp\/v2\/pages\/305859\/revisions"}],"predecessor-version":[{"id":305862,"href":"https:\/\/www.adlice.com\/de\/wp-json\/wp\/v2\/pages\/305859\/revisions\/305862"}],"wp:attachment":[{"href":"https:\/\/www.adlice.com\/de\/wp-json\/wp\/v2\/media?parent=305859"}],"curies":[{"name":"wp","href":"https:\/\/api.w.org\/{rel}","templated":true}]}}