{"id":305540,"date":"2026-04-09T15:54:34","date_gmt":"2026-04-09T15:54:34","guid":{"rendered":"https:\/\/www.adlice.com\/ueber-uns\/"},"modified":"2026-04-10T06:23:44","modified_gmt":"2026-04-10T06:23:44","slug":"ueber-uns","status":"publish","type":"page","link":"https:\/\/www.adlice.com\/de\/ueber-uns\/","title":{"rendered":"\u00dcber uns"},"content":{"rendered":"<div class=\"vce-row-container\"><div class=\"vce-row vce-element--has-background vce-row--col-gap-30 vce-row-content--bottom\" data-vce-full-width=\"true\" data-vce-stretch-content=\"true\" id=\"el-1fd643ef\" data-vce-do-apply=\"all el-1fd643ef\"><div class=\"vce-content-background-container\"><\/div><div class=\"vce-row-content\" data-vce-element-content=\"true\"><div class=\"vce-col vce-col--xs-100p vce-col--xs-visible vce-col--xs-last vce-col--xs-first vce-col--sm-100p vce-col--sm-visible vce-col--sm-last vce-col--sm-first vce-col--md-20p vce-col--md-visible vce-col--md-first vce-col--lg-20p vce-col--lg-visible vce-col--lg-first vce-col--xl-20p vce-col--xl-visible vce-col--xl-first\" id=\"el-84d9a269\"><div class=\"vce-col-inner\" data-vce-do-apply=\"border margin background  el-84d9a269\"><div class=\"vce-col-content\" data-vce-element-content=\"true\" data-vce-do-apply=\"padding el-84d9a269\"><div class=\"vcv-row-control-wrapper\"><\/div><\/div><\/div><\/div><div class=\"vce-col vce-col--xs-100p vce-col--xs-visible vce-col--xs-last vce-col--xs-first vce-col--sm-100p vce-col--sm-visible vce-col--sm-last vce-col--sm-first vce-col--md-30p vce-col--md-visible vce-col--lg-30p vce-col--lg-visible vce-col--xl-28-98p vce-col--xl-visible\" id=\"el-d233d452\"><div class=\"vce-col-inner\" data-vce-do-apply=\"border margin background  el-d233d452\"><div class=\"vce-col-content\" data-vce-element-content=\"true\" data-vce-do-apply=\"padding el-d233d452\"><div class=\"vce-text-block\"><div class=\"vce-text-block-wrapper vce\" id=\"el-98bcec35\" data-vce-do-apply=\"all el-98bcec35\"><h2 style=\"font-size: 4em; text-align: left;\"><span style=\"color: #ffffff;\">\u00dcber uns<\/span><\/h2>\n<p><span style=\"color: #ffffff;\">Adlice Software Geschichte &amp; Ziele<\/span><\/p><\/div><\/div><\/div><\/div><\/div><div class=\"vce-col vce-col--xs-100p vce-col--xs-visible vce-col--xs-last vce-col--xs-first vce-col--sm-100p vce-col--sm-visible vce-col--sm-last vce-col--sm-first vce-col--md-30p vce-col--md-visible vce-col--lg-30p vce-col--lg-visible vce-col--xl-31-01p vce-col--xl-visible\" id=\"el-95468a2a\"><div class=\"vce-col-inner\" data-vce-do-apply=\"border margin background  el-95468a2a\"><div class=\"vce-col-content\" data-vce-element-content=\"true\" data-vce-do-apply=\"padding el-95468a2a\"><div class=\"vcv-row-control-wrapper\"><\/div><\/div><\/div><\/div><div class=\"vce-col vce-col--xs-100p vce-col--xs-visible vce-col--xs-last vce-col--xs-first vce-col--sm-100p vce-col--sm-visible vce-col--sm-last vce-col--sm-first vce-col--md-20p vce-col--md-visible vce-col--md-last vce-col--lg-20p vce-col--lg-visible vce-col--lg-last vce-col--xl-20p vce-col--xl-visible vce-col--xl-last\" id=\"el-38235460\"><div class=\"vce-col-inner\" data-vce-do-apply=\"border margin background  el-38235460\"><div class=\"vce-col-content\" data-vce-element-content=\"true\" data-vce-do-apply=\"padding el-38235460\"><div class=\"vcv-row-control-wrapper\"><\/div><\/div><\/div><\/div><\/div><\/div><\/div><div class=\"vce-row-container\"><div class=\"vce-row vce-row--col-gap-30 vce-row-content--top\" data-vce-full-width=\"true\" data-vce-stretch-content=\"true\" id=\"el-280e8631\" data-vce-do-apply=\"all el-280e8631\"><div class=\"vce-row-content\" data-vce-element-content=\"true\"><div class=\"vce-col vce-col--md-auto vce-col--xs-1 vce-col--xs-last vce-col--xs-first vce-col--sm-last vce-col--sm-first vce-col--md-last vce-col--lg-last vce-col--xl-last vce-col--md-first vce-col--lg-first vce-col--xl-first\" id=\"el-91b93718\"><div class=\"vce-col-inner\" data-vce-do-apply=\"border margin background  el-91b93718\"><div class=\"vce-col-content\" data-vce-element-content=\"true\" data-vce-do-apply=\"padding el-91b93718\"><div class=\"vce vce-separator-with-icon-container vce-separator-with-icon--align-center\" id=\"el-40312408\" data-vce-do-apply=\"margin el-40312408\"><div class=\"vce-separator-with-icon vce-separator-with-icon--color-b-191-192-193 vce-separator-with-icon--width-100\" data-vce-do-apply=\"border padding background  el-40312408\"><div class=\"vce-separator-with-icon--line vce-separator-with-icon--line--style-solid vce-separator-with-icon-line--thickness-2 vce-separator-with-icon--line-left\"><\/div><div class=\"vce-separator-with-icon--icon vce-icon vce-separator-with-icon--icon--style-shape-none vce-separator-with-icon--icon--style-size-large vce-separator-with-icon--icon--style-color-b-230-126-34 vce-separator-with-icon--icon--style-shape-color-3cb878\"><svg xmlns=\"https:\/\/www.w3.org\/2000\/svg\" viewBox=\"0 0 769 769\"><path stroke-width=\"40\" d=\"M565.755 696.27h-360l-180-311.77 180-311.77h360l180 311.77z\"><\/path><\/svg><span class=\"vce-icon-container fas fa-arrow-circle-down\"><\/span><\/div><div class=\"vce-separator-with-icon--line vce-separator-with-icon--line--style-solid vce-separator-with-icon-line--thickness-2 vce-separator-with-icon--line-right\"><\/div><\/div><\/div><\/div><\/div><\/div><\/div><\/div><\/div><div class=\"vce-row-container\"><div class=\"vce-row vce-row--col-gap-30 vce-row-content--top\" data-vce-full-width=\"true\" data-vce-stretch-content=\"true\" id=\"el-6780cd8a\" data-vce-do-apply=\"all el-6780cd8a\"><div class=\"vce-row-content\" data-vce-element-content=\"true\"><div class=\"vce-col vce-col--md-19-64p vce-col--xs-1 vce-col--xs-last vce-col--xs-first vce-col--sm-last vce-col--sm-first vce-col--md-first vce-col--lg-first vce-col--xl-first\" id=\"el-77ff10d4\"><div class=\"vce-col-inner\" data-vce-do-apply=\"border margin background  el-77ff10d4\"><div class=\"vce-col-content\" data-vce-element-content=\"true\" data-vce-do-apply=\"padding el-77ff10d4\"><div class=\"vcv-row-control-wrapper\"><\/div><\/div><\/div><\/div><div class=\"vce-col vce-col--md-30-36p vce-col--xs-1 vce-col--xs-last vce-col--xs-first vce-col--sm-last vce-col--sm-first\" id=\"el-2e8b4dcd\"><div class=\"vce-col-inner\" data-vce-do-apply=\"border margin background  el-2e8b4dcd\"><div class=\"vce-col-content\" data-vce-element-content=\"true\" data-vce-do-apply=\"padding el-2e8b4dcd\"><div class=\"vce-single-image-container vce-single-image--align-center\"><div class=\"vce vce-single-image-wrapper\" id=\"el-ca59a2e3\" data-vce-do-apply=\"all el-ca59a2e3\"><figure><div class=\"vce-single-image-figure-inner\" style=\"width: 300px;\"><div class=\"vce-single-image-inner vce-single-image--absolute\" style=\"width: 100%; padding-bottom: 100%;\"><img decoding=\"async\" class=\"vce-single-image\"  width=\"300\" height=\"300\" srcset=\"https:\/\/www.adlice.com\/wp-content\/uploads\/2026\/04\/company-300x300.png 300w\" src=\"https:\/\/www.adlice.com\/wp-content\/uploads\/2026\/04\/company-300x300.png\" data-img-src=\"https:\/\/www.adlice.com\/wp-content\/uploads\/2020\/06\/company.png\" data-attachment-id=\"3966\"  alt=\"\" title=\"Unternehmen\" \/><\/div><\/div><figcaption hidden=\"\"><\/figcaption><\/figure><\/div><\/div><\/div><\/div><\/div><div class=\"vce-col vce-col--md-30-36p vce-col--xs-1 vce-col--xs-last vce-col--xs-first vce-col--sm-last vce-col--sm-first\" id=\"el-e4c42e0a\"><div class=\"vce-col-inner\" data-vce-do-apply=\"border margin background  el-e4c42e0a\"><div class=\"vce-col-content\" data-vce-element-content=\"true\" data-vce-do-apply=\"padding el-e4c42e0a\"><section class=\"vce-call-to-action-container vce-call-to-action-media--xs\"><div class=\"vce vce-call-to-action vce-call-to-action--alignment-start\" id=\"el-1bd92eee\" data-vce-do-apply=\"margin  el-1bd92eee\"><div class=\"vce-call-to-action--wrap-row vce-call-to-action--background-color-empty--45--473070--C08045 vce-call-to-action--shape-square vce-call-to-action-do-background-color\" data-vce-do-apply=\"background border el-1bd92eee\"><div class=\"vce-call-to-action--wrap\"><div class=\"vce-call-to-action--content\" data-vce-do-apply=\"padding el-1bd92eee\"><div class=\"vce-call-to-action--content-container\"><h2><span style=\"color: #273c75;\">Geschichte<\/span><\/h2>\n<p><span style=\"color: #333333;\"><strong>Adlice Software begann im Jahr 2010<\/strong>, als das ZeroAccess-Rootkit Heimcomputer verw\u00fcstete und das <strong>Internet voll von betr\u00fcgerischer Software<\/strong> war.<\/span><\/p>\n<p><span style=\"color: #333333;\"><br>Zu dieser Zeit entwickelte unser Gr\u00fcnder Julien <strong>eine sehr einfache Rogue-Killer-Software<\/strong>, die sehr schnell an Popularit\u00e4t gewann. Heute wurde unser Flaggschiff bereits <strong>20 Millionen Mal heruntergeladen<\/strong>.&nbsp;<\/span><\/p><\/div><div class=\"vce-button--style-basic-container vce-button--style-basic-container--align-left\"><span class=\"vce-button--style-basic-wrapper vce\" id=\"el-18c93061\" data-vce-do-apply=\"margin el-18c93061\"><a class=\"vce-button vce-button--style-basic vce-button--style-basic--border-rounded vce-button--style-basic--size-medium vce-button--style-basic--color-b-39-60-117--fff\" href=\"https:\/\/www.adlice.com\/roguekiller\/\" title=\"\" target=\"_blank\" data-vce-do-apply=\"padding border background  el-18c93061\">Werfen Sie einen Blick darauf<\/a><\/span><\/div><\/div><\/div><\/div><\/div><\/section><\/div><\/div><\/div><div class=\"vce-col vce-col--md-19-64p vce-col--xs-1 vce-col--xs-last vce-col--xs-first vce-col--sm-last vce-col--sm-first vce-col--md-last vce-col--lg-last vce-col--xl-last\" id=\"el-911c71ea\"><div class=\"vce-col-inner\" data-vce-do-apply=\"border margin background  el-911c71ea\"><div class=\"vce-col-content\" data-vce-element-content=\"true\" data-vce-do-apply=\"padding el-911c71ea\"><div class=\"vcv-row-control-wrapper\"><\/div><\/div><\/div><\/div><\/div><\/div><\/div><div class=\"vce-row-container\"><div class=\"vce-row vce-row--col-gap-30 vce-row-content--top\" data-vce-full-width=\"true\" data-vce-stretch-content=\"true\" id=\"el-7d7c9a1a\" data-vce-do-apply=\"all el-7d7c9a1a\"><div class=\"vce-row-content\" data-vce-element-content=\"true\"><div class=\"vce-col vce-col--md-19-64p vce-col--xs-1 vce-col--xs-last vce-col--xs-first vce-col--sm-last vce-col--sm-first vce-col--md-first vce-col--lg-first vce-col--xl-first\" id=\"el-aa0507e1\"><div class=\"vce-col-inner\" data-vce-do-apply=\"border margin background  el-aa0507e1\"><div class=\"vce-col-content\" data-vce-element-content=\"true\" data-vce-do-apply=\"padding el-aa0507e1\"><div class=\"vcv-row-control-wrapper\"><\/div><\/div><\/div><\/div><div class=\"vce-col vce-col--md-30-36p vce-col--xs-1 vce-col--xs-last vce-col--xs-first vce-col--sm-last vce-col--sm-first\" id=\"el-82f37e76\"><div class=\"vce-col-inner\" data-vce-do-apply=\"border margin background  el-82f37e76\"><div class=\"vce-col-content\" data-vce-element-content=\"true\" data-vce-do-apply=\"padding el-82f37e76\"><section class=\"vce-call-to-action-container vce-call-to-action-media--xs\"><div class=\"vce vce-call-to-action vce-call-to-action--alignment-start\" id=\"el-7be65606\" data-vce-do-apply=\"margin  el-7be65606\"><div class=\"vce-call-to-action--wrap-row vce-call-to-action--background-color-empty--45--473070--C08045 vce-call-to-action--shape-square vce-call-to-action-do-background-color\" data-vce-do-apply=\"background border el-7be65606\"><div class=\"vce-call-to-action--wrap\"><div class=\"vce-call-to-action--content\" data-vce-do-apply=\"padding el-7be65606\"><div class=\"vce-call-to-action--content-container\"><h2><span style=\"color: #273c75;\">Unsere Mission<\/span><\/h2>\n<p><span style=\"color: #333333;\">Unser Ziel ist ganz einfach: Wir bieten Software an, um <strong>Menschen auf jeder Ebene zu sch\u00fctzen<\/strong>.<\/span><\/p>\n<p><span style=\"color: #333333;\">&nbsp;<\/span><\/p>\n<p><span style=\"color: #333333;\">Wir sind in der Lage, die Bed\u00fcrfnisse aller zu erf\u00fcllen:<\/span><\/p>\n<p><span style=\"color: #333333;\">- <strong>Heimanwender<\/strong> (Schutz)<\/span><\/p>\n<p><span style=\"color: #333333;\">- <strong>Forscher<\/strong> (Analyse-Tools)<\/span><\/p>\n<p><span style=\"color: #333333;\">- <strong>Unternehmen<\/strong> (Techniker-Tools &amp; Websites).<\/span><\/p><\/div><div class=\"vce-button--style-basic-container vce-button--style-basic-container--align-left\"><span class=\"vce-button--style-basic-wrapper vce\" id=\"el-18c93061\" data-vce-do-apply=\"margin el-18c93061\"><a class=\"vce-button vce-button--style-basic vce-button--style-basic--border-rounded vce-button--style-basic--size-medium vce-button--style-basic--color-b-39-60-117--fff\" href=\"https:\/\/www.adlice.com\" title=\"\" target=\"_blank\" data-vce-do-apply=\"padding border background  el-18c93061\">Unsere Produkte<\/a><\/span><\/div><\/div><\/div><\/div><\/div><\/section><\/div><\/div><\/div><div class=\"vce-col vce-col--md-30-57p vce-col--xs-1 vce-col--xs-last vce-col--xs-first vce-col--sm-last vce-col--sm-first\" id=\"el-d0170d41\"><div class=\"vce-col-inner\" data-vce-do-apply=\"border margin background  el-d0170d41\"><div class=\"vce-col-content\" data-vce-element-content=\"true\" data-vce-do-apply=\"padding el-d0170d41\"><div class=\"vce-single-image-container vce-single-image--align-center\"><div class=\"vce vce-single-image-wrapper\" id=\"el-1cc3a2dc\" data-vce-do-apply=\"all el-1cc3a2dc\"><figure><div class=\"vce-single-image-figure-inner\" style=\"width: 300px;\"><div class=\"vce-single-image-inner vce-single-image--absolute\" style=\"width: 100%; padding-bottom: 100%;\"><img decoding=\"async\" class=\"vce-single-image\"  width=\"300\" height=\"300\" srcset=\"https:\/\/www.adlice.com\/wp-content\/uploads\/2026\/04\/mission-300x300.png 300w\" src=\"https:\/\/www.adlice.com\/wp-content\/uploads\/2026\/04\/mission-300x300.png\" data-img-src=\"https:\/\/www.adlice.com\/wp-content\/uploads\/2020\/06\/mission.png\" data-attachment-id=\"3968\"  alt=\"\" title=\"Mission\" \/><\/div><\/div><figcaption hidden=\"\"><\/figcaption><\/figure><\/div><\/div><\/div><\/div><\/div><div class=\"vce-col vce-col--md-19-43p vce-col--xs-1 vce-col--xs-last vce-col--xs-first vce-col--sm-last vce-col--sm-first vce-col--md-last vce-col--lg-last vce-col--xl-last\" id=\"el-3ae29034\"><div class=\"vce-col-inner\" data-vce-do-apply=\"border margin background  el-3ae29034\"><div class=\"vce-col-content\" data-vce-element-content=\"true\" data-vce-do-apply=\"padding el-3ae29034\"><div class=\"vcv-row-control-wrapper\"><\/div><\/div><\/div><\/div><\/div><\/div><\/div><div class=\"vce-row-container\" data-vce-boxed-width=\"true\"><div class=\"vce-row vce-row--col-gap-30 vce-row-content--top\" id=\"el-d503c5f4\" data-vce-do-apply=\"all el-d503c5f4\"><div class=\"vce-row-content\" data-vce-element-content=\"true\"><div class=\"vce-col vce-col--md-auto vce-col--xs-1 vce-col--xs-last vce-col--xs-first vce-col--sm-last vce-col--sm-first vce-col--md-last vce-col--lg-last vce-col--xl-last vce-col--md-first vce-col--lg-first vce-col--xl-first\" id=\"el-8fc3bf55\"><div class=\"vce-col-inner\" data-vce-do-apply=\"border margin background  el-8fc3bf55\"><div class=\"vce-col-content\" data-vce-element-content=\"true\" data-vce-do-apply=\"padding el-8fc3bf55\"><div class=\"vce-text-block\"><div class=\"vce-text-block-wrapper vce\" id=\"el-0e3cfbb1\" data-vce-do-apply=\"all el-0e3cfbb1\"><p style=\"text-align: center;\"><strong>Adlice Software<\/strong>, BP 20005. Sautron, Frankreich. MwSt: FR68938754702<\/p><\/div><\/div><\/div><\/div><\/div><\/div><\/div><\/div>","protected":false},"excerpt":{"rendered":"<p>\u00dcber uns Adlice Software Geschichte &amp; ZieleGeschichte Adlice Software begann im Jahr 2010, als das ZeroAccess-Rootkit Heimcomputer verw\u00fcstete und das Internet voll von betr\u00fcgerischer Software war. Zu dieser Zeit entwickelte unser Gr\u00fcnder Julien eine sehr einfache Rogue-Killer-Software, die sehr schnell an Popularit\u00e4t gewann. Heute wurde unser Flaggschiff bereits 20 Millionen Mal heruntergeladen.&nbsp;Werfen Sie einen Blick&hellip;<\/p>\n","protected":false},"author":1,"featured_media":0,"parent":0,"menu_order":0,"comment_status":"closed","ping_status":"closed","template":"","meta":{"footnotes":""},"class_list":["post-305540","page","type-page","status-publish","hentry","description-off"],"views":0,"featured_image_src":null,"yoast_head":"<!-- This site is optimized with the Yoast SEO plugin v27.1.1 - https:\/\/yoast.com\/product\/yoast-seo-wordpress\/ -->\n<title>\u00dcber uns &amp; Pr\u00e4sentation | Wer ist Adlice Software?<\/title>\n<meta name=\"description\" content=\"Adlice Software ist eines der innovativsten Softwareunternehmen und bietet weltweit Sicherheitsprodukte an. Lieferung aus Frankreich seit 2010. \u00dcber uns.\" \/>\n<meta name=\"robots\" content=\"index, follow, max-snippet:-1, max-image-preview:large, max-video-preview:-1\" \/>\n<link rel=\"canonical\" href=\"https:\/\/www.adlice.com\/de\/ueber-uns\/\" \/>\n<meta property=\"og:locale\" content=\"de_DE\" \/>\n<meta property=\"og:type\" content=\"article\" \/>\n<meta property=\"og:title\" content=\"\u00dcber uns &amp; Pr\u00e4sentation | Wer ist Adlice Software?\" \/>\n<meta property=\"og:description\" content=\"Adlice Software ist eines der innovativsten Softwareunternehmen und bietet weltweit Sicherheitsprodukte an. Lieferung aus Frankreich seit 2010. \u00dcber uns.\" \/>\n<meta property=\"og:url\" content=\"https:\/\/www.adlice.com\/de\/ueber-uns\/\" \/>\n<meta property=\"og:site_name\" content=\"Adlice Software\" \/>\n<meta property=\"article:publisher\" content=\"https:\/\/www.facebook.com\/RogueKiller\" \/>\n<meta property=\"article:modified_time\" content=\"2026-04-10T06:23:44+00:00\" \/>\n<meta property=\"og:image\" content=\"https:\/\/www.adlice.com\/wp-content\/uploads\/2020\/05\/B1rTNpTG_400x40_10.png\" \/>\n\t<meta property=\"og:image:width\" content=\"276\" \/>\n\t<meta property=\"og:image:height\" content=\"276\" \/>\n\t<meta property=\"og:image:type\" content=\"image\/png\" \/>\n<meta name=\"twitter:card\" content=\"summary_large_image\" \/>\n<meta name=\"twitter:site\" content=\"@AdliceSoftware\" \/>\n<meta name=\"twitter:label1\" content=\"Gesch\u00e4tzte Lesezeit\" \/>\n\t<meta name=\"twitter:data1\" content=\"1\u00a0Minute\" \/>\n<script type=\"application\/ld+json\" class=\"yoast-schema-graph\">{\"@context\":\"https:\/\/schema.org\",\"@graph\":[{\"@type\":\"WebPage\",\"@id\":\"https:\/\/www.adlice.com\/de\/ueber-uns\/\",\"url\":\"https:\/\/www.adlice.com\/de\/ueber-uns\/\",\"name\":\"\u00dcber uns & Pr\u00e4sentation | Wer ist Adlice Software?\",\"isPartOf\":{\"@id\":\"https:\/\/www.adlice.com\/#website\"},\"datePublished\":\"2026-04-09T15:54:34+00:00\",\"dateModified\":\"2026-04-10T06:23:44+00:00\",\"description\":\"Adlice Software ist eines der innovativsten Softwareunternehmen und bietet weltweit Sicherheitsprodukte an. Lieferung aus Frankreich seit 2010. \u00dcber uns.\",\"breadcrumb\":{\"@id\":\"https:\/\/www.adlice.com\/de\/ueber-uns\/#breadcrumb\"},\"inLanguage\":\"de\",\"potentialAction\":[{\"@type\":\"ReadAction\",\"target\":[\"https:\/\/www.adlice.com\/de\/ueber-uns\/\"]}]},{\"@type\":\"BreadcrumbList\",\"@id\":\"https:\/\/www.adlice.com\/de\/ueber-uns\/#breadcrumb\",\"itemListElement\":[{\"@type\":\"ListItem\",\"position\":1,\"name\":\"Home\",\"item\":\"https:\/\/www.adlice.com\/de\/\"},{\"@type\":\"ListItem\",\"position\":2,\"name\":\"\u00dcber uns\"}]},{\"@type\":\"WebSite\",\"@id\":\"https:\/\/www.adlice.com\/#website\",\"url\":\"https:\/\/www.adlice.com\/\",\"name\":\"Adlice Software\",\"description\":\"Anti-malware and analysis tools\",\"publisher\":{\"@id\":\"https:\/\/www.adlice.com\/#organization\"},\"potentialAction\":[{\"@type\":\"SearchAction\",\"target\":{\"@type\":\"EntryPoint\",\"urlTemplate\":\"https:\/\/www.adlice.com\/?s={search_term_string}\"},\"query-input\":{\"@type\":\"PropertyValueSpecification\",\"valueRequired\":true,\"valueName\":\"search_term_string\"}}],\"inLanguage\":\"de\"},{\"@type\":\"Organization\",\"@id\":\"https:\/\/www.adlice.com\/#organization\",\"name\":\"Adlice Software\",\"url\":\"https:\/\/www.adlice.com\/\",\"logo\":{\"@type\":\"ImageObject\",\"inLanguage\":\"de\",\"@id\":\"https:\/\/www.adlice.com\/#\/schema\/logo\/image\/\",\"url\":\"https:\/\/www.adlice.com\/wp-content\/uploads\/2020\/05\/B1rTNpTG_400x40_10.png\",\"contentUrl\":\"https:\/\/www.adlice.com\/wp-content\/uploads\/2020\/05\/B1rTNpTG_400x40_10.png\",\"width\":276,\"height\":276,\"caption\":\"Adlice Software\"},\"image\":{\"@id\":\"https:\/\/www.adlice.com\/#\/schema\/logo\/image\/\"},\"sameAs\":[\"https:\/\/www.facebook.com\/RogueKiller\",\"https:\/\/x.com\/AdliceSoftware\",\"https:\/\/fr.linkedin.com\/company\/adlice-software\",\"https:\/\/www.youtube.com\/channel\/UC4CQ-gIZMGWxl-auf0QqYhQ\"]}]}<\/script>\n<!-- \/ Yoast SEO plugin. -->","yoast_head_json":{"title":"\u00dcber uns & Pr\u00e4sentation | Wer ist Adlice Software?","description":"Adlice Software ist eines der innovativsten Softwareunternehmen und bietet weltweit Sicherheitsprodukte an. Lieferung aus Frankreich seit 2010. \u00dcber uns.","robots":{"index":"index","follow":"follow","max-snippet":"max-snippet:-1","max-image-preview":"max-image-preview:large","max-video-preview":"max-video-preview:-1"},"canonical":"https:\/\/www.adlice.com\/de\/ueber-uns\/","og_locale":"de_DE","og_type":"article","og_title":"\u00dcber uns & Pr\u00e4sentation | Wer ist Adlice Software?","og_description":"Adlice Software ist eines der innovativsten Softwareunternehmen und bietet weltweit Sicherheitsprodukte an. Lieferung aus Frankreich seit 2010. \u00dcber uns.","og_url":"https:\/\/www.adlice.com\/de\/ueber-uns\/","og_site_name":"Adlice Software","article_publisher":"https:\/\/www.facebook.com\/RogueKiller","article_modified_time":"2026-04-10T06:23:44+00:00","og_image":[{"width":276,"height":276,"url":"https:\/\/www.adlice.com\/wp-content\/uploads\/2020\/05\/B1rTNpTG_400x40_10.png","type":"image\/png"}],"twitter_card":"summary_large_image","twitter_site":"@AdliceSoftware","twitter_misc":{"Gesch\u00e4tzte Lesezeit":"1\u00a0Minute"},"schema":{"@context":"https:\/\/schema.org","@graph":[{"@type":"WebPage","@id":"https:\/\/www.adlice.com\/de\/ueber-uns\/","url":"https:\/\/www.adlice.com\/de\/ueber-uns\/","name":"\u00dcber uns & Pr\u00e4sentation | Wer ist Adlice Software?","isPartOf":{"@id":"https:\/\/www.adlice.com\/#website"},"datePublished":"2026-04-09T15:54:34+00:00","dateModified":"2026-04-10T06:23:44+00:00","description":"Adlice Software ist eines der innovativsten Softwareunternehmen und bietet weltweit Sicherheitsprodukte an. Lieferung aus Frankreich seit 2010. \u00dcber uns.","breadcrumb":{"@id":"https:\/\/www.adlice.com\/de\/ueber-uns\/#breadcrumb"},"inLanguage":"de","potentialAction":[{"@type":"ReadAction","target":["https:\/\/www.adlice.com\/de\/ueber-uns\/"]}]},{"@type":"BreadcrumbList","@id":"https:\/\/www.adlice.com\/de\/ueber-uns\/#breadcrumb","itemListElement":[{"@type":"ListItem","position":1,"name":"Home","item":"https:\/\/www.adlice.com\/de\/"},{"@type":"ListItem","position":2,"name":"\u00dcber uns"}]},{"@type":"WebSite","@id":"https:\/\/www.adlice.com\/#website","url":"https:\/\/www.adlice.com\/","name":"Adlice Software","description":"Anti-malware and analysis tools","publisher":{"@id":"https:\/\/www.adlice.com\/#organization"},"potentialAction":[{"@type":"SearchAction","target":{"@type":"EntryPoint","urlTemplate":"https:\/\/www.adlice.com\/?s={search_term_string}"},"query-input":{"@type":"PropertyValueSpecification","valueRequired":true,"valueName":"search_term_string"}}],"inLanguage":"de"},{"@type":"Organization","@id":"https:\/\/www.adlice.com\/#organization","name":"Adlice Software","url":"https:\/\/www.adlice.com\/","logo":{"@type":"ImageObject","inLanguage":"de","@id":"https:\/\/www.adlice.com\/#\/schema\/logo\/image\/","url":"https:\/\/www.adlice.com\/wp-content\/uploads\/2020\/05\/B1rTNpTG_400x40_10.png","contentUrl":"https:\/\/www.adlice.com\/wp-content\/uploads\/2020\/05\/B1rTNpTG_400x40_10.png","width":276,"height":276,"caption":"Adlice Software"},"image":{"@id":"https:\/\/www.adlice.com\/#\/schema\/logo\/image\/"},"sameAs":["https:\/\/www.facebook.com\/RogueKiller","https:\/\/x.com\/AdliceSoftware","https:\/\/fr.linkedin.com\/company\/adlice-software","https:\/\/www.youtube.com\/channel\/UC4CQ-gIZMGWxl-auf0QqYhQ"]}]}},"_links":{"self":[{"href":"https:\/\/www.adlice.com\/de\/wp-json\/wp\/v2\/pages\/305540","targetHints":{"allow":["GET"]}}],"collection":[{"href":"https:\/\/www.adlice.com\/de\/wp-json\/wp\/v2\/pages"}],"about":[{"href":"https:\/\/www.adlice.com\/de\/wp-json\/wp\/v2\/types\/page"}],"author":[{"embeddable":true,"href":"https:\/\/www.adlice.com\/de\/wp-json\/wp\/v2\/users\/1"}],"replies":[{"embeddable":true,"href":"https:\/\/www.adlice.com\/de\/wp-json\/wp\/v2\/comments?post=305540"}],"version-history":[{"count":3,"href":"https:\/\/www.adlice.com\/de\/wp-json\/wp\/v2\/pages\/305540\/revisions"}],"predecessor-version":[{"id":305835,"href":"https:\/\/www.adlice.com\/de\/wp-json\/wp\/v2\/pages\/305540\/revisions\/305835"}],"wp:attachment":[{"href":"https:\/\/www.adlice.com\/de\/wp-json\/wp\/v2\/media?parent=305540"}],"curies":[{"name":"wp","href":"https:\/\/api.w.org\/{rel}","templated":true}]}}